{"id":39148,"date":"2024-05-28T10:06:37","date_gmt":"2024-05-28T10:06:37","guid":{"rendered":"https:\/\/papteam.com\/?post_type=product&#038;p=39148"},"modified":"2025-04-24T06:59:48","modified_gmt":"2025-04-24T06:59:48","slug":"throttle-off-grid-pull-starter-cruise-control","status":"publish","type":"product","link":"https:\/\/papteam.com\/es\/producto\/throttle-off-grid-pull-starter-cruise-control\/","title":{"rendered":"ACELERADOR OFF-GRID (ARRANQUE MANUAL) (Control de crucero)"},"content":{"rendered":"<ul>\n<li>Maneta de acelerador universal, apta para uso con la mano derecha o izquierda con motores de arranque el\u00e9ctrico.<\/li>\n<li>Su dise\u00f1o vers\u00e1til permite montarlo f\u00e1cilmente a la derecha o a la izquierda.<\/li>\n<li>Control de crucero de precisi\u00f3n, f\u00e1cilmente desconectable con un toque del gatillo. La posici\u00f3n del control de crucero se mantiene en la memoria.<\/li>\n<li>Vuelva a activarlo para volver instant\u00e1neamente al ajuste anterior.<\/li>\n<li>Orgullosamente fabricado en EE.UU.<\/li>\n<\/ul>","protected":false},"excerpt":{"rendered":"<p>Universal Throttle Handle, suitable for right or left hand use with electric starter engines. Versatile design allows for easy mounting on either the right or left hand side. Precision cruise control, easily disengaged with a trigger touch. Cruise control position is retained in memory. Re-engage to instantly return to the previous setting. Proudly manufactured in [&hellip;]<\/p>\n","protected":false},"featured_media":39150,"comment_status":"open","ping_status":"closed","template":"","meta":{"content-type":""},"product_brand":[],"product_cat":[5579],"product_tag":[],"class_list":{"0":"post-39148","1":"product","2":"type-product","3":"status-publish","4":"has-post-thumbnail","6":"product_cat-throttle","8":"first","9":"instock","10":"taxable","11":"shipping-taxable","12":"purchasable","13":"product-type-variable"},"yoast_head":"<!-- This site is optimized with the Yoast SEO Premium plugin v24.0 (Yoast SEO v27.4) - https:\/\/yoast.com\/product\/yoast-seo-premium-wordpress\/ -->\n<title>THROTTLE OFF-GRID (PULL STARTER) (Cruise Control) - PAPTEAM<\/title>\n<meta name=\"robots\" content=\"index, follow, max-snippet:-1, max-image-preview:large, max-video-preview:-1\" \/>\n<link rel=\"canonical\" href=\"https:\/\/papteam.com\/es\/producto\/throttle-off-grid-pull-starter-cruise-control\/\" \/>\n<meta property=\"og:locale\" content=\"es_ES\" \/>\n<meta property=\"og:type\" content=\"article\" \/>\n<meta property=\"og:title\" content=\"THROTTLE OFF-GRID (PULL STARTER) (Cruise Control)\" \/>\n<meta property=\"og:description\" content=\"Universal Throttle Handle, suitable for right or left hand use with electric starter engines. Versatile design allows for easy mounting on either the right or left hand side. Precision cruise control, easily disengaged with a trigger touch. Cruise control position is retained in memory. Re-engage to instantly return to the previous setting. Proudly manufactured in [&hellip;]\" \/>\n<meta property=\"og:url\" content=\"https:\/\/papteam.com\/es\/producto\/throttle-off-grid-pull-starter-cruise-control\/\" \/>\n<meta property=\"og:site_name\" content=\"PAPTEAM\" \/>\n<meta property=\"article:publisher\" content=\"https:\/\/www.facebook.com\/people\/PAP-Team-Paramotors\/100063510435411\/?locale=es_ES\" \/>\n<meta property=\"article:modified_time\" content=\"2025-04-24T06:59:48+00:00\" \/>\n<meta property=\"og:image\" content=\"https:\/\/papteam.com\/wp-content\/uploads\/2024\/05\/1.png\" \/>\n\t<meta property=\"og:image:width\" content=\"1000\" \/>\n\t<meta property=\"og:image:height\" content=\"1000\" \/>\n\t<meta property=\"og:image:type\" content=\"image\/png\" \/>\n<meta name=\"twitter:card\" content=\"summary_large_image\" \/>\n<meta name=\"twitter:label1\" content=\"Est. reading time\" \/>\n\t<meta name=\"twitter:data1\" content=\"1 minute\" \/>\n<script type=\"application\/ld+json\" class=\"yoast-schema-graph\">{\"@context\":\"https:\\\/\\\/schema.org\",\"@graph\":[{\"@type\":\"WebPage\",\"@id\":\"https:\\\/\\\/papteam.com\\\/producto\\\/throttle-off-grid-pull-starter-cruise-control\\\/\",\"url\":\"https:\\\/\\\/papteam.com\\\/producto\\\/throttle-off-grid-pull-starter-cruise-control\\\/\",\"name\":\"THROTTLE OFF-GRID (PULL STARTER) (Cruise Control) - PAPTEAM\",\"isPartOf\":{\"@id\":\"https:\\\/\\\/papteam.com\\\/#website\"},\"primaryImageOfPage\":{\"@id\":\"https:\\\/\\\/papteam.com\\\/producto\\\/throttle-off-grid-pull-starter-cruise-control\\\/#primaryimage\"},\"image\":{\"@id\":\"https:\\\/\\\/papteam.com\\\/producto\\\/throttle-off-grid-pull-starter-cruise-control\\\/#primaryimage\"},\"thumbnailUrl\":\"https:\\\/\\\/papteam.com\\\/wp-content\\\/uploads\\\/2024\\\/05\\\/1.png\",\"datePublished\":\"2024-05-28T10:06:37+00:00\",\"dateModified\":\"2025-04-24T06:59:48+00:00\",\"breadcrumb\":{\"@id\":\"https:\\\/\\\/papteam.com\\\/producto\\\/throttle-off-grid-pull-starter-cruise-control\\\/#breadcrumb\"},\"inLanguage\":\"en-US\",\"potentialAction\":[{\"@type\":\"ReadAction\",\"target\":[\"https:\\\/\\\/papteam.com\\\/producto\\\/throttle-off-grid-pull-starter-cruise-control\\\/\"]}]},{\"@type\":\"ImageObject\",\"inLanguage\":\"en-US\",\"@id\":\"https:\\\/\\\/papteam.com\\\/producto\\\/throttle-off-grid-pull-starter-cruise-control\\\/#primaryimage\",\"url\":\"https:\\\/\\\/papteam.com\\\/wp-content\\\/uploads\\\/2024\\\/05\\\/1.png\",\"contentUrl\":\"https:\\\/\\\/papteam.com\\\/wp-content\\\/uploads\\\/2024\\\/05\\\/1.png\",\"width\":1000,\"height\":1000},{\"@type\":\"BreadcrumbList\",\"@id\":\"https:\\\/\\\/papteam.com\\\/producto\\\/throttle-off-grid-pull-starter-cruise-control\\\/#breadcrumb\",\"itemListElement\":[{\"@type\":\"ListItem\",\"position\":1,\"name\":\"Portada\",\"item\":\"https:\\\/\\\/papteam.com\\\/\"},{\"@type\":\"ListItem\",\"position\":2,\"name\":\"Productos\",\"item\":\"https:\\\/\\\/papteam.com\\\/es\\\/tienda\\\/\"},{\"@type\":\"ListItem\",\"position\":3,\"name\":\"THROTTLE OFF-GRID (PULL STARTER) (Cruise Control)\"}]},{\"@type\":\"WebSite\",\"@id\":\"https:\\\/\\\/papteam.com\\\/#website\",\"url\":\"https:\\\/\\\/papteam.com\\\/\",\"name\":\"PAPTEAM\",\"description\":\"\",\"publisher\":{\"@id\":\"https:\\\/\\\/papteam.com\\\/#organization\"},\"potentialAction\":[{\"@type\":\"SearchAction\",\"target\":{\"@type\":\"EntryPoint\",\"urlTemplate\":\"https:\\\/\\\/papteam.com\\\/?s={search_term_string}\"},\"query-input\":{\"@type\":\"PropertyValueSpecification\",\"valueRequired\":true,\"valueName\":\"search_term_string\"}}],\"inLanguage\":\"en-US\"},{\"@type\":\"Organization\",\"@id\":\"https:\\\/\\\/papteam.com\\\/#organization\",\"name\":\"PAP paramotors\",\"url\":\"https:\\\/\\\/papteam.com\\\/\",\"logo\":{\"@type\":\"ImageObject\",\"inLanguage\":\"en-US\",\"@id\":\"https:\\\/\\\/papteam.com\\\/#\\\/schema\\\/logo\\\/image\\\/\",\"url\":\"https:\\\/\\\/papteam.com\\\/wp-content\\\/uploads\\\/2023\\\/06\\\/LOGO-PAPTEAM-negro.png\",\"contentUrl\":\"https:\\\/\\\/papteam.com\\\/wp-content\\\/uploads\\\/2023\\\/06\\\/LOGO-PAPTEAM-negro.png\",\"width\":1920,\"height\":570,\"caption\":\"PAP paramotors\"},\"image\":{\"@id\":\"https:\\\/\\\/papteam.com\\\/#\\\/schema\\\/logo\\\/image\\\/\"},\"sameAs\":[\"https:\\\/\\\/www.facebook.com\\\/people\\\/PAP-Team-Paramotors\\\/100063510435411\\\/?locale=es_ES\",\"https:\\\/\\\/www.instagram.com\\\/papteamparamotors\\\/?hl=es\"]}]}<\/script>\n<!-- \/ Yoast SEO Premium plugin. -->","yoast_head_json":{"title":"Freno de mano (PULL STARTER) (Control de crucero) - PAPTEAM","robots":{"index":"index","follow":"follow","max-snippet":"max-snippet:-1","max-image-preview":"max-image-preview:large","max-video-preview":"max-video-preview:-1"},"canonical":"https:\/\/papteam.com\/es\/producto\/throttle-off-grid-pull-starter-cruise-control\/","og_locale":"es_ES","og_type":"article","og_title":"THROTTLE OFF-GRID (PULL STARTER) (Cruise Control)","og_description":"Universal Throttle Handle, suitable for right or left hand use with electric starter engines. Versatile design allows for easy mounting on either the right or left hand side. Precision cruise control, easily disengaged with a trigger touch. Cruise control position is retained in memory. Re-engage to instantly return to the previous setting. Proudly manufactured in [&hellip;]","og_url":"https:\/\/papteam.com\/es\/producto\/throttle-off-grid-pull-starter-cruise-control\/","og_site_name":"PAPTEAM","article_publisher":"https:\/\/www.facebook.com\/people\/PAP-Team-Paramotors\/100063510435411\/?locale=es_ES","article_modified_time":"2025-04-24T06:59:48+00:00","og_image":[{"width":1000,"height":1000,"url":"https:\/\/papteam.com\/wp-content\/uploads\/2024\/05\/1.png","type":"image\/png"}],"twitter_card":"summary_large_image","twitter_misc":{"Est. reading time":"1 minute"},"schema":{"@context":"https:\/\/schema.org","@graph":[{"@type":"WebPage","@id":"https:\/\/papteam.com\/producto\/throttle-off-grid-pull-starter-cruise-control\/","url":"https:\/\/papteam.com\/producto\/throttle-off-grid-pull-starter-cruise-control\/","name":"Freno de mano (PULL STARTER) (Control de crucero) - PAPTEAM","isPartOf":{"@id":"https:\/\/papteam.com\/#website"},"primaryImageOfPage":{"@id":"https:\/\/papteam.com\/producto\/throttle-off-grid-pull-starter-cruise-control\/#primaryimage"},"image":{"@id":"https:\/\/papteam.com\/producto\/throttle-off-grid-pull-starter-cruise-control\/#primaryimage"},"thumbnailUrl":"https:\/\/papteam.com\/wp-content\/uploads\/2024\/05\/1.png","datePublished":"2024-05-28T10:06:37+00:00","dateModified":"2025-04-24T06:59:48+00:00","breadcrumb":{"@id":"https:\/\/papteam.com\/producto\/throttle-off-grid-pull-starter-cruise-control\/#breadcrumb"},"inLanguage":"en-US","potentialAction":[{"@type":"ReadAction","target":["https:\/\/papteam.com\/producto\/throttle-off-grid-pull-starter-cruise-control\/"]}]},{"@type":"ImageObject","inLanguage":"en-US","@id":"https:\/\/papteam.com\/producto\/throttle-off-grid-pull-starter-cruise-control\/#primaryimage","url":"https:\/\/papteam.com\/wp-content\/uploads\/2024\/05\/1.png","contentUrl":"https:\/\/papteam.com\/wp-content\/uploads\/2024\/05\/1.png","width":1000,"height":1000},{"@type":"BreadcrumbList","@id":"https:\/\/papteam.com\/producto\/throttle-off-grid-pull-starter-cruise-control\/#breadcrumb","itemListElement":[{"@type":"ListItem","position":1,"name":"Portada","item":"https:\/\/papteam.com\/"},{"@type":"ListItem","position":2,"name":"Productos","item":"https:\/\/papteam.com\/es\/tienda\/"},{"@type":"ListItem","position":3,"name":"THROTTLE OFF-GRID (PULL STARTER) (Cruise Control)"}]},{"@type":"WebSite","@id":"https:\/\/papteam.com\/#website","url":"https:\/\/papteam.com\/","name":"PAPTEAM","description":"","publisher":{"@id":"https:\/\/papteam.com\/#organization"},"potentialAction":[{"@type":"SearchAction","target":{"@type":"EntryPoint","urlTemplate":"https:\/\/papteam.com\/?s={search_term_string}"},"query-input":{"@type":"PropertyValueSpecification","valueRequired":true,"valueName":"search_term_string"}}],"inLanguage":"en-US"},{"@type":"Organization","@id":"https:\/\/papteam.com\/#organization","name":"Paramotores PAP","url":"https:\/\/papteam.com\/","logo":{"@type":"ImageObject","inLanguage":"en-US","@id":"https:\/\/papteam.com\/#\/schema\/logo\/image\/","url":"https:\/\/papteam.com\/wp-content\/uploads\/2023\/06\/LOGO-PAPTEAM-negro.png","contentUrl":"https:\/\/papteam.com\/wp-content\/uploads\/2023\/06\/LOGO-PAPTEAM-negro.png","width":1920,"height":570,"caption":"PAP paramotors"},"image":{"@id":"https:\/\/papteam.com\/#\/schema\/logo\/image\/"},"sameAs":["https:\/\/www.facebook.com\/people\/PAP-Team-Paramotors\/100063510435411\/?locale=es_ES","https:\/\/www.instagram.com\/papteamparamotors\/?hl=es"]}]}},"_links":{"self":[{"href":"https:\/\/papteam.com\/es\/wp-json\/wp\/v2\/product\/39148","targetHints":{"allow":["GET"]}}],"collection":[{"href":"https:\/\/papteam.com\/es\/wp-json\/wp\/v2\/product"}],"about":[{"href":"https:\/\/papteam.com\/es\/wp-json\/wp\/v2\/types\/product"}],"replies":[{"embeddable":true,"href":"https:\/\/papteam.com\/es\/wp-json\/wp\/v2\/comments?post=39148"}],"version-history":[{"count":1,"href":"https:\/\/papteam.com\/es\/wp-json\/wp\/v2\/product\/39148\/revisions"}],"predecessor-version":[{"id":39302,"href":"https:\/\/papteam.com\/es\/wp-json\/wp\/v2\/product\/39148\/revisions\/39302"}],"wp:featuredmedia":[{"embeddable":true,"href":"https:\/\/papteam.com\/es\/wp-json\/wp\/v2\/media\/39150"}],"wp:attachment":[{"href":"https:\/\/papteam.com\/es\/wp-json\/wp\/v2\/media?parent=39148"}],"wp:term":[{"taxonomy":"product_brand","embeddable":true,"href":"https:\/\/papteam.com\/es\/wp-json\/wp\/v2\/product_brand?post=39148"},{"taxonomy":"product_cat","embeddable":true,"href":"https:\/\/papteam.com\/es\/wp-json\/wp\/v2\/product_cat?post=39148"},{"taxonomy":"product_tag","embeddable":true,"href":"https:\/\/papteam.com\/es\/wp-json\/wp\/v2\/product_tag?post=39148"}],"curies":[{"name":"wp","href":"https:\/\/api.w.org\/{rel}","templated":true}]}}