{"id":34264,"date":"2023-05-22T07:38:58","date_gmt":"2023-05-22T07:38:58","guid":{"rendered":"https:\/\/papteam.com\/?post_type=product&#038;p=34264"},"modified":"2026-03-10T11:11:09","modified_gmt":"2026-03-10T11:11:09","slug":"100-150hrs-maintenance-kit-for-moster185-my22","status":"publish","type":"product","link":"https:\/\/papteam.com\/es\/producto\/100-150hrs-maintenance-kit-for-moster185-my22\/","title":{"rendered":"KIT DE MANTENIMIENTO 100\/150HRS PARA MOSTER185 MY22"},"content":{"rendered":"<h3><strong>ELEMENTOS INCLUIDOS<\/strong><\/h3>\n<ul>\n<li><strong>1x M031a<\/strong> Capuch\u00f3n de buj\u00eda (Selettra)<\/li>\n<li><strong>1x M097<\/strong> Serie Membranas y Juntas Walbro WB<\/li>\n<li><strong>1x AT093a<\/strong> Colector de goma Air-Box con esponja incorporada<\/li>\n<li><strong>1x M082<\/strong> P\u00e9talo de v\u00e1lvula de l\u00e1minas (juego de 2)<\/li>\n<li><strong>1x MP055k<\/strong> Kit Gancho de pl\u00e1stico (juego de 2) con arandelas de presi\u00f3n 12 x 18 mm (juego de 6) y anillo el\u00e1stico<\/li>\n<li><strong>1x MY200a<\/strong> Escape Negro, Parte Inicial<\/li>\n<li><strong>1x MP159<\/strong> Material absorbente del ruido con remaches<\/li>\n<li><strong>1x M141a<\/strong> Kit de fijaci\u00f3n para el soporte del silenciador<\/li>\n<li><strong>1x M025<\/strong> Serie completa de juntas y juntas t\u00f3ricas<\/li>\n<li><strong>1x M009<\/strong> Rodamiento de rodillos del pist\u00f3n<\/li>\n<li><strong>1x M021a<\/strong> Soporte antivibraciones 30 x 30 mm - M8 x 15 mm (Juego de 2)<\/li>\n<li><strong>1x M021b<\/strong> Soporte antivibraciones 30 x 30 mm - M8 x 25 mm (Juego de 2)<\/li>\n<li><strong>1x M151a<\/strong> SILENTBLOCK 30 X 20 MM BLANDO (IZQUIERDO) 14\/20 MM CON TUERCAS<\/li>\n<li><strong>1x M151c<\/strong> Soporte antivibraciones 30 x 20 mm duro (derecho) 14\/14 mm con tuercas (juego de 2)<\/li>\n<li><strong>1x M005<\/strong> Rodamiento 47\/20\/14 mm - C3 (Juego de 2)<\/li>\n<li><strong>1x M006<\/strong> Ret\u00e9n de aceite Viton 20\/35\/7 mm (Juego de 2)<\/li>\n<li><strong>1x MP117<\/strong> Correa Poly V PJ483 13 Ranuras<\/li>\n<li><strong>1x MP102<\/strong> Embrague completo<\/li>\n<li><strong>1x MY201<\/strong> Brida de escape con casquillo montado 40\/50 horas y muelles<\/li>\n<li><strong>2x M020<\/strong> Buj\u00eda NGK BR9ES<\/li>\n<li><strong>3x M019.5<\/strong> Contratuerca de cobre alta temperatura 8 x 1,25 mm (juego de 5)<\/li>\n<li><strong>1x M021f<\/strong> Cinta de seguridad (juego de 2)<\/li>\n<li><strong>1x M043<\/strong> Cuerda de arranque 2,20 metros<\/li>\n<li><strong>1x MP093d.4<\/strong> Snaplock Hembra \u00d8 16 mm, Gris (Juego de 4)<\/li>\n<li><strong>1x M094.2<\/strong> Banda de fijaci\u00f3n 50-70 mm (Juego de 2)<\/li>\n<li><strong>1x MP106<\/strong> Rodamiento 35\/15\/11 mm - 2Z y Rodamiento 35\/15\/11 mm - 2HRS<\/li>\n<li><strong>1x MP107a.2<\/strong> Tapa de tambor\/pi\u00f1\u00f3n (juego de 2)<\/li>\n<li><strong>1x M114<\/strong> Cojinete 42\/20\/12 mm (Juego de 2)<\/li>\n<li><strong>1x M139.5<\/strong> Resorte de escape (Juego de 5)<\/li>\n<li><strong>1x MP140.5<\/strong> Tubo termorretr\u00e1ctil (juego de 5)<\/li>\n<li><strong>1x MP141.5<\/strong> Cable de seguridad de 45 cm con abrazadera de aluminio (juego de 5)<\/li>\n<li><strong>1x MP105.5<\/strong> Seeger \u00d8 35 mm DIN 472 (Juego de 5)<\/li>\n<li><strong>1x MP107.5<\/strong> Seeger \u00d8 15 mm DIN 471 (Juego de 5)<\/li>\n<\/ul>","protected":false},"excerpt":{"rendered":"<p>ELEMENTS INCLUDED 1x M031a Spark-Plug Cap (Selettra) 1x M097 Series Membranes and Gaskets Walbro WB 1x AT093a Air-Box Rubber Manifold with Incorporated Sponge 1x M082 Reed Valve Petal (Set of 2) 1x MP055k Kit Plastic Hook (Set of 2) with Shim Washers 12 x 18 mm (Set of 6) and Elastic Ring 1x MY200a Exhaust [&hellip;]<\/p>\n","protected":false},"featured_media":0,"comment_status":"open","ping_status":"closed","template":"","meta":{"content-type":""},"product_brand":[],"product_cat":[5384,5378,5226,5246],"product_tag":[],"class_list":{"0":"post-34264","1":"product","2":"type-product","3":"status-publish","5":"product_cat-engine-accessories-and-tools-moster-185-plus-my22-dual","6":"product_cat-engine-accessories-and-tools","7":"product_cat-engine-carter-group-thermal-group-antivibration-group-moster-185-plus-my22","8":"product_cat-engine-carter-group-thermal-group-antivibration-group-moster-185-plus-my22-dual","10":"first","11":"instock","12":"sale","13":"taxable","14":"shipping-taxable","15":"purchasable","16":"product-type-simple"},"yoast_head":"<!-- This site is optimized with the Yoast SEO Premium plugin v24.0 (Yoast SEO v27.4) - https:\/\/yoast.com\/product\/yoast-seo-premium-wordpress\/ -->\n<title>100\/150HRS MAINTENANCE KIT FOR MOSTER185 MY22 - PAPTEAM<\/title>\n<meta name=\"robots\" content=\"index, follow, max-snippet:-1, max-image-preview:large, max-video-preview:-1\" \/>\n<link rel=\"canonical\" href=\"https:\/\/papteam.com\/es\/producto\/100-150hrs-maintenance-kit-for-moster185-my22\/\" \/>\n<meta property=\"og:locale\" content=\"es_ES\" \/>\n<meta property=\"og:type\" content=\"article\" \/>\n<meta property=\"og:title\" content=\"100\/150HRS MAINTENANCE KIT FOR MOSTER185 MY22\" \/>\n<meta property=\"og:description\" content=\"ELEMENTS INCLUDED 1x M031a Spark-Plug Cap (Selettra) 1x M097 Series Membranes and Gaskets Walbro WB 1x AT093a Air-Box Rubber Manifold with Incorporated Sponge 1x M082 Reed Valve Petal (Set of 2) 1x MP055k Kit Plastic Hook (Set of 2) with Shim Washers 12 x 18 mm (Set of 6) and Elastic Ring 1x MY200a Exhaust [&hellip;]\" \/>\n<meta property=\"og:url\" content=\"https:\/\/papteam.com\/es\/producto\/100-150hrs-maintenance-kit-for-moster185-my22\/\" \/>\n<meta property=\"og:site_name\" content=\"PAPTEAM\" \/>\n<meta property=\"article:publisher\" content=\"https:\/\/www.facebook.com\/people\/PAP-Team-Paramotors\/100063510435411\/?locale=es_ES\" \/>\n<meta property=\"article:modified_time\" content=\"2026-03-10T11:11:09+00:00\" \/>\n<meta name=\"twitter:card\" content=\"summary_large_image\" \/>\n<meta name=\"twitter:label1\" content=\"Est. reading time\" \/>\n\t<meta name=\"twitter:data1\" content=\"2 minutes\" \/>\n<script type=\"application\/ld+json\" class=\"yoast-schema-graph\">{\"@context\":\"https:\\\/\\\/schema.org\",\"@graph\":[{\"@type\":\"WebPage\",\"@id\":\"https:\\\/\\\/papteam.com\\\/producto\\\/100-150hrs-maintenance-kit-for-moster185-my22\\\/\",\"url\":\"https:\\\/\\\/papteam.com\\\/producto\\\/100-150hrs-maintenance-kit-for-moster185-my22\\\/\",\"name\":\"100\\\/150HRS MAINTENANCE KIT FOR MOSTER185 MY22 - PAPTEAM\",\"isPartOf\":{\"@id\":\"https:\\\/\\\/papteam.com\\\/#website\"},\"datePublished\":\"2023-05-22T07:38:58+00:00\",\"dateModified\":\"2026-03-10T11:11:09+00:00\",\"breadcrumb\":{\"@id\":\"https:\\\/\\\/papteam.com\\\/producto\\\/100-150hrs-maintenance-kit-for-moster185-my22\\\/#breadcrumb\"},\"inLanguage\":\"en-US\",\"potentialAction\":[{\"@type\":\"ReadAction\",\"target\":[\"https:\\\/\\\/papteam.com\\\/producto\\\/100-150hrs-maintenance-kit-for-moster185-my22\\\/\"]}]},{\"@type\":\"BreadcrumbList\",\"@id\":\"https:\\\/\\\/papteam.com\\\/producto\\\/100-150hrs-maintenance-kit-for-moster185-my22\\\/#breadcrumb\",\"itemListElement\":[{\"@type\":\"ListItem\",\"position\":1,\"name\":\"Portada\",\"item\":\"https:\\\/\\\/papteam.com\\\/\"},{\"@type\":\"ListItem\",\"position\":2,\"name\":\"Productos\",\"item\":\"https:\\\/\\\/papteam.com\\\/es\\\/tienda\\\/\"},{\"@type\":\"ListItem\",\"position\":3,\"name\":\"100\\\/150HRS MAINTENANCE KIT FOR MOSTER185 MY22\"}]},{\"@type\":\"WebSite\",\"@id\":\"https:\\\/\\\/papteam.com\\\/#website\",\"url\":\"https:\\\/\\\/papteam.com\\\/\",\"name\":\"PAPTEAM\",\"description\":\"\",\"publisher\":{\"@id\":\"https:\\\/\\\/papteam.com\\\/#organization\"},\"potentialAction\":[{\"@type\":\"SearchAction\",\"target\":{\"@type\":\"EntryPoint\",\"urlTemplate\":\"https:\\\/\\\/papteam.com\\\/?s={search_term_string}\"},\"query-input\":{\"@type\":\"PropertyValueSpecification\",\"valueRequired\":true,\"valueName\":\"search_term_string\"}}],\"inLanguage\":\"en-US\"},{\"@type\":\"Organization\",\"@id\":\"https:\\\/\\\/papteam.com\\\/#organization\",\"name\":\"PAP paramotors\",\"url\":\"https:\\\/\\\/papteam.com\\\/\",\"logo\":{\"@type\":\"ImageObject\",\"inLanguage\":\"en-US\",\"@id\":\"https:\\\/\\\/papteam.com\\\/#\\\/schema\\\/logo\\\/image\\\/\",\"url\":\"https:\\\/\\\/papteam.com\\\/wp-content\\\/uploads\\\/2023\\\/06\\\/LOGO-PAPTEAM-negro.png\",\"contentUrl\":\"https:\\\/\\\/papteam.com\\\/wp-content\\\/uploads\\\/2023\\\/06\\\/LOGO-PAPTEAM-negro.png\",\"width\":1920,\"height\":570,\"caption\":\"PAP paramotors\"},\"image\":{\"@id\":\"https:\\\/\\\/papteam.com\\\/#\\\/schema\\\/logo\\\/image\\\/\"},\"sameAs\":[\"https:\\\/\\\/www.facebook.com\\\/people\\\/PAP-Team-Paramotors\\\/100063510435411\\\/?locale=es_ES\",\"https:\\\/\\\/www.instagram.com\\\/papteamparamotors\\\/?hl=es\"]}]}<\/script>\n<!-- \/ Yoast SEO Premium plugin. -->","yoast_head_json":{"title":"KIT DE MANTENIMIENTO 100\/150HRS PARA MOSTER185 MY22 - PAPTEAM","robots":{"index":"index","follow":"follow","max-snippet":"max-snippet:-1","max-image-preview":"max-image-preview:large","max-video-preview":"max-video-preview:-1"},"canonical":"https:\/\/papteam.com\/es\/producto\/100-150hrs-maintenance-kit-for-moster185-my22\/","og_locale":"es_ES","og_type":"article","og_title":"100\/150HRS MAINTENANCE KIT FOR MOSTER185 MY22","og_description":"ELEMENTS INCLUDED 1x M031a Spark-Plug Cap (Selettra) 1x M097 Series Membranes and Gaskets Walbro WB 1x AT093a Air-Box Rubber Manifold with Incorporated Sponge 1x M082 Reed Valve Petal (Set of 2) 1x MP055k Kit Plastic Hook (Set of 2) with Shim Washers 12 x 18 mm (Set of 6) and Elastic Ring 1x MY200a Exhaust [&hellip;]","og_url":"https:\/\/papteam.com\/es\/producto\/100-150hrs-maintenance-kit-for-moster185-my22\/","og_site_name":"PAPTEAM","article_publisher":"https:\/\/www.facebook.com\/people\/PAP-Team-Paramotors\/100063510435411\/?locale=es_ES","article_modified_time":"2026-03-10T11:11:09+00:00","twitter_card":"summary_large_image","twitter_misc":{"Est. reading time":"2 minutes"},"schema":{"@context":"https:\/\/schema.org","@graph":[{"@type":"WebPage","@id":"https:\/\/papteam.com\/producto\/100-150hrs-maintenance-kit-for-moster185-my22\/","url":"https:\/\/papteam.com\/producto\/100-150hrs-maintenance-kit-for-moster185-my22\/","name":"KIT DE MANTENIMIENTO 100\/150HRS PARA MOSTER185 MY22 - PAPTEAM","isPartOf":{"@id":"https:\/\/papteam.com\/#website"},"datePublished":"2023-05-22T07:38:58+00:00","dateModified":"2026-03-10T11:11:09+00:00","breadcrumb":{"@id":"https:\/\/papteam.com\/producto\/100-150hrs-maintenance-kit-for-moster185-my22\/#breadcrumb"},"inLanguage":"en-US","potentialAction":[{"@type":"ReadAction","target":["https:\/\/papteam.com\/producto\/100-150hrs-maintenance-kit-for-moster185-my22\/"]}]},{"@type":"BreadcrumbList","@id":"https:\/\/papteam.com\/producto\/100-150hrs-maintenance-kit-for-moster185-my22\/#breadcrumb","itemListElement":[{"@type":"ListItem","position":1,"name":"Portada","item":"https:\/\/papteam.com\/"},{"@type":"ListItem","position":2,"name":"Productos","item":"https:\/\/papteam.com\/es\/tienda\/"},{"@type":"ListItem","position":3,"name":"100\/150HRS MAINTENANCE KIT FOR MOSTER185 MY22"}]},{"@type":"WebSite","@id":"https:\/\/papteam.com\/#website","url":"https:\/\/papteam.com\/","name":"PAPTEAM","description":"","publisher":{"@id":"https:\/\/papteam.com\/#organization"},"potentialAction":[{"@type":"SearchAction","target":{"@type":"EntryPoint","urlTemplate":"https:\/\/papteam.com\/?s={search_term_string}"},"query-input":{"@type":"PropertyValueSpecification","valueRequired":true,"valueName":"search_term_string"}}],"inLanguage":"en-US"},{"@type":"Organization","@id":"https:\/\/papteam.com\/#organization","name":"Paramotores PAP","url":"https:\/\/papteam.com\/","logo":{"@type":"ImageObject","inLanguage":"en-US","@id":"https:\/\/papteam.com\/#\/schema\/logo\/image\/","url":"https:\/\/papteam.com\/wp-content\/uploads\/2023\/06\/LOGO-PAPTEAM-negro.png","contentUrl":"https:\/\/papteam.com\/wp-content\/uploads\/2023\/06\/LOGO-PAPTEAM-negro.png","width":1920,"height":570,"caption":"PAP paramotors"},"image":{"@id":"https:\/\/papteam.com\/#\/schema\/logo\/image\/"},"sameAs":["https:\/\/www.facebook.com\/people\/PAP-Team-Paramotors\/100063510435411\/?locale=es_ES","https:\/\/www.instagram.com\/papteamparamotors\/?hl=es"]}]}},"_links":{"self":[{"href":"https:\/\/papteam.com\/es\/wp-json\/wp\/v2\/product\/34264","targetHints":{"allow":["GET"]}}],"collection":[{"href":"https:\/\/papteam.com\/es\/wp-json\/wp\/v2\/product"}],"about":[{"href":"https:\/\/papteam.com\/es\/wp-json\/wp\/v2\/types\/product"}],"replies":[{"embeddable":true,"href":"https:\/\/papteam.com\/es\/wp-json\/wp\/v2\/comments?post=34264"}],"version-history":[{"count":0,"href":"https:\/\/papteam.com\/es\/wp-json\/wp\/v2\/product\/34264\/revisions"}],"wp:attachment":[{"href":"https:\/\/papteam.com\/es\/wp-json\/wp\/v2\/media?parent=34264"}],"wp:term":[{"taxonomy":"product_brand","embeddable":true,"href":"https:\/\/papteam.com\/es\/wp-json\/wp\/v2\/product_brand?post=34264"},{"taxonomy":"product_cat","embeddable":true,"href":"https:\/\/papteam.com\/es\/wp-json\/wp\/v2\/product_cat?post=34264"},{"taxonomy":"product_tag","embeddable":true,"href":"https:\/\/papteam.com\/es\/wp-json\/wp\/v2\/product_tag?post=34264"}],"curies":[{"name":"wp","href":"https:\/\/api.w.org\/{rel}","templated":true}]}}