{"id":32851,"date":"2023-03-10T07:44:41","date_gmt":"2023-03-10T07:44:41","guid":{"rendered":"https:\/\/papteam.com\/?post_type=product&#038;p=32851"},"modified":"2026-01-20T09:30:38","modified_gmt":"2026-01-20T09:30:38","slug":"paramotor-kit-everything-less-the-engine","status":"publish","type":"product","link":"https:\/\/papteam.com\/es\/producto\/paramotor-kit-everything-less-the-engine\/","title":{"rendered":"KIT DE PARAMOTOR (TODO MENOS EL MOTOR Y LA H\u00c9LICE"},"content":{"rendered":"<h2><span style=\"color: #000000;\">ELEMENTOS INCLUIDOS<\/span><\/h2>\n<p class=\"translation-block\"><span style=\"color: #000000\">1 Arn\u00e9s PAP<\/span><br>\r\n<span style=\"color: #000000\">1x PAP EVO Brazos<\/span><br>\r\n<span style=\"color: #000000\">4x Grilletes<\/span><br>\r\n<span style=\"color: #000000\">2 mosquetones (acero inoxidable)<\/span><br>\r\n<span style=\"color: #000000\">1x Correa antitorsi\u00f3n<\/span><br>\r\n<span style=\"color: #000000\">1x Acelerador<\/span><br>\r\n<span style=\"color: #000000\">1x Dep\u00f3sito de combustible + Tuber\u00edas de combustible<\/span><br>\r\n<span style=\"color: #000000\">1x Bastidor completo con placa de soporte del motor<\/span><br>\r\n<span style=\"color: #000000\">1x Pernos de motor y espaciador<\/span><br>\r\n<span style=\"color: #000000\">1x Pull start Push-pin + polea<\/span><br>\r\n<span style=\"color: #000000\">1x Cubiertas de h\u00e9lice<\/span><br>\r\n<span style=\"color: #000000\">1x Jaula<\/span><br>\r\n1x Bater\u00eda dual Moster (S\u00f3lo incluida con la opci\u00f3n Moster Dual)<\/p>","protected":false},"excerpt":{"rendered":"<h3><span style=\"color: #000000;\">DESCRIPCION<\/span><\/h3>\n<h5>En el kit de paramotor incluimos todo lo que necesitas para que puedas cambiar el motor de tu antiguo chasis (ya sea de la marca PAP o de cualquier otra) al TINOX, o montar directamente un motor que hayas comprado.<\/h5>","protected":false},"featured_media":36003,"comment_status":"open","ping_status":"closed","template":"","meta":{"content-type":""},"product_brand":[],"product_cat":[5571],"product_tag":[],"class_list":{"0":"post-32851","1":"product","2":"type-product","3":"status-publish","4":"has-post-thumbnail","6":"product_cat-frame-kit","8":"first","9":"instock","10":"taxable","11":"shipping-taxable","12":"purchasable","13":"product-type-simple"},"yoast_head":"<!-- This site is optimized with the Yoast SEO Premium plugin v24.0 (Yoast SEO v27.4) - https:\/\/yoast.com\/product\/yoast-seo-premium-wordpress\/ -->\n<title>PARAMOTOR KIT (EVERYTHING LESS THE ENGINE AND THE PROPELLER) - PAPTEAM<\/title>\n<meta name=\"robots\" content=\"index, follow, max-snippet:-1, max-image-preview:large, max-video-preview:-1\" \/>\n<link rel=\"canonical\" href=\"https:\/\/papteam.com\/es\/producto\/paramotor-kit-everything-less-the-engine\/\" \/>\n<meta property=\"og:locale\" content=\"es_ES\" \/>\n<meta property=\"og:type\" content=\"article\" \/>\n<meta property=\"og:title\" content=\"PARAMOTOR KIT (EVERYTHING LESS THE ENGINE AND THE PROPELLER)\" \/>\n<meta property=\"og:description\" content=\"DESCRIPTION In the paramotor kit, we include everything you need so that you can change the engine of your old frame (whether it is a PAP brand or any other) to the TINOX, or directly mount an engine that you have purchased.\" \/>\n<meta property=\"og:url\" content=\"https:\/\/papteam.com\/es\/producto\/paramotor-kit-everything-less-the-engine\/\" \/>\n<meta property=\"og:site_name\" content=\"PAPTEAM\" \/>\n<meta property=\"article:publisher\" content=\"https:\/\/www.facebook.com\/people\/PAP-Team-Paramotors\/100063510435411\/?locale=es_ES\" \/>\n<meta property=\"article:modified_time\" content=\"2026-01-20T09:30:38+00:00\" \/>\n<meta property=\"og:image\" content=\"https:\/\/papteam.com\/wp-content\/uploads\/2023\/03\/kit-paramotor-1.jpg\" \/>\n\t<meta property=\"og:image:width\" content=\"995\" \/>\n\t<meta property=\"og:image:height\" content=\"995\" \/>\n\t<meta property=\"og:image:type\" content=\"image\/jpeg\" \/>\n<meta name=\"twitter:card\" content=\"summary_large_image\" \/>\n<meta name=\"twitter:label1\" content=\"Est. reading time\" \/>\n\t<meta name=\"twitter:data1\" content=\"1 minute\" \/>\n<script type=\"application\/ld+json\" class=\"yoast-schema-graph\">{\"@context\":\"https:\\\/\\\/schema.org\",\"@graph\":[{\"@type\":\"WebPage\",\"@id\":\"https:\\\/\\\/papteam.com\\\/producto\\\/paramotor-kit-everything-less-the-engine\\\/\",\"url\":\"https:\\\/\\\/papteam.com\\\/producto\\\/paramotor-kit-everything-less-the-engine\\\/\",\"name\":\"PARAMOTOR KIT (EVERYTHING LESS THE ENGINE AND THE PROPELLER) - PAPTEAM\",\"isPartOf\":{\"@id\":\"https:\\\/\\\/papteam.com\\\/#website\"},\"primaryImageOfPage\":{\"@id\":\"https:\\\/\\\/papteam.com\\\/producto\\\/paramotor-kit-everything-less-the-engine\\\/#primaryimage\"},\"image\":{\"@id\":\"https:\\\/\\\/papteam.com\\\/producto\\\/paramotor-kit-everything-less-the-engine\\\/#primaryimage\"},\"thumbnailUrl\":\"https:\\\/\\\/papteam.com\\\/wp-content\\\/uploads\\\/2023\\\/03\\\/kit-paramotor-1.jpg\",\"datePublished\":\"2023-03-10T07:44:41+00:00\",\"dateModified\":\"2026-01-20T09:30:38+00:00\",\"breadcrumb\":{\"@id\":\"https:\\\/\\\/papteam.com\\\/producto\\\/paramotor-kit-everything-less-the-engine\\\/#breadcrumb\"},\"inLanguage\":\"en-US\",\"potentialAction\":[{\"@type\":\"ReadAction\",\"target\":[\"https:\\\/\\\/papteam.com\\\/producto\\\/paramotor-kit-everything-less-the-engine\\\/\"]}]},{\"@type\":\"ImageObject\",\"inLanguage\":\"en-US\",\"@id\":\"https:\\\/\\\/papteam.com\\\/producto\\\/paramotor-kit-everything-less-the-engine\\\/#primaryimage\",\"url\":\"https:\\\/\\\/papteam.com\\\/wp-content\\\/uploads\\\/2023\\\/03\\\/kit-paramotor-1.jpg\",\"contentUrl\":\"https:\\\/\\\/papteam.com\\\/wp-content\\\/uploads\\\/2023\\\/03\\\/kit-paramotor-1.jpg\",\"width\":995,\"height\":995},{\"@type\":\"BreadcrumbList\",\"@id\":\"https:\\\/\\\/papteam.com\\\/producto\\\/paramotor-kit-everything-less-the-engine\\\/#breadcrumb\",\"itemListElement\":[{\"@type\":\"ListItem\",\"position\":1,\"name\":\"Portada\",\"item\":\"https:\\\/\\\/papteam.com\\\/\"},{\"@type\":\"ListItem\",\"position\":2,\"name\":\"Productos\",\"item\":\"https:\\\/\\\/papteam.com\\\/es\\\/tienda\\\/\"},{\"@type\":\"ListItem\",\"position\":3,\"name\":\"PARAMOTOR KIT (EVERYTHING LESS THE ENGINE AND THE PROPELLER)\"}]},{\"@type\":\"WebSite\",\"@id\":\"https:\\\/\\\/papteam.com\\\/#website\",\"url\":\"https:\\\/\\\/papteam.com\\\/\",\"name\":\"PAPTEAM\",\"description\":\"\",\"publisher\":{\"@id\":\"https:\\\/\\\/papteam.com\\\/#organization\"},\"potentialAction\":[{\"@type\":\"SearchAction\",\"target\":{\"@type\":\"EntryPoint\",\"urlTemplate\":\"https:\\\/\\\/papteam.com\\\/?s={search_term_string}\"},\"query-input\":{\"@type\":\"PropertyValueSpecification\",\"valueRequired\":true,\"valueName\":\"search_term_string\"}}],\"inLanguage\":\"en-US\"},{\"@type\":\"Organization\",\"@id\":\"https:\\\/\\\/papteam.com\\\/#organization\",\"name\":\"PAP paramotors\",\"url\":\"https:\\\/\\\/papteam.com\\\/\",\"logo\":{\"@type\":\"ImageObject\",\"inLanguage\":\"en-US\",\"@id\":\"https:\\\/\\\/papteam.com\\\/#\\\/schema\\\/logo\\\/image\\\/\",\"url\":\"https:\\\/\\\/papteam.com\\\/wp-content\\\/uploads\\\/2023\\\/06\\\/LOGO-PAPTEAM-negro.png\",\"contentUrl\":\"https:\\\/\\\/papteam.com\\\/wp-content\\\/uploads\\\/2023\\\/06\\\/LOGO-PAPTEAM-negro.png\",\"width\":1920,\"height\":570,\"caption\":\"PAP paramotors\"},\"image\":{\"@id\":\"https:\\\/\\\/papteam.com\\\/#\\\/schema\\\/logo\\\/image\\\/\"},\"sameAs\":[\"https:\\\/\\\/www.facebook.com\\\/people\\\/PAP-Team-Paramotors\\\/100063510435411\\\/?locale=es_ES\",\"https:\\\/\\\/www.instagram.com\\\/papteamparamotors\\\/?hl=es\"]}]}<\/script>\n<!-- \/ Yoast SEO Premium plugin. -->","yoast_head_json":{"title":"KIT PARAMOTOR (TODO MENOS EL MOTOR Y LA H\u00c9LICE) - PAPTEAM","robots":{"index":"index","follow":"follow","max-snippet":"max-snippet:-1","max-image-preview":"max-image-preview:large","max-video-preview":"max-video-preview:-1"},"canonical":"https:\/\/papteam.com\/es\/producto\/paramotor-kit-everything-less-the-engine\/","og_locale":"es_ES","og_type":"article","og_title":"PARAMOTOR KIT (EVERYTHING LESS THE ENGINE AND THE PROPELLER)","og_description":"DESCRIPTION In the paramotor kit, we include everything you need so that you can change the engine of your old frame (whether it is a PAP brand or any other) to the TINOX, or directly mount an engine that you have purchased.","og_url":"https:\/\/papteam.com\/es\/producto\/paramotor-kit-everything-less-the-engine\/","og_site_name":"PAPTEAM","article_publisher":"https:\/\/www.facebook.com\/people\/PAP-Team-Paramotors\/100063510435411\/?locale=es_ES","article_modified_time":"2026-01-20T09:30:38+00:00","og_image":[{"width":995,"height":995,"url":"https:\/\/papteam.com\/wp-content\/uploads\/2023\/03\/kit-paramotor-1.jpg","type":"image\/jpeg"}],"twitter_card":"summary_large_image","twitter_misc":{"Est. reading time":"1 minute"},"schema":{"@context":"https:\/\/schema.org","@graph":[{"@type":"WebPage","@id":"https:\/\/papteam.com\/producto\/paramotor-kit-everything-less-the-engine\/","url":"https:\/\/papteam.com\/producto\/paramotor-kit-everything-less-the-engine\/","name":"KIT PARAMOTOR (TODO MENOS EL MOTOR Y LA H\u00c9LICE) - PAPTEAM","isPartOf":{"@id":"https:\/\/papteam.com\/#website"},"primaryImageOfPage":{"@id":"https:\/\/papteam.com\/producto\/paramotor-kit-everything-less-the-engine\/#primaryimage"},"image":{"@id":"https:\/\/papteam.com\/producto\/paramotor-kit-everything-less-the-engine\/#primaryimage"},"thumbnailUrl":"https:\/\/papteam.com\/wp-content\/uploads\/2023\/03\/kit-paramotor-1.jpg","datePublished":"2023-03-10T07:44:41+00:00","dateModified":"2026-01-20T09:30:38+00:00","breadcrumb":{"@id":"https:\/\/papteam.com\/producto\/paramotor-kit-everything-less-the-engine\/#breadcrumb"},"inLanguage":"en-US","potentialAction":[{"@type":"ReadAction","target":["https:\/\/papteam.com\/producto\/paramotor-kit-everything-less-the-engine\/"]}]},{"@type":"ImageObject","inLanguage":"en-US","@id":"https:\/\/papteam.com\/producto\/paramotor-kit-everything-less-the-engine\/#primaryimage","url":"https:\/\/papteam.com\/wp-content\/uploads\/2023\/03\/kit-paramotor-1.jpg","contentUrl":"https:\/\/papteam.com\/wp-content\/uploads\/2023\/03\/kit-paramotor-1.jpg","width":995,"height":995},{"@type":"BreadcrumbList","@id":"https:\/\/papteam.com\/producto\/paramotor-kit-everything-less-the-engine\/#breadcrumb","itemListElement":[{"@type":"ListItem","position":1,"name":"Portada","item":"https:\/\/papteam.com\/"},{"@type":"ListItem","position":2,"name":"Productos","item":"https:\/\/papteam.com\/es\/tienda\/"},{"@type":"ListItem","position":3,"name":"PARAMOTOR KIT (EVERYTHING LESS THE ENGINE AND THE PROPELLER)"}]},{"@type":"WebSite","@id":"https:\/\/papteam.com\/#website","url":"https:\/\/papteam.com\/","name":"PAPTEAM","description":"","publisher":{"@id":"https:\/\/papteam.com\/#organization"},"potentialAction":[{"@type":"SearchAction","target":{"@type":"EntryPoint","urlTemplate":"https:\/\/papteam.com\/?s={search_term_string}"},"query-input":{"@type":"PropertyValueSpecification","valueRequired":true,"valueName":"search_term_string"}}],"inLanguage":"en-US"},{"@type":"Organization","@id":"https:\/\/papteam.com\/#organization","name":"Paramotores PAP","url":"https:\/\/papteam.com\/","logo":{"@type":"ImageObject","inLanguage":"en-US","@id":"https:\/\/papteam.com\/#\/schema\/logo\/image\/","url":"https:\/\/papteam.com\/wp-content\/uploads\/2023\/06\/LOGO-PAPTEAM-negro.png","contentUrl":"https:\/\/papteam.com\/wp-content\/uploads\/2023\/06\/LOGO-PAPTEAM-negro.png","width":1920,"height":570,"caption":"PAP paramotors"},"image":{"@id":"https:\/\/papteam.com\/#\/schema\/logo\/image\/"},"sameAs":["https:\/\/www.facebook.com\/people\/PAP-Team-Paramotors\/100063510435411\/?locale=es_ES","https:\/\/www.instagram.com\/papteamparamotors\/?hl=es"]}]}},"_links":{"self":[{"href":"https:\/\/papteam.com\/es\/wp-json\/wp\/v2\/product\/32851","targetHints":{"allow":["GET"]}}],"collection":[{"href":"https:\/\/papteam.com\/es\/wp-json\/wp\/v2\/product"}],"about":[{"href":"https:\/\/papteam.com\/es\/wp-json\/wp\/v2\/types\/product"}],"replies":[{"embeddable":true,"href":"https:\/\/papteam.com\/es\/wp-json\/wp\/v2\/comments?post=32851"}],"version-history":[{"count":2,"href":"https:\/\/papteam.com\/es\/wp-json\/wp\/v2\/product\/32851\/revisions"}],"predecessor-version":[{"id":45922,"href":"https:\/\/papteam.com\/es\/wp-json\/wp\/v2\/product\/32851\/revisions\/45922"}],"wp:featuredmedia":[{"embeddable":true,"href":"https:\/\/papteam.com\/es\/wp-json\/wp\/v2\/media\/36003"}],"wp:attachment":[{"href":"https:\/\/papteam.com\/es\/wp-json\/wp\/v2\/media?parent=32851"}],"wp:term":[{"taxonomy":"product_brand","embeddable":true,"href":"https:\/\/papteam.com\/es\/wp-json\/wp\/v2\/product_brand?post=32851"},{"taxonomy":"product_cat","embeddable":true,"href":"https:\/\/papteam.com\/es\/wp-json\/wp\/v2\/product_cat?post=32851"},{"taxonomy":"product_tag","embeddable":true,"href":"https:\/\/papteam.com\/es\/wp-json\/wp\/v2\/product_tag?post=32851"}],"curies":[{"name":"wp","href":"https:\/\/api.w.org\/{rel}","templated":true}]}}