{"id":32045,"date":"2023-02-08T09:13:22","date_gmt":"2023-02-08T09:13:22","guid":{"rendered":"https:\/\/papteam.com\/?post_type=product&#038;p=32045"},"modified":"2026-03-10T11:10:33","modified_gmt":"2026-03-10T11:10:33","slug":"100-150hrs-maintenance-kit-for-factory-r-my22","status":"publish","type":"product","link":"https:\/\/papteam.com\/es\/producto\/100-150hrs-maintenance-kit-for-factory-r-my22\/","title":{"rendered":"KIT DE MANTENIMIENTO 100\/150HRS PARA FACTORY-R MY22"},"content":{"rendered":"<h2>ELEMENTOS INCLUIDOS<\/h2>\n<p><strong>M005<\/strong> Rodamiento 47\/20\/14 mm - C3 (Juego de 2)<br \/>\n<strong>M006<\/strong> Ret\u00e9n Viton 20\/35\/7 mm (Juego de 2) - 2 unidades<br \/>\n<strong>MFR009<\/strong> Rodamiento de rodillos Poston<br \/>\n<strong>M019.5<\/strong> Contratuerca de cobre alta temperatura (juego de 5) - 3 unidades<br \/>\n<strong>M020<\/strong> NGK BR9EIX - 2 unidades<br \/>\n<strong>MFR021A<\/strong> Soportes antivibraci\u00f3n (juego de 2)<br \/>\n<strong>MFR021B<\/strong> Soportes antivibraci\u00f3n (juego de 2)<br \/>\n<strong>C021F<\/strong> Cinta de seguridad (juego de 4)<br \/>\n<strong>MFR025<\/strong> Serie completa de juntas<br \/>\n<strong>M031a<\/strong> Capuch\u00f3n de Buj\u00eda (Selettra)<br \/>\n<strong>MFR043<\/strong> Tire de la cuerda<br \/>\n<strong>MP055K<\/strong> Kit Gancho de pl\u00e1stico (juego de 2) con arandelas (juego de 6) y anillo el\u00e1stico<br \/>\n<strong>MFR082<\/strong> P\u00e9talo de v\u00e1lvula de l\u00e1minas (juego de 2) - 2 unidades<br \/>\n<strong>AT093a<\/strong> M\u00faltiple de goma de la caja de aire con esponja<br \/>\n<strong>MP093d.4<\/strong> Cierre a presi\u00f3n Hembra 16mm, gris (Juego de 4)<br \/>\n<strong>M094.2<\/strong> Banda de fijaci\u00f3n 50-70mm (Juego de 2)<br \/>\n<strong>M097<\/strong> Serie Membrana y Juntas para Walbro WB<br \/>\n<strong>MP102<\/strong> Embrague completo<br \/>\n<strong>MP105.5<\/strong> Seeger 35mm (Juego de 5)<br \/>\n<strong>MP107.5<\/strong> Seeger 15mm (Juego de 5)<br \/>\n<strong>MP106<\/strong> Cojinete 35\/15\/11 mm y Cojinete 35\/15\/11 mm<br \/>\n<strong>MFR107a.2<\/strong> Tapa de tambor\/pi\u00f1\u00f3n (juego de 2)<br \/>\n<strong>M114<\/strong> Cojinete 42\/20\/12 mm (Juego de 2)<br \/>\n<strong>M117<\/strong> Cintur\u00f3n 2 unidades<br \/>\n<strong>M139.5<\/strong> Muelles de escape (Juego de 5) - 2 unidades<br \/>\n<strong>MP140.5<\/strong> Tubo termorretr\u00e1ctil (Juego de 5) - 2 unidades<br \/>\n<strong>MP141.5<\/strong> Cable de seguridad con abrazadera (Juego de 5) - 2 unidades<br \/>\n<strong>M151a<\/strong> Soporte antivibraci\u00f3n izquierdo 2 unidades<br \/>\n<strong>M151b<\/strong> Soporte antivibraci\u00f3n derecho (juego de 2)<br \/>\n<strong>MP159-<\/strong> Material absorbente del ruido<br \/>\n<strong>MFR200a<\/strong> Escape Negro, parte inicial<br \/>\n<strong>MY201<\/strong>\u00a0Brida de escape, con casquillo montado 40\/50 horas y muelles<\/p>","protected":false},"excerpt":{"rendered":"<p>ELEMENTS INCLUDED M005 Bearing 47\/20\/14 mm &#8211; C3 (Set of 2) M006 Oil Seal Viton 20\/35\/7 mm (Set of 2) &#8211; 2 units MFR009 Poston Roller Bearing M019.5 Copper Lock Nut High Temperature (Set of 5) &#8211; 3 units M020 NGK BR9EIX &#8211; 2 units MFR021A Antivibration Mounts (Set of 2) MFR021B Antivibration Mounts (Set [&hellip;]<\/p>\n","protected":false},"featured_media":0,"comment_status":"open","ping_status":"closed","template":"","meta":{"content-type":""},"product_brand":[],"product_cat":[4707],"product_tag":[],"class_list":{"0":"post-32045","1":"product","2":"type-product","3":"status-publish","5":"product_cat-engine-accessories-and-tools-moster-plus-185-factory-r","7":"first","8":"instock","9":"sale","10":"taxable","11":"shipping-taxable","12":"purchasable","13":"product-type-simple"},"yoast_head":"<!-- This site is optimized with the Yoast SEO Premium plugin v24.0 (Yoast SEO v27.4) - https:\/\/yoast.com\/product\/yoast-seo-premium-wordpress\/ -->\n<title>100\/150HRS MAINTENANCE KIT FOR FACTORY-R MY22 - PAPTEAM<\/title>\n<meta name=\"robots\" content=\"index, follow, max-snippet:-1, max-image-preview:large, max-video-preview:-1\" \/>\n<link rel=\"canonical\" href=\"https:\/\/papteam.com\/es\/producto\/100-150hrs-maintenance-kit-for-factory-r-my22\/\" \/>\n<meta property=\"og:locale\" content=\"es_ES\" \/>\n<meta property=\"og:type\" content=\"article\" \/>\n<meta property=\"og:title\" content=\"100\/150HRS MAINTENANCE KIT FOR FACTORY-R MY22\" \/>\n<meta property=\"og:description\" content=\"ELEMENTS INCLUDED M005 Bearing 47\/20\/14 mm &#8211; C3 (Set of 2) M006 Oil Seal Viton 20\/35\/7 mm (Set of 2) &#8211; 2 units MFR009 Poston Roller Bearing M019.5 Copper Lock Nut High Temperature (Set of 5) &#8211; 3 units M020 NGK BR9EIX &#8211; 2 units MFR021A Antivibration Mounts (Set of 2) MFR021B Antivibration Mounts (Set [&hellip;]\" \/>\n<meta property=\"og:url\" content=\"https:\/\/papteam.com\/es\/producto\/100-150hrs-maintenance-kit-for-factory-r-my22\/\" \/>\n<meta property=\"og:site_name\" content=\"PAPTEAM\" \/>\n<meta property=\"article:publisher\" content=\"https:\/\/www.facebook.com\/people\/PAP-Team-Paramotors\/100063510435411\/?locale=es_ES\" \/>\n<meta property=\"article:modified_time\" content=\"2026-03-10T11:10:33+00:00\" \/>\n<meta name=\"twitter:card\" content=\"summary_large_image\" \/>\n<meta name=\"twitter:label1\" content=\"Est. reading time\" \/>\n\t<meta name=\"twitter:data1\" content=\"1 minute\" \/>\n<script type=\"application\/ld+json\" class=\"yoast-schema-graph\">{\"@context\":\"https:\\\/\\\/schema.org\",\"@graph\":[{\"@type\":\"WebPage\",\"@id\":\"https:\\\/\\\/papteam.com\\\/producto\\\/100-150hrs-maintenance-kit-for-factory-r-my22\\\/\",\"url\":\"https:\\\/\\\/papteam.com\\\/producto\\\/100-150hrs-maintenance-kit-for-factory-r-my22\\\/\",\"name\":\"100\\\/150HRS MAINTENANCE KIT FOR FACTORY-R MY22 - PAPTEAM\",\"isPartOf\":{\"@id\":\"https:\\\/\\\/papteam.com\\\/#website\"},\"datePublished\":\"2023-02-08T09:13:22+00:00\",\"dateModified\":\"2026-03-10T11:10:33+00:00\",\"breadcrumb\":{\"@id\":\"https:\\\/\\\/papteam.com\\\/producto\\\/100-150hrs-maintenance-kit-for-factory-r-my22\\\/#breadcrumb\"},\"inLanguage\":\"en-US\",\"potentialAction\":[{\"@type\":\"ReadAction\",\"target\":[\"https:\\\/\\\/papteam.com\\\/producto\\\/100-150hrs-maintenance-kit-for-factory-r-my22\\\/\"]}]},{\"@type\":\"BreadcrumbList\",\"@id\":\"https:\\\/\\\/papteam.com\\\/producto\\\/100-150hrs-maintenance-kit-for-factory-r-my22\\\/#breadcrumb\",\"itemListElement\":[{\"@type\":\"ListItem\",\"position\":1,\"name\":\"Portada\",\"item\":\"https:\\\/\\\/papteam.com\\\/\"},{\"@type\":\"ListItem\",\"position\":2,\"name\":\"Productos\",\"item\":\"https:\\\/\\\/papteam.com\\\/es\\\/tienda\\\/\"},{\"@type\":\"ListItem\",\"position\":3,\"name\":\"100\\\/150HRS MAINTENANCE KIT FOR FACTORY-R MY22\"}]},{\"@type\":\"WebSite\",\"@id\":\"https:\\\/\\\/papteam.com\\\/#website\",\"url\":\"https:\\\/\\\/papteam.com\\\/\",\"name\":\"PAPTEAM\",\"description\":\"\",\"publisher\":{\"@id\":\"https:\\\/\\\/papteam.com\\\/#organization\"},\"potentialAction\":[{\"@type\":\"SearchAction\",\"target\":{\"@type\":\"EntryPoint\",\"urlTemplate\":\"https:\\\/\\\/papteam.com\\\/?s={search_term_string}\"},\"query-input\":{\"@type\":\"PropertyValueSpecification\",\"valueRequired\":true,\"valueName\":\"search_term_string\"}}],\"inLanguage\":\"en-US\"},{\"@type\":\"Organization\",\"@id\":\"https:\\\/\\\/papteam.com\\\/#organization\",\"name\":\"PAP paramotors\",\"url\":\"https:\\\/\\\/papteam.com\\\/\",\"logo\":{\"@type\":\"ImageObject\",\"inLanguage\":\"en-US\",\"@id\":\"https:\\\/\\\/papteam.com\\\/#\\\/schema\\\/logo\\\/image\\\/\",\"url\":\"https:\\\/\\\/papteam.com\\\/wp-content\\\/uploads\\\/2023\\\/06\\\/LOGO-PAPTEAM-negro.png\",\"contentUrl\":\"https:\\\/\\\/papteam.com\\\/wp-content\\\/uploads\\\/2023\\\/06\\\/LOGO-PAPTEAM-negro.png\",\"width\":1920,\"height\":570,\"caption\":\"PAP paramotors\"},\"image\":{\"@id\":\"https:\\\/\\\/papteam.com\\\/#\\\/schema\\\/logo\\\/image\\\/\"},\"sameAs\":[\"https:\\\/\\\/www.facebook.com\\\/people\\\/PAP-Team-Paramotors\\\/100063510435411\\\/?locale=es_ES\",\"https:\\\/\\\/www.instagram.com\\\/papteamparamotors\\\/?hl=es\"]}]}<\/script>\n<!-- \/ Yoast SEO Premium plugin. -->","yoast_head_json":{"title":"KIT DE MANTENIMIENTO 100\/150HRS PARA FACTORY-R MY22 - PAPTEAM","robots":{"index":"index","follow":"follow","max-snippet":"max-snippet:-1","max-image-preview":"max-image-preview:large","max-video-preview":"max-video-preview:-1"},"canonical":"https:\/\/papteam.com\/es\/producto\/100-150hrs-maintenance-kit-for-factory-r-my22\/","og_locale":"es_ES","og_type":"article","og_title":"100\/150HRS MAINTENANCE KIT FOR FACTORY-R MY22","og_description":"ELEMENTS INCLUDED M005 Bearing 47\/20\/14 mm &#8211; C3 (Set of 2) M006 Oil Seal Viton 20\/35\/7 mm (Set of 2) &#8211; 2 units MFR009 Poston Roller Bearing M019.5 Copper Lock Nut High Temperature (Set of 5) &#8211; 3 units M020 NGK BR9EIX &#8211; 2 units MFR021A Antivibration Mounts (Set of 2) MFR021B Antivibration Mounts (Set [&hellip;]","og_url":"https:\/\/papteam.com\/es\/producto\/100-150hrs-maintenance-kit-for-factory-r-my22\/","og_site_name":"PAPTEAM","article_publisher":"https:\/\/www.facebook.com\/people\/PAP-Team-Paramotors\/100063510435411\/?locale=es_ES","article_modified_time":"2026-03-10T11:10:33+00:00","twitter_card":"summary_large_image","twitter_misc":{"Est. reading time":"1 minute"},"schema":{"@context":"https:\/\/schema.org","@graph":[{"@type":"WebPage","@id":"https:\/\/papteam.com\/producto\/100-150hrs-maintenance-kit-for-factory-r-my22\/","url":"https:\/\/papteam.com\/producto\/100-150hrs-maintenance-kit-for-factory-r-my22\/","name":"KIT DE MANTENIMIENTO 100\/150HRS PARA FACTORY-R MY22 - PAPTEAM","isPartOf":{"@id":"https:\/\/papteam.com\/#website"},"datePublished":"2023-02-08T09:13:22+00:00","dateModified":"2026-03-10T11:10:33+00:00","breadcrumb":{"@id":"https:\/\/papteam.com\/producto\/100-150hrs-maintenance-kit-for-factory-r-my22\/#breadcrumb"},"inLanguage":"en-US","potentialAction":[{"@type":"ReadAction","target":["https:\/\/papteam.com\/producto\/100-150hrs-maintenance-kit-for-factory-r-my22\/"]}]},{"@type":"BreadcrumbList","@id":"https:\/\/papteam.com\/producto\/100-150hrs-maintenance-kit-for-factory-r-my22\/#breadcrumb","itemListElement":[{"@type":"ListItem","position":1,"name":"Portada","item":"https:\/\/papteam.com\/"},{"@type":"ListItem","position":2,"name":"Productos","item":"https:\/\/papteam.com\/es\/tienda\/"},{"@type":"ListItem","position":3,"name":"100\/150HRS MAINTENANCE KIT FOR FACTORY-R MY22"}]},{"@type":"WebSite","@id":"https:\/\/papteam.com\/#website","url":"https:\/\/papteam.com\/","name":"PAPTEAM","description":"","publisher":{"@id":"https:\/\/papteam.com\/#organization"},"potentialAction":[{"@type":"SearchAction","target":{"@type":"EntryPoint","urlTemplate":"https:\/\/papteam.com\/?s={search_term_string}"},"query-input":{"@type":"PropertyValueSpecification","valueRequired":true,"valueName":"search_term_string"}}],"inLanguage":"en-US"},{"@type":"Organization","@id":"https:\/\/papteam.com\/#organization","name":"Paramotores PAP","url":"https:\/\/papteam.com\/","logo":{"@type":"ImageObject","inLanguage":"en-US","@id":"https:\/\/papteam.com\/#\/schema\/logo\/image\/","url":"https:\/\/papteam.com\/wp-content\/uploads\/2023\/06\/LOGO-PAPTEAM-negro.png","contentUrl":"https:\/\/papteam.com\/wp-content\/uploads\/2023\/06\/LOGO-PAPTEAM-negro.png","width":1920,"height":570,"caption":"PAP paramotors"},"image":{"@id":"https:\/\/papteam.com\/#\/schema\/logo\/image\/"},"sameAs":["https:\/\/www.facebook.com\/people\/PAP-Team-Paramotors\/100063510435411\/?locale=es_ES","https:\/\/www.instagram.com\/papteamparamotors\/?hl=es"]}]}},"_links":{"self":[{"href":"https:\/\/papteam.com\/es\/wp-json\/wp\/v2\/product\/32045","targetHints":{"allow":["GET"]}}],"collection":[{"href":"https:\/\/papteam.com\/es\/wp-json\/wp\/v2\/product"}],"about":[{"href":"https:\/\/papteam.com\/es\/wp-json\/wp\/v2\/types\/product"}],"replies":[{"embeddable":true,"href":"https:\/\/papteam.com\/es\/wp-json\/wp\/v2\/comments?post=32045"}],"version-history":[{"count":1,"href":"https:\/\/papteam.com\/es\/wp-json\/wp\/v2\/product\/32045\/revisions"}],"predecessor-version":[{"id":32376,"href":"https:\/\/papteam.com\/es\/wp-json\/wp\/v2\/product\/32045\/revisions\/32376"}],"wp:attachment":[{"href":"https:\/\/papteam.com\/es\/wp-json\/wp\/v2\/media?parent=32045"}],"wp:term":[{"taxonomy":"product_brand","embeddable":true,"href":"https:\/\/papteam.com\/es\/wp-json\/wp\/v2\/product_brand?post=32045"},{"taxonomy":"product_cat","embeddable":true,"href":"https:\/\/papteam.com\/es\/wp-json\/wp\/v2\/product_cat?post=32045"},{"taxonomy":"product_tag","embeddable":true,"href":"https:\/\/papteam.com\/es\/wp-json\/wp\/v2\/product_tag?post=32045"}],"curies":[{"name":"wp","href":"https:\/\/api.w.org\/{rel}","templated":true}]}}