{"id":32043,"date":"2023-02-08T09:11:29","date_gmt":"2023-02-08T09:11:29","guid":{"rendered":"https:\/\/papteam.com\/?post_type=product&#038;p=32043"},"modified":"2026-03-10T11:10:32","modified_gmt":"2026-03-10T11:10:32","slug":"25-50hrs-maintenance-kit-for-factory-r-my22","status":"publish","type":"product","link":"https:\/\/papteam.com\/es\/producto\/25-50hrs-maintenance-kit-for-factory-r-my22\/","title":{"rendered":"KIT DE MANTENIMIENTO 25\/50HRS PARA FACTORY-R MY22"},"content":{"rendered":"<h2>ELEMENTOS INCLUIDOS<\/h2>\n<p><strong>MFR025<\/strong> - Kit completo de juntas<br \/>\n<strong>MFR082 <\/strong>\u00a0- P\u00e9talo de v\u00e1lvula de l\u00e1minas (juego de 2)<br \/>\n<strong>M117<\/strong> - Correa Poly V 15 Ranura<br \/>\n<strong>ACC090<\/strong> - Buj\u00eda Iridium EIX x 2<br \/>\n<strong>MP093d.4<\/strong> - Snap Lock Hembra Gris (Juego de 4)<br \/>\n<strong>MY202<\/strong> - Casquillo de bronce 40\/50hr con muelles y cable<br \/>\n<strong>M139.5<\/strong> - Muelles de escape (Juego de 5)<br \/>\n<strong>MP140.5<\/strong> - Tubo termorretr\u00e1ctil (juego de 5)<br \/>\n<strong>MP141.5<\/strong> - Cable de seguridad de 45 cm con abrazadera de aluminio (juego de 5)<br \/>\n<strong>ACC132<\/strong> - MolyKote G-N Plus Pasta gr 100<\/p>","protected":false},"excerpt":{"rendered":"<p>ELEMENTS INCLUDED MFR025 &#8211; Complete Gasket Kit MFR082 \u00a0&#8211; Reed Valve Petal (Set of 2) M117 &#8211; Belt Poly V 15 Groove ACC090 &#8211; Iridium EIX Spark Plug x 2 MP093d.4 &#8211; Snap Lock Female Grey (Set of 4) MY202 &#8211; Bronze Bushing 40\/50hr with springs and cable M139.5 &#8211; Exhaust Springs (Set of 5) [&hellip;]<\/p>\n","protected":false},"featured_media":0,"comment_status":"open","ping_status":"closed","template":"","meta":{"content-type":""},"product_brand":[],"product_cat":[4707],"product_tag":[],"class_list":{"0":"post-32043","1":"product","2":"type-product","3":"status-publish","5":"product_cat-engine-accessories-and-tools-moster-plus-185-factory-r","7":"first","8":"instock","9":"sale","10":"taxable","11":"shipping-taxable","12":"purchasable","13":"product-type-simple"},"yoast_head":"<!-- This site is optimized with the Yoast SEO Premium plugin v24.0 (Yoast SEO v27.4) - https:\/\/yoast.com\/product\/yoast-seo-premium-wordpress\/ -->\n<title>25\/50HRS MAINTENANCE KIT FOR FACTORY-R MY22 - PAPTEAM<\/title>\n<meta name=\"robots\" content=\"index, follow, max-snippet:-1, max-image-preview:large, max-video-preview:-1\" \/>\n<link rel=\"canonical\" href=\"https:\/\/papteam.com\/es\/producto\/25-50hrs-maintenance-kit-for-factory-r-my22\/\" \/>\n<meta property=\"og:locale\" content=\"es_ES\" \/>\n<meta property=\"og:type\" content=\"article\" \/>\n<meta property=\"og:title\" content=\"25\/50HRS MAINTENANCE KIT FOR FACTORY-R MY22\" \/>\n<meta property=\"og:description\" content=\"ELEMENTS INCLUDED MFR025 &#8211; Complete Gasket Kit MFR082 \u00a0&#8211; Reed Valve Petal (Set of 2) M117 &#8211; Belt Poly V 15 Groove ACC090 &#8211; Iridium EIX Spark Plug x 2 MP093d.4 &#8211; Snap Lock Female Grey (Set of 4) MY202 &#8211; Bronze Bushing 40\/50hr with springs and cable M139.5 &#8211; Exhaust Springs (Set of 5) [&hellip;]\" \/>\n<meta property=\"og:url\" content=\"https:\/\/papteam.com\/es\/producto\/25-50hrs-maintenance-kit-for-factory-r-my22\/\" \/>\n<meta property=\"og:site_name\" content=\"PAPTEAM\" \/>\n<meta property=\"article:publisher\" content=\"https:\/\/www.facebook.com\/people\/PAP-Team-Paramotors\/100063510435411\/?locale=es_ES\" \/>\n<meta property=\"article:modified_time\" content=\"2026-03-10T11:10:32+00:00\" \/>\n<meta name=\"twitter:card\" content=\"summary_large_image\" \/>\n<meta name=\"twitter:label1\" content=\"Est. reading time\" \/>\n\t<meta name=\"twitter:data1\" content=\"1 minute\" \/>\n<script type=\"application\/ld+json\" class=\"yoast-schema-graph\">{\"@context\":\"https:\\\/\\\/schema.org\",\"@graph\":[{\"@type\":\"WebPage\",\"@id\":\"https:\\\/\\\/papteam.com\\\/producto\\\/25-50hrs-maintenance-kit-for-factory-r-my22\\\/\",\"url\":\"https:\\\/\\\/papteam.com\\\/producto\\\/25-50hrs-maintenance-kit-for-factory-r-my22\\\/\",\"name\":\"25\\\/50HRS MAINTENANCE KIT FOR FACTORY-R MY22 - PAPTEAM\",\"isPartOf\":{\"@id\":\"https:\\\/\\\/papteam.com\\\/#website\"},\"datePublished\":\"2023-02-08T09:11:29+00:00\",\"dateModified\":\"2026-03-10T11:10:32+00:00\",\"breadcrumb\":{\"@id\":\"https:\\\/\\\/papteam.com\\\/producto\\\/25-50hrs-maintenance-kit-for-factory-r-my22\\\/#breadcrumb\"},\"inLanguage\":\"en-US\",\"potentialAction\":[{\"@type\":\"ReadAction\",\"target\":[\"https:\\\/\\\/papteam.com\\\/producto\\\/25-50hrs-maintenance-kit-for-factory-r-my22\\\/\"]}]},{\"@type\":\"BreadcrumbList\",\"@id\":\"https:\\\/\\\/papteam.com\\\/producto\\\/25-50hrs-maintenance-kit-for-factory-r-my22\\\/#breadcrumb\",\"itemListElement\":[{\"@type\":\"ListItem\",\"position\":1,\"name\":\"Portada\",\"item\":\"https:\\\/\\\/papteam.com\\\/\"},{\"@type\":\"ListItem\",\"position\":2,\"name\":\"Productos\",\"item\":\"https:\\\/\\\/papteam.com\\\/es\\\/tienda\\\/\"},{\"@type\":\"ListItem\",\"position\":3,\"name\":\"25\\\/50HRS MAINTENANCE KIT FOR FACTORY-R MY22\"}]},{\"@type\":\"WebSite\",\"@id\":\"https:\\\/\\\/papteam.com\\\/#website\",\"url\":\"https:\\\/\\\/papteam.com\\\/\",\"name\":\"PAPTEAM\",\"description\":\"\",\"publisher\":{\"@id\":\"https:\\\/\\\/papteam.com\\\/#organization\"},\"potentialAction\":[{\"@type\":\"SearchAction\",\"target\":{\"@type\":\"EntryPoint\",\"urlTemplate\":\"https:\\\/\\\/papteam.com\\\/?s={search_term_string}\"},\"query-input\":{\"@type\":\"PropertyValueSpecification\",\"valueRequired\":true,\"valueName\":\"search_term_string\"}}],\"inLanguage\":\"en-US\"},{\"@type\":\"Organization\",\"@id\":\"https:\\\/\\\/papteam.com\\\/#organization\",\"name\":\"PAP paramotors\",\"url\":\"https:\\\/\\\/papteam.com\\\/\",\"logo\":{\"@type\":\"ImageObject\",\"inLanguage\":\"en-US\",\"@id\":\"https:\\\/\\\/papteam.com\\\/#\\\/schema\\\/logo\\\/image\\\/\",\"url\":\"https:\\\/\\\/papteam.com\\\/wp-content\\\/uploads\\\/2023\\\/06\\\/LOGO-PAPTEAM-negro.png\",\"contentUrl\":\"https:\\\/\\\/papteam.com\\\/wp-content\\\/uploads\\\/2023\\\/06\\\/LOGO-PAPTEAM-negro.png\",\"width\":1920,\"height\":570,\"caption\":\"PAP paramotors\"},\"image\":{\"@id\":\"https:\\\/\\\/papteam.com\\\/#\\\/schema\\\/logo\\\/image\\\/\"},\"sameAs\":[\"https:\\\/\\\/www.facebook.com\\\/people\\\/PAP-Team-Paramotors\\\/100063510435411\\\/?locale=es_ES\",\"https:\\\/\\\/www.instagram.com\\\/papteamparamotors\\\/?hl=es\"]}]}<\/script>\n<!-- \/ Yoast SEO Premium plugin. -->","yoast_head_json":{"title":"KIT DE MANTENIMIENTO 25\/50HRS PARA FACTORY-R MY22 - PAPTEAM","robots":{"index":"index","follow":"follow","max-snippet":"max-snippet:-1","max-image-preview":"max-image-preview:large","max-video-preview":"max-video-preview:-1"},"canonical":"https:\/\/papteam.com\/es\/producto\/25-50hrs-maintenance-kit-for-factory-r-my22\/","og_locale":"es_ES","og_type":"article","og_title":"25\/50HRS MAINTENANCE KIT FOR FACTORY-R MY22","og_description":"ELEMENTS INCLUDED MFR025 &#8211; Complete Gasket Kit MFR082 \u00a0&#8211; Reed Valve Petal (Set of 2) M117 &#8211; Belt Poly V 15 Groove ACC090 &#8211; Iridium EIX Spark Plug x 2 MP093d.4 &#8211; Snap Lock Female Grey (Set of 4) MY202 &#8211; Bronze Bushing 40\/50hr with springs and cable M139.5 &#8211; Exhaust Springs (Set of 5) [&hellip;]","og_url":"https:\/\/papteam.com\/es\/producto\/25-50hrs-maintenance-kit-for-factory-r-my22\/","og_site_name":"PAPTEAM","article_publisher":"https:\/\/www.facebook.com\/people\/PAP-Team-Paramotors\/100063510435411\/?locale=es_ES","article_modified_time":"2026-03-10T11:10:32+00:00","twitter_card":"summary_large_image","twitter_misc":{"Est. reading time":"1 minute"},"schema":{"@context":"https:\/\/schema.org","@graph":[{"@type":"WebPage","@id":"https:\/\/papteam.com\/producto\/25-50hrs-maintenance-kit-for-factory-r-my22\/","url":"https:\/\/papteam.com\/producto\/25-50hrs-maintenance-kit-for-factory-r-my22\/","name":"KIT DE MANTENIMIENTO 25\/50HRS PARA FACTORY-R MY22 - PAPTEAM","isPartOf":{"@id":"https:\/\/papteam.com\/#website"},"datePublished":"2023-02-08T09:11:29+00:00","dateModified":"2026-03-10T11:10:32+00:00","breadcrumb":{"@id":"https:\/\/papteam.com\/producto\/25-50hrs-maintenance-kit-for-factory-r-my22\/#breadcrumb"},"inLanguage":"en-US","potentialAction":[{"@type":"ReadAction","target":["https:\/\/papteam.com\/producto\/25-50hrs-maintenance-kit-for-factory-r-my22\/"]}]},{"@type":"BreadcrumbList","@id":"https:\/\/papteam.com\/producto\/25-50hrs-maintenance-kit-for-factory-r-my22\/#breadcrumb","itemListElement":[{"@type":"ListItem","position":1,"name":"Portada","item":"https:\/\/papteam.com\/"},{"@type":"ListItem","position":2,"name":"Productos","item":"https:\/\/papteam.com\/es\/tienda\/"},{"@type":"ListItem","position":3,"name":"25\/50HRS MAINTENANCE KIT FOR FACTORY-R MY22"}]},{"@type":"WebSite","@id":"https:\/\/papteam.com\/#website","url":"https:\/\/papteam.com\/","name":"PAPTEAM","description":"","publisher":{"@id":"https:\/\/papteam.com\/#organization"},"potentialAction":[{"@type":"SearchAction","target":{"@type":"EntryPoint","urlTemplate":"https:\/\/papteam.com\/?s={search_term_string}"},"query-input":{"@type":"PropertyValueSpecification","valueRequired":true,"valueName":"search_term_string"}}],"inLanguage":"en-US"},{"@type":"Organization","@id":"https:\/\/papteam.com\/#organization","name":"Paramotores PAP","url":"https:\/\/papteam.com\/","logo":{"@type":"ImageObject","inLanguage":"en-US","@id":"https:\/\/papteam.com\/#\/schema\/logo\/image\/","url":"https:\/\/papteam.com\/wp-content\/uploads\/2023\/06\/LOGO-PAPTEAM-negro.png","contentUrl":"https:\/\/papteam.com\/wp-content\/uploads\/2023\/06\/LOGO-PAPTEAM-negro.png","width":1920,"height":570,"caption":"PAP paramotors"},"image":{"@id":"https:\/\/papteam.com\/#\/schema\/logo\/image\/"},"sameAs":["https:\/\/www.facebook.com\/people\/PAP-Team-Paramotors\/100063510435411\/?locale=es_ES","https:\/\/www.instagram.com\/papteamparamotors\/?hl=es"]}]}},"_links":{"self":[{"href":"https:\/\/papteam.com\/es\/wp-json\/wp\/v2\/product\/32043","targetHints":{"allow":["GET"]}}],"collection":[{"href":"https:\/\/papteam.com\/es\/wp-json\/wp\/v2\/product"}],"about":[{"href":"https:\/\/papteam.com\/es\/wp-json\/wp\/v2\/types\/product"}],"replies":[{"embeddable":true,"href":"https:\/\/papteam.com\/es\/wp-json\/wp\/v2\/comments?post=32043"}],"version-history":[{"count":1,"href":"https:\/\/papteam.com\/es\/wp-json\/wp\/v2\/product\/32043\/revisions"}],"predecessor-version":[{"id":32523,"href":"https:\/\/papteam.com\/es\/wp-json\/wp\/v2\/product\/32043\/revisions\/32523"}],"wp:attachment":[{"href":"https:\/\/papteam.com\/es\/wp-json\/wp\/v2\/media?parent=32043"}],"wp:term":[{"taxonomy":"product_brand","embeddable":true,"href":"https:\/\/papteam.com\/es\/wp-json\/wp\/v2\/product_brand?post=32043"},{"taxonomy":"product_cat","embeddable":true,"href":"https:\/\/papteam.com\/es\/wp-json\/wp\/v2\/product_cat?post=32043"},{"taxonomy":"product_tag","embeddable":true,"href":"https:\/\/papteam.com\/es\/wp-json\/wp\/v2\/product_tag?post=32043"}],"curies":[{"name":"wp","href":"https:\/\/api.w.org\/{rel}","templated":true}]}}