{"id":32033,"date":"2023-02-08T08:19:44","date_gmt":"2023-02-08T08:19:44","guid":{"rendered":"https:\/\/papteam.com\/?post_type=product&#038;p=32033"},"modified":"2026-03-10T11:10:29","modified_gmt":"2026-03-10T11:10:29","slug":"100hrs-maintenance-kit-for-moster185-my20","status":"publish","type":"product","link":"https:\/\/papteam.com\/es\/producto\/100hrs-maintenance-kit-for-moster185-my20\/","title":{"rendered":"KIT DE MANTENIMIENTO 100HRS PARA MOSTER185 MY20"},"content":{"rendered":"<h2>ELEMENTOS INCLUIDOS<\/h2>\n<ul>\n<li><strong>1x M006<\/strong> Ret\u00e9n de aceite Viton 20\/35\/7 mm (Juego de 2)<\/li>\n<li><strong>1x M009<\/strong> Rodamiento de rodillos del pist\u00f3n<\/li>\n<li><strong>1x M011k<\/strong> Pasador de pist\u00f3n \u00d8 16 mm y anillo de bloqueo del pasador (juego de 2)<\/li>\n<li><strong>1x M013<\/strong> Anillo de pist\u00f3n GS10 Cromado (Juego de 2)<\/li>\n<li><strong>1x M019.5<\/strong> Contratuerca de cobre alta temperatura 8 x 1,25 mm (juego de 5)<\/li>\n<li><strong>1x M020<\/strong> Buj\u00eda NGK BR9ES<\/li>\n<li><strong>1x M021a<\/strong> Soporte antivibraciones 30 x 30 mm - M8 x 15 mm (Juego de 2)<\/li>\n<li><strong>1x M021b<\/strong> Soporte antivibraciones 30 x 30 mm - M8 x 25 mm (Juego de 2)<\/li>\n<li><strong>1x M025<\/strong> Serie completa de juntas y juntas t\u00f3ricas<\/li>\n<li><strong>1x MP055k<\/strong> Kit Gancho de pl\u00e1stico (juego de 2) con arandelas de presi\u00f3n 12 x 18 mm (juego de 6) y anillo el\u00e1stico<\/li>\n<li><strong>1x M043<\/strong> Cuerda de arranque 2,20 metros<\/li>\n<li><strong>1x M082<\/strong> P\u00e9talo de v\u00e1lvula de l\u00e1minas (juego de 2)<\/li>\n<li><strong>1x M097<\/strong> Serie Membranas y Juntas Walbro WB<\/li>\n<li><strong>1x MP106<\/strong> Rodamiento 35\/15\/11 mm - 2Z y Rodamiento 35\/15\/11 mm - 2HRS<\/li>\n<li><strong>1x MP107a.2<\/strong> Tapa de tambor\/pi\u00f1\u00f3n (juego de 2)<\/li>\n<li><strong>1x MP117<\/strong> Correa Poly V PJ483 13 Ranuras<\/li>\n<li><strong>1x M114<\/strong> Cojinete 42\/20\/12 mm (Juego de 2)<\/li>\n<li><strong>1x M138a<\/strong> Arandela grower \u00d8 8 mm DIN 127B (Juego de 2)<\/li>\n<li><strong>1x MY202<\/strong> Casquillo de Bronce 40\/50 Horas con Muelles y Cables de Seguridad<\/li>\n<li><strong>1x M151a<\/strong> SILENTBLOCK 30 X 20 MM BLANDO (IZQUIERDO) 14\/20 MM CON TUERCAS<\/li>\n<li><strong>1x M151c<\/strong> Soporte antivibraciones 30 x 20 mm duro (derecho) 14\/14 mm con tuercas (juego de 2)<\/li>\n<li><strong>1x AT093a<\/strong> Colector de goma Air-Box con esponja incorporada<\/li>\n<li><strong>1x M094.2<\/strong> Banda de fijaci\u00f3n 50-70 mm (Juego de 2)<\/li>\n<\/ul>","protected":false},"excerpt":{"rendered":"<p>ELEMENTS INCLUDED 1x M006 Oil Seal Viton 20\/35\/7 mm (Set of 2) 1x M009 Piston Roller Bearing 1x M011k Piston Pin \u00d8 16 mm and Pin Lock Ring (Set of 2) 1x M013 Piston Ring GS10 Chromed (Set of 2) 1x M019.5 Copper Lock Nut High Temperature 8 x 1.25 mm (Set of 5) 1x [&hellip;]<\/p>\n","protected":false},"featured_media":0,"comment_status":"open","ping_status":"closed","template":"","meta":{"content-type":""},"product_brand":[],"product_cat":[4705,4699],"product_tag":[],"class_list":{"0":"post-32033","1":"product","2":"type-product","3":"status-publish","5":"product_cat-engine-accessories-and-tools-moster-185-plus-my20-dual","6":"product_cat-engine-accessories-and-tools-moster-185-plus-my20","8":"first","9":"instock","10":"sale","11":"taxable","12":"shipping-taxable","13":"purchasable","14":"product-type-simple"},"yoast_head":"<!-- This site is optimized with the Yoast SEO Premium plugin v24.0 (Yoast SEO v27.4) - https:\/\/yoast.com\/product\/yoast-seo-premium-wordpress\/ -->\n<title>100HRS MAINTENANCE KIT FOR MOSTER185 MY20 - PAPTEAM<\/title>\n<meta name=\"robots\" content=\"index, follow, max-snippet:-1, max-image-preview:large, max-video-preview:-1\" \/>\n<link rel=\"canonical\" href=\"https:\/\/papteam.com\/es\/producto\/100hrs-maintenance-kit-for-moster185-my20\/\" \/>\n<meta property=\"og:locale\" content=\"es_ES\" \/>\n<meta property=\"og:type\" content=\"article\" \/>\n<meta property=\"og:title\" content=\"100HRS MAINTENANCE KIT FOR MOSTER185 MY20\" \/>\n<meta property=\"og:description\" content=\"ELEMENTS INCLUDED 1x M006 Oil Seal Viton 20\/35\/7 mm (Set of 2) 1x M009 Piston Roller Bearing 1x M011k Piston Pin \u00d8 16 mm and Pin Lock Ring (Set of 2) 1x M013 Piston Ring GS10 Chromed (Set of 2) 1x M019.5 Copper Lock Nut High Temperature 8 x 1.25 mm (Set of 5) 1x [&hellip;]\" \/>\n<meta property=\"og:url\" content=\"https:\/\/papteam.com\/es\/producto\/100hrs-maintenance-kit-for-moster185-my20\/\" \/>\n<meta property=\"og:site_name\" content=\"PAPTEAM\" \/>\n<meta property=\"article:publisher\" content=\"https:\/\/www.facebook.com\/people\/PAP-Team-Paramotors\/100063510435411\/?locale=es_ES\" \/>\n<meta property=\"article:modified_time\" content=\"2026-03-10T11:10:29+00:00\" \/>\n<meta name=\"twitter:card\" content=\"summary_large_image\" \/>\n<meta name=\"twitter:label1\" content=\"Est. reading time\" \/>\n\t<meta name=\"twitter:data1\" content=\"2 minutes\" \/>\n<script type=\"application\/ld+json\" class=\"yoast-schema-graph\">{\"@context\":\"https:\\\/\\\/schema.org\",\"@graph\":[{\"@type\":\"WebPage\",\"@id\":\"https:\\\/\\\/papteam.com\\\/producto\\\/100hrs-maintenance-kit-for-moster185-my20\\\/\",\"url\":\"https:\\\/\\\/papteam.com\\\/producto\\\/100hrs-maintenance-kit-for-moster185-my20\\\/\",\"name\":\"100HRS MAINTENANCE KIT FOR MOSTER185 MY20 - PAPTEAM\",\"isPartOf\":{\"@id\":\"https:\\\/\\\/papteam.com\\\/#website\"},\"datePublished\":\"2023-02-08T08:19:44+00:00\",\"dateModified\":\"2026-03-10T11:10:29+00:00\",\"breadcrumb\":{\"@id\":\"https:\\\/\\\/papteam.com\\\/producto\\\/100hrs-maintenance-kit-for-moster185-my20\\\/#breadcrumb\"},\"inLanguage\":\"en-US\",\"potentialAction\":[{\"@type\":\"ReadAction\",\"target\":[\"https:\\\/\\\/papteam.com\\\/producto\\\/100hrs-maintenance-kit-for-moster185-my20\\\/\"]}]},{\"@type\":\"BreadcrumbList\",\"@id\":\"https:\\\/\\\/papteam.com\\\/producto\\\/100hrs-maintenance-kit-for-moster185-my20\\\/#breadcrumb\",\"itemListElement\":[{\"@type\":\"ListItem\",\"position\":1,\"name\":\"Portada\",\"item\":\"https:\\\/\\\/papteam.com\\\/\"},{\"@type\":\"ListItem\",\"position\":2,\"name\":\"Productos\",\"item\":\"https:\\\/\\\/papteam.com\\\/es\\\/tienda\\\/\"},{\"@type\":\"ListItem\",\"position\":3,\"name\":\"100HRS MAINTENANCE KIT FOR MOSTER185 MY20\"}]},{\"@type\":\"WebSite\",\"@id\":\"https:\\\/\\\/papteam.com\\\/#website\",\"url\":\"https:\\\/\\\/papteam.com\\\/\",\"name\":\"PAPTEAM\",\"description\":\"\",\"publisher\":{\"@id\":\"https:\\\/\\\/papteam.com\\\/#organization\"},\"potentialAction\":[{\"@type\":\"SearchAction\",\"target\":{\"@type\":\"EntryPoint\",\"urlTemplate\":\"https:\\\/\\\/papteam.com\\\/?s={search_term_string}\"},\"query-input\":{\"@type\":\"PropertyValueSpecification\",\"valueRequired\":true,\"valueName\":\"search_term_string\"}}],\"inLanguage\":\"en-US\"},{\"@type\":\"Organization\",\"@id\":\"https:\\\/\\\/papteam.com\\\/#organization\",\"name\":\"PAP paramotors\",\"url\":\"https:\\\/\\\/papteam.com\\\/\",\"logo\":{\"@type\":\"ImageObject\",\"inLanguage\":\"en-US\",\"@id\":\"https:\\\/\\\/papteam.com\\\/#\\\/schema\\\/logo\\\/image\\\/\",\"url\":\"https:\\\/\\\/papteam.com\\\/wp-content\\\/uploads\\\/2023\\\/06\\\/LOGO-PAPTEAM-negro.png\",\"contentUrl\":\"https:\\\/\\\/papteam.com\\\/wp-content\\\/uploads\\\/2023\\\/06\\\/LOGO-PAPTEAM-negro.png\",\"width\":1920,\"height\":570,\"caption\":\"PAP paramotors\"},\"image\":{\"@id\":\"https:\\\/\\\/papteam.com\\\/#\\\/schema\\\/logo\\\/image\\\/\"},\"sameAs\":[\"https:\\\/\\\/www.facebook.com\\\/people\\\/PAP-Team-Paramotors\\\/100063510435411\\\/?locale=es_ES\",\"https:\\\/\\\/www.instagram.com\\\/papteamparamotors\\\/?hl=es\"]}]}<\/script>\n<!-- \/ Yoast SEO Premium plugin. -->","yoast_head_json":{"title":"KIT DE MANTENIMIENTO 100HRS PARA MOSTER185 MY20 - PAPTEAM","robots":{"index":"index","follow":"follow","max-snippet":"max-snippet:-1","max-image-preview":"max-image-preview:large","max-video-preview":"max-video-preview:-1"},"canonical":"https:\/\/papteam.com\/es\/producto\/100hrs-maintenance-kit-for-moster185-my20\/","og_locale":"es_ES","og_type":"article","og_title":"100HRS MAINTENANCE KIT FOR MOSTER185 MY20","og_description":"ELEMENTS INCLUDED 1x M006 Oil Seal Viton 20\/35\/7 mm (Set of 2) 1x M009 Piston Roller Bearing 1x M011k Piston Pin \u00d8 16 mm and Pin Lock Ring (Set of 2) 1x M013 Piston Ring GS10 Chromed (Set of 2) 1x M019.5 Copper Lock Nut High Temperature 8 x 1.25 mm (Set of 5) 1x [&hellip;]","og_url":"https:\/\/papteam.com\/es\/producto\/100hrs-maintenance-kit-for-moster185-my20\/","og_site_name":"PAPTEAM","article_publisher":"https:\/\/www.facebook.com\/people\/PAP-Team-Paramotors\/100063510435411\/?locale=es_ES","article_modified_time":"2026-03-10T11:10:29+00:00","twitter_card":"summary_large_image","twitter_misc":{"Est. reading time":"2 minutes"},"schema":{"@context":"https:\/\/schema.org","@graph":[{"@type":"WebPage","@id":"https:\/\/papteam.com\/producto\/100hrs-maintenance-kit-for-moster185-my20\/","url":"https:\/\/papteam.com\/producto\/100hrs-maintenance-kit-for-moster185-my20\/","name":"KIT DE MANTENIMIENTO 100HRS PARA MOSTER185 MY20 - PAPTEAM","isPartOf":{"@id":"https:\/\/papteam.com\/#website"},"datePublished":"2023-02-08T08:19:44+00:00","dateModified":"2026-03-10T11:10:29+00:00","breadcrumb":{"@id":"https:\/\/papteam.com\/producto\/100hrs-maintenance-kit-for-moster185-my20\/#breadcrumb"},"inLanguage":"en-US","potentialAction":[{"@type":"ReadAction","target":["https:\/\/papteam.com\/producto\/100hrs-maintenance-kit-for-moster185-my20\/"]}]},{"@type":"BreadcrumbList","@id":"https:\/\/papteam.com\/producto\/100hrs-maintenance-kit-for-moster185-my20\/#breadcrumb","itemListElement":[{"@type":"ListItem","position":1,"name":"Portada","item":"https:\/\/papteam.com\/"},{"@type":"ListItem","position":2,"name":"Productos","item":"https:\/\/papteam.com\/es\/tienda\/"},{"@type":"ListItem","position":3,"name":"100HRS MAINTENANCE KIT FOR MOSTER185 MY20"}]},{"@type":"WebSite","@id":"https:\/\/papteam.com\/#website","url":"https:\/\/papteam.com\/","name":"PAPTEAM","description":"","publisher":{"@id":"https:\/\/papteam.com\/#organization"},"potentialAction":[{"@type":"SearchAction","target":{"@type":"EntryPoint","urlTemplate":"https:\/\/papteam.com\/?s={search_term_string}"},"query-input":{"@type":"PropertyValueSpecification","valueRequired":true,"valueName":"search_term_string"}}],"inLanguage":"en-US"},{"@type":"Organization","@id":"https:\/\/papteam.com\/#organization","name":"Paramotores PAP","url":"https:\/\/papteam.com\/","logo":{"@type":"ImageObject","inLanguage":"en-US","@id":"https:\/\/papteam.com\/#\/schema\/logo\/image\/","url":"https:\/\/papteam.com\/wp-content\/uploads\/2023\/06\/LOGO-PAPTEAM-negro.png","contentUrl":"https:\/\/papteam.com\/wp-content\/uploads\/2023\/06\/LOGO-PAPTEAM-negro.png","width":1920,"height":570,"caption":"PAP paramotors"},"image":{"@id":"https:\/\/papteam.com\/#\/schema\/logo\/image\/"},"sameAs":["https:\/\/www.facebook.com\/people\/PAP-Team-Paramotors\/100063510435411\/?locale=es_ES","https:\/\/www.instagram.com\/papteamparamotors\/?hl=es"]}]}},"_links":{"self":[{"href":"https:\/\/papteam.com\/es\/wp-json\/wp\/v2\/product\/32033","targetHints":{"allow":["GET"]}}],"collection":[{"href":"https:\/\/papteam.com\/es\/wp-json\/wp\/v2\/product"}],"about":[{"href":"https:\/\/papteam.com\/es\/wp-json\/wp\/v2\/types\/product"}],"replies":[{"embeddable":true,"href":"https:\/\/papteam.com\/es\/wp-json\/wp\/v2\/comments?post=32033"}],"version-history":[{"count":1,"href":"https:\/\/papteam.com\/es\/wp-json\/wp\/v2\/product\/32033\/revisions"}],"predecessor-version":[{"id":32374,"href":"https:\/\/papteam.com\/es\/wp-json\/wp\/v2\/product\/32033\/revisions\/32374"}],"wp:attachment":[{"href":"https:\/\/papteam.com\/es\/wp-json\/wp\/v2\/media?parent=32033"}],"wp:term":[{"taxonomy":"product_brand","embeddable":true,"href":"https:\/\/papteam.com\/es\/wp-json\/wp\/v2\/product_brand?post=32033"},{"taxonomy":"product_cat","embeddable":true,"href":"https:\/\/papteam.com\/es\/wp-json\/wp\/v2\/product_cat?post=32033"},{"taxonomy":"product_tag","embeddable":true,"href":"https:\/\/papteam.com\/es\/wp-json\/wp\/v2\/product_tag?post=32033"}],"curies":[{"name":"wp","href":"https:\/\/api.w.org\/{rel}","templated":true}]}}