{"id":31705,"date":"2023-02-06T15:12:17","date_gmt":"2023-02-06T15:12:17","guid":{"rendered":"https:\/\/papteam.com\/?post_type=product&#038;p=31705"},"modified":"2026-03-10T11:10:08","modified_gmt":"2026-03-10T11:10:08","slug":"100hrs-maintenance-kit-for-atom80-my20","status":"publish","type":"product","link":"https:\/\/papteam.com\/es\/producto\/100hrs-maintenance-kit-for-atom80-my20\/","title":{"rendered":"KIT DE MANTENIMIENTO 100HRS PARA ATOM80 MY20"},"content":{"rendered":"<h2>ELEMENTOS INCLUIDOS:<\/h2>\n<ul>\n<li><strong>1x AT006<\/strong> Ret\u00e9n de aceite Viton 20\/30\/7 mm (Juego de 2)<\/li>\n<li><strong>1x AT009<\/strong> Rodamiento de rodillos del pist\u00f3n<\/li>\n<li><strong>1x AT011<\/strong> Pasador de pist\u00f3n \u00d8 12 mm y anillos de bloqueo de pasador (juego de 2)<\/li>\n<li><strong>1x AT013<\/strong> Anillo de pist\u00f3n GS10 Cromado<\/li>\n<li><strong>1x AT019.5<\/strong> Contratuerca Alta Temperatura 6 x 1 mm (Juego de 5)<\/li>\n<li><strong>1x M020<\/strong> Buj\u00eda NGK BR9ES<\/li>\n<li><strong>2x M021<\/strong> Soporte antivibraciones 30 x 30 mm - M8 x 20 mm (Juego de 2)<\/li>\n<li><strong>1x AT025<\/strong> Serie completa de juntas y juntas t\u00f3ricas<\/li>\n<li><strong>1x MP055k<\/strong> Kit Gancho de pl\u00e1stico (juego de 2) con arandelas de presi\u00f3n 12 x 18 mm (juego de 6) y anillo el\u00e1stico<\/li>\n<li><strong>1x M043<\/strong> Cuerda de arranque 2,20 metros<\/li>\n<li><strong>1x AT082<\/strong> P\u00e9talo de v\u00e1lvula de l\u00e1minas (juego de 2)<\/li>\n<li><strong>1x M097<\/strong> Serie Membranas y Juntas Walbro WB<\/li>\n<li><strong>1x M019.5<\/strong> Contratuerca de cobre alta temperatura 8 x 1,25 mm (juego de 5)<\/li>\n<li><strong>1x M151c<\/strong> Soporte antivibraciones 30 x 20 mm duro (derecho) 14\/14 mm con tuercas (juego de 2)<\/li>\n<li><strong>1x AT093a<\/strong> Colector de goma Air-Box con esponja incorporada<\/li>\n<li><strong>1x M094.2<\/strong> Banda de fijaci\u00f3n 50-70 mm (Juego de 2)<\/li>\n<li><strong>1x AT999<\/strong> Aceite sint\u00e9tico para caja de cambios Atom80 (30 ml)<\/li>\n<\/ul>","protected":false},"excerpt":{"rendered":"<p>ELEMENTS INCLUDED: 1x AT006 Oil Seal Viton 20\/30\/7 mm (Set of 2) 1x AT009 Piston Roller Bearing 1x AT011 Piston Pin \u00d8 12mm and Pin Lock Rings (Set of 2) 1x AT013 Piston Ring GS10 Chromed 1x AT019.5 Lock Nut High Temperature 6 x 1 mm (Set of 5) 1x M020 Spark Plug NGK BR9ES [&hellip;]<\/p>\n","protected":false},"featured_media":32119,"comment_status":"open","ping_status":"closed","template":"","meta":{"content-type":""},"product_brand":[],"product_cat":[4665,4667],"product_tag":[],"class_list":{"0":"post-31705","1":"product","2":"type-product","3":"status-publish","4":"has-post-thumbnail","6":"product_cat-engine-accessories-and-tools-atom80-first-version","7":"product_cat-engine-accessories-and-tools-atom80-my20","9":"first","10":"instock","11":"sale","12":"taxable","13":"shipping-taxable","14":"purchasable","15":"product-type-simple"},"yoast_head":"<!-- This site is optimized with the Yoast SEO Premium plugin v24.0 (Yoast SEO v27.4) - https:\/\/yoast.com\/product\/yoast-seo-premium-wordpress\/ -->\n<title>100HRS MAINTENANCE KIT FOR ATOM80 MY20 - PAPTEAM<\/title>\n<meta name=\"robots\" content=\"index, follow, max-snippet:-1, max-image-preview:large, max-video-preview:-1\" \/>\n<link rel=\"canonical\" href=\"https:\/\/papteam.com\/es\/producto\/100hrs-maintenance-kit-for-atom80-my20\/\" \/>\n<meta property=\"og:locale\" content=\"es_ES\" \/>\n<meta property=\"og:type\" content=\"article\" \/>\n<meta property=\"og:title\" content=\"100HRS MAINTENANCE KIT FOR ATOM80 MY20\" \/>\n<meta property=\"og:description\" content=\"ELEMENTS INCLUDED: 1x AT006 Oil Seal Viton 20\/30\/7 mm (Set of 2) 1x AT009 Piston Roller Bearing 1x AT011 Piston Pin \u00d8 12mm and Pin Lock Rings (Set of 2) 1x AT013 Piston Ring GS10 Chromed 1x AT019.5 Lock Nut High Temperature 6 x 1 mm (Set of 5) 1x M020 Spark Plug NGK BR9ES [&hellip;]\" \/>\n<meta property=\"og:url\" content=\"https:\/\/papteam.com\/es\/producto\/100hrs-maintenance-kit-for-atom80-my20\/\" \/>\n<meta property=\"og:site_name\" content=\"PAPTEAM\" \/>\n<meta property=\"article:publisher\" content=\"https:\/\/www.facebook.com\/people\/PAP-Team-Paramotors\/100063510435411\/?locale=es_ES\" \/>\n<meta property=\"article:modified_time\" content=\"2026-03-10T11:10:08+00:00\" \/>\n<meta property=\"og:image\" content=\"https:\/\/papteam.com\/wp-content\/uploads\/2023\/02\/K100HATMY19.jpg\" \/>\n\t<meta property=\"og:image:width\" content=\"1000\" \/>\n\t<meta property=\"og:image:height\" content=\"1000\" \/>\n\t<meta property=\"og:image:type\" content=\"image\/jpeg\" \/>\n<meta name=\"twitter:card\" content=\"summary_large_image\" \/>\n<meta name=\"twitter:label1\" content=\"Est. reading time\" \/>\n\t<meta name=\"twitter:data1\" content=\"2 minutes\" \/>\n<script type=\"application\/ld+json\" class=\"yoast-schema-graph\">{\"@context\":\"https:\\\/\\\/schema.org\",\"@graph\":[{\"@type\":\"WebPage\",\"@id\":\"https:\\\/\\\/papteam.com\\\/producto\\\/100hrs-maintenance-kit-for-atom80-my20\\\/\",\"url\":\"https:\\\/\\\/papteam.com\\\/producto\\\/100hrs-maintenance-kit-for-atom80-my20\\\/\",\"name\":\"100HRS MAINTENANCE KIT FOR ATOM80 MY20 - PAPTEAM\",\"isPartOf\":{\"@id\":\"https:\\\/\\\/papteam.com\\\/#website\"},\"primaryImageOfPage\":{\"@id\":\"https:\\\/\\\/papteam.com\\\/producto\\\/100hrs-maintenance-kit-for-atom80-my20\\\/#primaryimage\"},\"image\":{\"@id\":\"https:\\\/\\\/papteam.com\\\/producto\\\/100hrs-maintenance-kit-for-atom80-my20\\\/#primaryimage\"},\"thumbnailUrl\":\"https:\\\/\\\/papteam.com\\\/wp-content\\\/uploads\\\/2023\\\/02\\\/K100HATMY19.jpg\",\"datePublished\":\"2023-02-06T15:12:17+00:00\",\"dateModified\":\"2026-03-10T11:10:08+00:00\",\"breadcrumb\":{\"@id\":\"https:\\\/\\\/papteam.com\\\/producto\\\/100hrs-maintenance-kit-for-atom80-my20\\\/#breadcrumb\"},\"inLanguage\":\"en-US\",\"potentialAction\":[{\"@type\":\"ReadAction\",\"target\":[\"https:\\\/\\\/papteam.com\\\/producto\\\/100hrs-maintenance-kit-for-atom80-my20\\\/\"]}]},{\"@type\":\"ImageObject\",\"inLanguage\":\"en-US\",\"@id\":\"https:\\\/\\\/papteam.com\\\/producto\\\/100hrs-maintenance-kit-for-atom80-my20\\\/#primaryimage\",\"url\":\"https:\\\/\\\/papteam.com\\\/wp-content\\\/uploads\\\/2023\\\/02\\\/K100HATMY19.jpg\",\"contentUrl\":\"https:\\\/\\\/papteam.com\\\/wp-content\\\/uploads\\\/2023\\\/02\\\/K100HATMY19.jpg\",\"width\":1000,\"height\":1000},{\"@type\":\"BreadcrumbList\",\"@id\":\"https:\\\/\\\/papteam.com\\\/producto\\\/100hrs-maintenance-kit-for-atom80-my20\\\/#breadcrumb\",\"itemListElement\":[{\"@type\":\"ListItem\",\"position\":1,\"name\":\"Portada\",\"item\":\"https:\\\/\\\/papteam.com\\\/\"},{\"@type\":\"ListItem\",\"position\":2,\"name\":\"Productos\",\"item\":\"https:\\\/\\\/papteam.com\\\/es\\\/tienda\\\/\"},{\"@type\":\"ListItem\",\"position\":3,\"name\":\"100HRS MAINTENANCE KIT FOR ATOM80 MY20\"}]},{\"@type\":\"WebSite\",\"@id\":\"https:\\\/\\\/papteam.com\\\/#website\",\"url\":\"https:\\\/\\\/papteam.com\\\/\",\"name\":\"PAPTEAM\",\"description\":\"\",\"publisher\":{\"@id\":\"https:\\\/\\\/papteam.com\\\/#organization\"},\"potentialAction\":[{\"@type\":\"SearchAction\",\"target\":{\"@type\":\"EntryPoint\",\"urlTemplate\":\"https:\\\/\\\/papteam.com\\\/?s={search_term_string}\"},\"query-input\":{\"@type\":\"PropertyValueSpecification\",\"valueRequired\":true,\"valueName\":\"search_term_string\"}}],\"inLanguage\":\"en-US\"},{\"@type\":\"Organization\",\"@id\":\"https:\\\/\\\/papteam.com\\\/#organization\",\"name\":\"PAP paramotors\",\"url\":\"https:\\\/\\\/papteam.com\\\/\",\"logo\":{\"@type\":\"ImageObject\",\"inLanguage\":\"en-US\",\"@id\":\"https:\\\/\\\/papteam.com\\\/#\\\/schema\\\/logo\\\/image\\\/\",\"url\":\"https:\\\/\\\/papteam.com\\\/wp-content\\\/uploads\\\/2023\\\/06\\\/LOGO-PAPTEAM-negro.png\",\"contentUrl\":\"https:\\\/\\\/papteam.com\\\/wp-content\\\/uploads\\\/2023\\\/06\\\/LOGO-PAPTEAM-negro.png\",\"width\":1920,\"height\":570,\"caption\":\"PAP paramotors\"},\"image\":{\"@id\":\"https:\\\/\\\/papteam.com\\\/#\\\/schema\\\/logo\\\/image\\\/\"},\"sameAs\":[\"https:\\\/\\\/www.facebook.com\\\/people\\\/PAP-Team-Paramotors\\\/100063510435411\\\/?locale=es_ES\",\"https:\\\/\\\/www.instagram.com\\\/papteamparamotors\\\/?hl=es\"]}]}<\/script>\n<!-- \/ Yoast SEO Premium plugin. -->","yoast_head_json":{"title":"KIT DE MANTENIMIENTO 100HRS PARA ATOM80 MY20 - PAPTEAM","robots":{"index":"index","follow":"follow","max-snippet":"max-snippet:-1","max-image-preview":"max-image-preview:large","max-video-preview":"max-video-preview:-1"},"canonical":"https:\/\/papteam.com\/es\/producto\/100hrs-maintenance-kit-for-atom80-my20\/","og_locale":"es_ES","og_type":"article","og_title":"100HRS MAINTENANCE KIT FOR ATOM80 MY20","og_description":"ELEMENTS INCLUDED: 1x AT006 Oil Seal Viton 20\/30\/7 mm (Set of 2) 1x AT009 Piston Roller Bearing 1x AT011 Piston Pin \u00d8 12mm and Pin Lock Rings (Set of 2) 1x AT013 Piston Ring GS10 Chromed 1x AT019.5 Lock Nut High Temperature 6 x 1 mm (Set of 5) 1x M020 Spark Plug NGK BR9ES [&hellip;]","og_url":"https:\/\/papteam.com\/es\/producto\/100hrs-maintenance-kit-for-atom80-my20\/","og_site_name":"PAPTEAM","article_publisher":"https:\/\/www.facebook.com\/people\/PAP-Team-Paramotors\/100063510435411\/?locale=es_ES","article_modified_time":"2026-03-10T11:10:08+00:00","og_image":[{"width":1000,"height":1000,"url":"https:\/\/papteam.com\/wp-content\/uploads\/2023\/02\/K100HATMY19.jpg","type":"image\/jpeg"}],"twitter_card":"summary_large_image","twitter_misc":{"Est. reading time":"2 minutes"},"schema":{"@context":"https:\/\/schema.org","@graph":[{"@type":"WebPage","@id":"https:\/\/papteam.com\/producto\/100hrs-maintenance-kit-for-atom80-my20\/","url":"https:\/\/papteam.com\/producto\/100hrs-maintenance-kit-for-atom80-my20\/","name":"KIT DE MANTENIMIENTO 100HRS PARA ATOM80 MY20 - PAPTEAM","isPartOf":{"@id":"https:\/\/papteam.com\/#website"},"primaryImageOfPage":{"@id":"https:\/\/papteam.com\/producto\/100hrs-maintenance-kit-for-atom80-my20\/#primaryimage"},"image":{"@id":"https:\/\/papteam.com\/producto\/100hrs-maintenance-kit-for-atom80-my20\/#primaryimage"},"thumbnailUrl":"https:\/\/papteam.com\/wp-content\/uploads\/2023\/02\/K100HATMY19.jpg","datePublished":"2023-02-06T15:12:17+00:00","dateModified":"2026-03-10T11:10:08+00:00","breadcrumb":{"@id":"https:\/\/papteam.com\/producto\/100hrs-maintenance-kit-for-atom80-my20\/#breadcrumb"},"inLanguage":"en-US","potentialAction":[{"@type":"ReadAction","target":["https:\/\/papteam.com\/producto\/100hrs-maintenance-kit-for-atom80-my20\/"]}]},{"@type":"ImageObject","inLanguage":"en-US","@id":"https:\/\/papteam.com\/producto\/100hrs-maintenance-kit-for-atom80-my20\/#primaryimage","url":"https:\/\/papteam.com\/wp-content\/uploads\/2023\/02\/K100HATMY19.jpg","contentUrl":"https:\/\/papteam.com\/wp-content\/uploads\/2023\/02\/K100HATMY19.jpg","width":1000,"height":1000},{"@type":"BreadcrumbList","@id":"https:\/\/papteam.com\/producto\/100hrs-maintenance-kit-for-atom80-my20\/#breadcrumb","itemListElement":[{"@type":"ListItem","position":1,"name":"Portada","item":"https:\/\/papteam.com\/"},{"@type":"ListItem","position":2,"name":"Productos","item":"https:\/\/papteam.com\/es\/tienda\/"},{"@type":"ListItem","position":3,"name":"100HRS MAINTENANCE KIT FOR ATOM80 MY20"}]},{"@type":"WebSite","@id":"https:\/\/papteam.com\/#website","url":"https:\/\/papteam.com\/","name":"PAPTEAM","description":"","publisher":{"@id":"https:\/\/papteam.com\/#organization"},"potentialAction":[{"@type":"SearchAction","target":{"@type":"EntryPoint","urlTemplate":"https:\/\/papteam.com\/?s={search_term_string}"},"query-input":{"@type":"PropertyValueSpecification","valueRequired":true,"valueName":"search_term_string"}}],"inLanguage":"en-US"},{"@type":"Organization","@id":"https:\/\/papteam.com\/#organization","name":"Paramotores PAP","url":"https:\/\/papteam.com\/","logo":{"@type":"ImageObject","inLanguage":"en-US","@id":"https:\/\/papteam.com\/#\/schema\/logo\/image\/","url":"https:\/\/papteam.com\/wp-content\/uploads\/2023\/06\/LOGO-PAPTEAM-negro.png","contentUrl":"https:\/\/papteam.com\/wp-content\/uploads\/2023\/06\/LOGO-PAPTEAM-negro.png","width":1920,"height":570,"caption":"PAP paramotors"},"image":{"@id":"https:\/\/papteam.com\/#\/schema\/logo\/image\/"},"sameAs":["https:\/\/www.facebook.com\/people\/PAP-Team-Paramotors\/100063510435411\/?locale=es_ES","https:\/\/www.instagram.com\/papteamparamotors\/?hl=es"]}]}},"_links":{"self":[{"href":"https:\/\/papteam.com\/es\/wp-json\/wp\/v2\/product\/31705","targetHints":{"allow":["GET"]}}],"collection":[{"href":"https:\/\/papteam.com\/es\/wp-json\/wp\/v2\/product"}],"about":[{"href":"https:\/\/papteam.com\/es\/wp-json\/wp\/v2\/types\/product"}],"replies":[{"embeddable":true,"href":"https:\/\/papteam.com\/es\/wp-json\/wp\/v2\/comments?post=31705"}],"version-history":[{"count":1,"href":"https:\/\/papteam.com\/es\/wp-json\/wp\/v2\/product\/31705\/revisions"}],"predecessor-version":[{"id":32355,"href":"https:\/\/papteam.com\/es\/wp-json\/wp\/v2\/product\/31705\/revisions\/32355"}],"wp:featuredmedia":[{"embeddable":true,"href":"https:\/\/papteam.com\/es\/wp-json\/wp\/v2\/media\/32119"}],"wp:attachment":[{"href":"https:\/\/papteam.com\/es\/wp-json\/wp\/v2\/media?parent=31705"}],"wp:term":[{"taxonomy":"product_brand","embeddable":true,"href":"https:\/\/papteam.com\/es\/wp-json\/wp\/v2\/product_brand?post=31705"},{"taxonomy":"product_cat","embeddable":true,"href":"https:\/\/papteam.com\/es\/wp-json\/wp\/v2\/product_cat?post=31705"},{"taxonomy":"product_tag","embeddable":true,"href":"https:\/\/papteam.com\/es\/wp-json\/wp\/v2\/product_tag?post=31705"}],"curies":[{"name":"wp","href":"https:\/\/api.w.org\/{rel}","templated":true}]}}