{"id":40068,"date":"2024-07-23T08:58:55","date_gmt":"2024-07-23T08:58:55","guid":{"rendered":"https:\/\/papteam.com\/?page_id=40068"},"modified":"2024-07-23T08:58:58","modified_gmt":"2024-07-23T08:58:58","slug":"returns-and-exchanges-2","status":"publish","type":"page","link":"https:\/\/papteam.com\/es\/returns-and-exchanges-2\/","title":{"rendered":"DEVOLUCIONES Y CAMBIOS"},"content":{"rendered":"<p>Si al recibir la mercanc\u00eda observa que el embalaje est\u00e1 da\u00f1ado y puede haber sufrido alg\u00fan deterioro, debe indicarlo en el albar\u00e1n del transportista y comprobar inmediatamente que la mercanc\u00eda est\u00e1 en perfectas condiciones. En caso contrario, deber\u00e1 ponerse en contacto con nosotros adjuntando fotos del art\u00edculo y le daremos instrucciones para devolver el pedido a portes debidos para que sea sustituido por otro sin coste alguno para usted.<\/p>\n\n\n\n<p><strong>Devoluci\u00f3n<\/strong><\/p>\n\n\n\n<p>Si ha comprado un producto que no le gusta o no es de su talla, puede solicitar un cambio por otro o la devoluci\u00f3n del dinero del producto. En ambos casos, los gastos de env\u00edo correr\u00e1n a cargo del cliente. P\u00f3ngase en contacto con nosotros para establecer la forma de env\u00edo, despu\u00e9s empaquete la mercanc\u00eda en su embalaje original sin haber sido usada y env\u00edela a la direcci\u00f3n de contacto que aparece en la p\u00e1gina web.<\/p>\n\n\n\n<p><strong>No se aceptar\u00e1 ning\u00fan producto que haya sufrido da\u00f1os en el embalaje o en el propio producto.<\/strong><\/p>\n\n\n\n<p>El cliente dispone de un plazo m\u00e1ximo de 14 d\u00edas para devolver el producto. Transcurrido este plazo, Propulsi\u00f3n Auxiliar Parapente no est\u00e1 obligada ni comprometida a tramitar la devoluci\u00f3n. Los env\u00edos a Canarias, Baleares, Ceuta y Melilla o fuera de la pen\u00ednsula tienen cargos adicionales, por favor inf\u00f3rmese antes de realizar la devoluci\u00f3n.<\/p>\n\n\n\n<p>Si la devoluci\u00f3n se realiza para art\u00edculos con los n\u00fameros de referencia PC03, PC04, PC05, PC06 y PC07, no se reembolsar\u00e1 el importe total, sino que se reembolsar\u00e1 el 80% del valor total facturado del producto.<\/p>\n\n\n\n<p><strong>Importante<\/strong>: No se aceptar\u00e1n devoluciones ni reembolsos de paramotores. Una vez realizado el pago de un pedido de paramotores, no se aceptar\u00e1n devoluciones ni reembolsos, aunque el paramotor permanezca en nuestras instalaciones, se encuentre en ruta hacia el destino, en aduanas, o ya en el domicilio del destinatario.<\/p>\n\n\n\n<p><strong>Garant\u00eda del fabricante<\/strong><\/p>\n\n\n\n<p>Todos nuestros productos gozan de una garant\u00eda limitada del fabricante de dos a\u00f1os.<\/p>\n\n\n\n<p>En caso de mal funcionamiento, contacta con nosotros y gestionaremos la reparaci\u00f3n del producto o, si no se puede reparar, su sustituci\u00f3n. Antes de enviarnos su art\u00edculo, debe ponerse en contacto con nosotros para que tengamos constancia del env\u00edo y autoricemos su devoluci\u00f3n. No olvide adjuntar fotograf\u00edas detalladas del art\u00edculo. Embale el producto en un paquete sellado y perfectamente acondicionado para que no sufra da\u00f1os durante el transporte. Incluya una breve descripci\u00f3n de lo que le ocurre al producto, as\u00ed como una copia de la factura o ticket de compra. Los gastos de env\u00edo correr\u00e1n a cargo del cliente.<\/p>\n\n\n\n<p><strong>Importante<\/strong>:<\/p>\n\n\n\n<p>Cualquier manipulaci\u00f3n o reparaci\u00f3n realizada por personal no autorizado invalidar\u00e1 la garant\u00eda.<\/p>\n\n\n\n<p>Recomendamos no retirar los pl\u00e1sticos protectores, si los hubiera, hasta comprobar el perfecto funcionamiento de su art\u00edculo.<\/p>\n\n\n\n<p><strong>Producto incorrecto<\/strong><\/p>\n\n\n\n<p>Si el producto entregado no coincide con el solicitado en el pedido, debe notific\u00e1rnoslo inmediatamente. P\u00f3ngase en contacto con nosotros a trav\u00e9s de la secci\u00f3n de contacto de nuestro sitio web y tramitaremos su incidencia lo antes posible.<\/p>\n\n\n\n<p>Para cualquier aclaraci\u00f3n sobre todos los puntos anteriores, recuerde que puede ponerse en contacto con nosotros en <a>info@papteam.com<\/a> o por tel\u00e9fono en el 952 88 48 11, estaremos encantados de atenderle.<\/p>","protected":false},"excerpt":{"rendered":"<p>If upon receiving the merchandise you notice that the packaging is damaged and may have suffered some deterioration, you must indicate this on the carrier&#8217;s delivery note and immediately check that the merchandise is in perfect condition. If it is not, you should contact us attaching photos of the item and we will give you [&hellip;]<\/p>\n","protected":false},"author":3,"featured_media":0,"parent":0,"menu_order":0,"comment_status":"closed","ping_status":"closed","template":"","meta":{"content-type":"","footnotes":""},"class_list":["post-40068","page","type-page","status-publish","hentry"],"yoast_head":"<!-- This site is optimized with the Yoast SEO Premium plugin v24.0 (Yoast SEO v27.4) - https:\/\/yoast.com\/product\/yoast-seo-premium-wordpress\/ -->\n<title>RETURNS AND EXCHANGES - PAPTEAM<\/title>\n<meta name=\"robots\" content=\"index, follow, max-snippet:-1, max-image-preview:large, max-video-preview:-1\" \/>\n<link rel=\"canonical\" href=\"https:\/\/papteam.com\/es\/returns-and-exchanges-2\/\" \/>\n<meta property=\"og:locale\" content=\"es_ES\" \/>\n<meta property=\"og:type\" content=\"article\" \/>\n<meta property=\"og:title\" content=\"RETURNS AND EXCHANGES\" \/>\n<meta property=\"og:description\" content=\"If upon receiving the merchandise you notice that the packaging is damaged and may have suffered some deterioration, you must indicate this on the carrier&#8217;s delivery note and immediately check that the merchandise is in perfect condition. If it is not, you should contact us attaching photos of the item and we will give you [&hellip;]\" \/>\n<meta property=\"og:url\" content=\"https:\/\/papteam.com\/es\/returns-and-exchanges-2\/\" \/>\n<meta property=\"og:site_name\" content=\"PAPTEAM\" \/>\n<meta property=\"article:publisher\" content=\"https:\/\/www.facebook.com\/people\/PAP-Team-Paramotors\/100063510435411\/?locale=es_ES\" \/>\n<meta property=\"article:modified_time\" content=\"2024-07-23T08:58:58+00:00\" \/>\n<meta name=\"twitter:card\" content=\"summary_large_image\" \/>\n<meta name=\"twitter:label1\" content=\"Est. reading time\" \/>\n\t<meta name=\"twitter:data1\" content=\"3 minutes\" \/>\n<script type=\"application\/ld+json\" class=\"yoast-schema-graph\">{\"@context\":\"https:\\\/\\\/schema.org\",\"@graph\":[{\"@type\":\"WebPage\",\"@id\":\"https:\\\/\\\/papteam.com\\\/returns-and-exchanges-2\\\/\",\"url\":\"https:\\\/\\\/papteam.com\\\/returns-and-exchanges-2\\\/\",\"name\":\"RETURNS AND EXCHANGES - PAPTEAM\",\"isPartOf\":{\"@id\":\"https:\\\/\\\/papteam.com\\\/#website\"},\"datePublished\":\"2024-07-23T08:58:55+00:00\",\"dateModified\":\"2024-07-23T08:58:58+00:00\",\"breadcrumb\":{\"@id\":\"https:\\\/\\\/papteam.com\\\/returns-and-exchanges-2\\\/#breadcrumb\"},\"inLanguage\":\"en-US\",\"potentialAction\":[{\"@type\":\"ReadAction\",\"target\":[\"https:\\\/\\\/papteam.com\\\/returns-and-exchanges-2\\\/\"]}]},{\"@type\":\"BreadcrumbList\",\"@id\":\"https:\\\/\\\/papteam.com\\\/returns-and-exchanges-2\\\/#breadcrumb\",\"itemListElement\":[{\"@type\":\"ListItem\",\"position\":1,\"name\":\"Portada\",\"item\":\"https:\\\/\\\/papteam.com\\\/\"},{\"@type\":\"ListItem\",\"position\":2,\"name\":\"RETURNS AND EXCHANGES\"}]},{\"@type\":\"WebSite\",\"@id\":\"https:\\\/\\\/papteam.com\\\/#website\",\"url\":\"https:\\\/\\\/papteam.com\\\/\",\"name\":\"PAPTEAM\",\"description\":\"\",\"publisher\":{\"@id\":\"https:\\\/\\\/papteam.com\\\/#organization\"},\"potentialAction\":[{\"@type\":\"SearchAction\",\"target\":{\"@type\":\"EntryPoint\",\"urlTemplate\":\"https:\\\/\\\/papteam.com\\\/?s={search_term_string}\"},\"query-input\":{\"@type\":\"PropertyValueSpecification\",\"valueRequired\":true,\"valueName\":\"search_term_string\"}}],\"inLanguage\":\"en-US\"},{\"@type\":\"Organization\",\"@id\":\"https:\\\/\\\/papteam.com\\\/#organization\",\"name\":\"PAP paramotors\",\"url\":\"https:\\\/\\\/papteam.com\\\/\",\"logo\":{\"@type\":\"ImageObject\",\"inLanguage\":\"en-US\",\"@id\":\"https:\\\/\\\/papteam.com\\\/#\\\/schema\\\/logo\\\/image\\\/\",\"url\":\"https:\\\/\\\/papteam.com\\\/wp-content\\\/uploads\\\/2023\\\/06\\\/LOGO-PAPTEAM-negro.png\",\"contentUrl\":\"https:\\\/\\\/papteam.com\\\/wp-content\\\/uploads\\\/2023\\\/06\\\/LOGO-PAPTEAM-negro.png\",\"width\":1920,\"height\":570,\"caption\":\"PAP paramotors\"},\"image\":{\"@id\":\"https:\\\/\\\/papteam.com\\\/#\\\/schema\\\/logo\\\/image\\\/\"},\"sameAs\":[\"https:\\\/\\\/www.facebook.com\\\/people\\\/PAP-Team-Paramotors\\\/100063510435411\\\/?locale=es_ES\",\"https:\\\/\\\/www.instagram.com\\\/papteamparamotors\\\/?hl=es\"]}]}<\/script>\n<!-- \/ Yoast SEO Premium plugin. -->","yoast_head_json":{"title":"DEVOLUCIONES Y CAMBIOS - PAPTEAM","robots":{"index":"index","follow":"follow","max-snippet":"max-snippet:-1","max-image-preview":"max-image-preview:large","max-video-preview":"max-video-preview:-1"},"canonical":"https:\/\/papteam.com\/es\/returns-and-exchanges-2\/","og_locale":"es_ES","og_type":"article","og_title":"RETURNS AND EXCHANGES","og_description":"If upon receiving the merchandise you notice that the packaging is damaged and may have suffered some deterioration, you must indicate this on the carrier&#8217;s delivery note and immediately check that the merchandise is in perfect condition. If it is not, you should contact us attaching photos of the item and we will give you [&hellip;]","og_url":"https:\/\/papteam.com\/es\/returns-and-exchanges-2\/","og_site_name":"PAPTEAM","article_publisher":"https:\/\/www.facebook.com\/people\/PAP-Team-Paramotors\/100063510435411\/?locale=es_ES","article_modified_time":"2024-07-23T08:58:58+00:00","twitter_card":"summary_large_image","twitter_misc":{"Est. reading time":"3 minutes"},"schema":{"@context":"https:\/\/schema.org","@graph":[{"@type":"WebPage","@id":"https:\/\/papteam.com\/returns-and-exchanges-2\/","url":"https:\/\/papteam.com\/returns-and-exchanges-2\/","name":"DEVOLUCIONES Y CAMBIOS - PAPTEAM","isPartOf":{"@id":"https:\/\/papteam.com\/#website"},"datePublished":"2024-07-23T08:58:55+00:00","dateModified":"2024-07-23T08:58:58+00:00","breadcrumb":{"@id":"https:\/\/papteam.com\/returns-and-exchanges-2\/#breadcrumb"},"inLanguage":"en-US","potentialAction":[{"@type":"ReadAction","target":["https:\/\/papteam.com\/returns-and-exchanges-2\/"]}]},{"@type":"BreadcrumbList","@id":"https:\/\/papteam.com\/returns-and-exchanges-2\/#breadcrumb","itemListElement":[{"@type":"ListItem","position":1,"name":"Portada","item":"https:\/\/papteam.com\/"},{"@type":"ListItem","position":2,"name":"RETURNS AND EXCHANGES"}]},{"@type":"WebSite","@id":"https:\/\/papteam.com\/#website","url":"https:\/\/papteam.com\/","name":"PAPTEAM","description":"","publisher":{"@id":"https:\/\/papteam.com\/#organization"},"potentialAction":[{"@type":"SearchAction","target":{"@type":"EntryPoint","urlTemplate":"https:\/\/papteam.com\/?s={search_term_string}"},"query-input":{"@type":"PropertyValueSpecification","valueRequired":true,"valueName":"search_term_string"}}],"inLanguage":"en-US"},{"@type":"Organization","@id":"https:\/\/papteam.com\/#organization","name":"Paramotores PAP","url":"https:\/\/papteam.com\/","logo":{"@type":"ImageObject","inLanguage":"en-US","@id":"https:\/\/papteam.com\/#\/schema\/logo\/image\/","url":"https:\/\/papteam.com\/wp-content\/uploads\/2023\/06\/LOGO-PAPTEAM-negro.png","contentUrl":"https:\/\/papteam.com\/wp-content\/uploads\/2023\/06\/LOGO-PAPTEAM-negro.png","width":1920,"height":570,"caption":"PAP paramotors"},"image":{"@id":"https:\/\/papteam.com\/#\/schema\/logo\/image\/"},"sameAs":["https:\/\/www.facebook.com\/people\/PAP-Team-Paramotors\/100063510435411\/?locale=es_ES","https:\/\/www.instagram.com\/papteamparamotors\/?hl=es"]}]}},"_links":{"self":[{"href":"https:\/\/papteam.com\/es\/wp-json\/wp\/v2\/pages\/40068","targetHints":{"allow":["GET"]}}],"collection":[{"href":"https:\/\/papteam.com\/es\/wp-json\/wp\/v2\/pages"}],"about":[{"href":"https:\/\/papteam.com\/es\/wp-json\/wp\/v2\/types\/page"}],"author":[{"embeddable":true,"href":"https:\/\/papteam.com\/es\/wp-json\/wp\/v2\/users\/3"}],"replies":[{"embeddable":true,"href":"https:\/\/papteam.com\/es\/wp-json\/wp\/v2\/comments?post=40068"}],"version-history":[{"count":1,"href":"https:\/\/papteam.com\/es\/wp-json\/wp\/v2\/pages\/40068\/revisions"}],"predecessor-version":[{"id":40070,"href":"https:\/\/papteam.com\/es\/wp-json\/wp\/v2\/pages\/40068\/revisions\/40070"}],"wp:attachment":[{"href":"https:\/\/papteam.com\/es\/wp-json\/wp\/v2\/media?parent=40068"}],"curies":[{"name":"wp","href":"https:\/\/api.w.org\/{rel}","templated":true}]}}