{"id":36982,"date":"2023-11-21T09:41:26","date_gmt":"2023-11-21T09:41:26","guid":{"rendered":"https:\/\/papteam.com\/?page_id=36982"},"modified":"2023-11-21T09:41:28","modified_gmt":"2023-11-21T09:41:28","slug":"social-media-privacy-policy","status":"publish","type":"page","link":"https:\/\/papteam.com\/es\/social-media-privacy-policy\/","title":{"rendered":"Pol\u00edtica de Privacidad en Redes Sociales"},"content":{"rendered":"<p><br>En cumplimiento de la normativa vigente y aplicable en materia de protecci\u00f3n de datos personales, as\u00ed como de la Ley 34\/2002, de 11 de julio, de Servicios de la Sociedad de la Informaci\u00f3n y de Comercio Electr\u00f3nico (LSSI-CE), PROPULSI\u00d3N AUXILIAR PARAPENTE SL informa a los usuarios que ha creado un perfil en las redes sociales Facebook, Instagram, y Youtube, con la finalidad principal de publicitar sus productos y servicios.<\/p>\n\n\n\n<p>Datos de PROPULSION AUXILIAR PARAPENTE SL:<\/p>\n\n\n\n<ul class=\"wp-block-list\">\n<li>NIF: B29490372<\/li>\n\n\n\n<li>Direcci\u00f3n: UR WATER GARDEN CALLE LA MORALEJA, LOCAL 1, 29680 ESTEPONA (M\u00c1LAGA)<\/li>\n\n\n\n<li>Correo electr\u00f3nico: <a href=\"mailto:INFO@PAPTEAM.COM\">INFO@PAPTEAM.COM<\/a><\/li>\n<\/ul>\n\n\n\n<p>El usuario dispone de un perfil en la misma red social y ha decidido unirse a la p\u00e1gina creada por PROPULSION AUXILIAR PARAPENTE SL, indicando un inter\u00e9s en la informaci\u00f3n publicada en la red. Al unirse a nuestra p\u00e1gina, el usuario presta su consentimiento para el tratamiento de los datos personales publicados en su perfil.<\/p>\n\n\n\n<p>El usuario puede acceder en cualquier momento a las pol\u00edticas de privacidad de la red social y configurar su perfil para garantizar la privacidad.<\/p>\n\n\n\n<p>PROPULSI\u00d3N AUXILIAR PARAPENTE SL tiene acceso y trata la informaci\u00f3n p\u00fablica del usuario, especialmente su nombre de contacto. Estos datos se utilizan \u00fanicamente dentro de la red social y no se incorporan a ning\u00fan sistema de tratamiento.<\/p>\n\n\n\n<p><strong>Derechos de los interesados:<\/strong> En relaci\u00f3n con los derechos de acceso, rectificaci\u00f3n, limitaci\u00f3n del tratamiento, supresi\u00f3n, portabilidad y oposici\u00f3n al tratamiento de datos personales, usted tiene los siguientes derechos, que podr\u00e1 ejercer ante PROPULSION AUXILIAR PARAPENTE SL, de conformidad con el GDPR:<\/p>\n\n\n\n<p><strong>Derecho de acceso:<\/strong> Derecho a obtener informaci\u00f3n sobre datos personales concretos y sobre el tratamiento que se ha realizado o se est\u00e1 realizando, as\u00ed como la informaci\u00f3n disponible sobre el origen de dichos datos y las comunicaciones realizadas o previstas de los mismos.<\/p>\n\n\n\n<p><strong>Derecho de rectificaci\u00f3n:<\/strong> Derecho a que se modifiquen los datos inexactos o incompletos, limitado a la informaci\u00f3n que est\u00e9 bajo el control de PROPULSION AUXILIAR PARAPENTE SL.<\/p>\n\n\n\n<p><strong>Derecho de limitaci\u00f3n del tratamiento:<\/strong> Derecho a limitar los fines del tratamiento previstos inicialmente por el responsable del tratamiento.<\/p>\n\n\n\n<p><strong>Derecho de supresi\u00f3n:<\/strong> Derecho a suprimir los datos personales, salvo lo dispuesto en el RGPD u otra normativa aplicable que determine la obligaci\u00f3n de conservarlos.<\/p>\n\n\n\n<p><strong>Derecho de portabilidad:<\/strong> Derecho a recibir los datos personales facilitados por el usuario en un formato estructurado, de uso com\u00fan y lectura mec\u00e1nica, y a transmitirlos a otro responsable del tratamiento.<\/p>\n\n\n\n<p><strong>Oposici\u00f3n Derecha:<\/strong> Derecho a oponerse al tratamiento de los datos personales o a cesar en el mismo por parte de PROPULSION AUXILIAR PARAPENTE SL.<\/p>\n\n\n\n<p><strong>Actuaciones de PROPULSION AUXILIAR PARAPENTE SL:<\/strong><\/p>\n\n\n\n<ul class=\"wp-block-list\">\n<li>Acceso a la informaci\u00f3n del perfil p\u00fablico del usuario.<\/li>\n\n\n\n<li>Publicaci\u00f3n en el perfil del usuario de cualquier informaci\u00f3n ya publicada en la p\u00e1gina de PROPULSION AUXILIAR PARAPENTE SL.<\/li>\n\n\n\n<li>Env\u00edo de mensajes personales e individuales a trav\u00e9s de los canales de las redes sociales.<\/li>\n\n\n\n<li>Actualizaciones del estado de la p\u00e1gina que se publicar\u00e1n en el perfil del usuario.<\/li>\n<\/ul>\n\n\n\n<p>El usuario siempre puede controlar sus conexiones, eliminar los contenidos que no le interesen y restringir con qui\u00e9n comparte conexiones accediendo a su configuraci\u00f3n de privacidad.<\/p>\n\n\n\n<p><strong>Puestos:<\/strong> Una vez unido a la p\u00e1gina de PROPULSION AUXILIAR PARAPENTE SL, el usuario podr\u00e1 publicar comentarios, enlaces, im\u00e1genes, o cualquier otro tipo de contenido multimedia soportado por la red social. El usuario deber\u00e1 ser el titular de dichos contenidos, tener derechos de autor y propiedad intelectual o contar con el consentimiento de los terceros afectados. Queda expresamente prohibida la publicaci\u00f3n de contenidos que atenten contra la moral, la \u00e9tica, el buen gusto o el decoro, y\/o vulneren los derechos de propiedad intelectual o industrial, el derecho a la imagen o la legalidad vigente. PROPULSION AUXILIAR PARAPENTE SL se reserva el derecho a retirar de inmediato el contenido y podr\u00e1 solicitar el bloqueo permanente del usuario.<\/p>\n\n\n\n<p>PROPULSION AUXILIAR PARAPENTE SL no se hace responsable de los contenidos publicados por los usuarios.<\/p>\n\n\n\n<p>El usuario debe ser consciente de que sus mensajes ser\u00e1n visibles para otros usuarios, por lo que es el principal responsable de su privacidad.<\/p>\n\n\n\n<p>Las im\u00e1genes publicadas en la p\u00e1gina no ser\u00e1n almacenadas en ning\u00fan sistema de tratamiento por parte de PROPULSI\u00d3N AUXILIAR PARAPENTE SL sino que permanecer\u00e1n en la red social.<\/p>\n\n\n\n<p><strong>Concursos y promociones:<\/strong> PROPULSION AUXILIAR PARAPENTE SL se reserva el derecho a realizar concursos y promociones en los que podr\u00e1 participar el usuario unido a su p\u00e1gina. Las condiciones de cada uno de ellos se publicar\u00e1n en la plataforma de la red social. En todo caso se estar\u00e1 a lo dispuesto en la LSSICE y dem\u00e1s normativa aplicable.<\/p>\n\n\n\n<p>La red social no patrocina, avala ni administra en modo alguno ninguna de nuestras promociones.<\/p>\n\n\n\n<p><strong>Publicidad:<\/strong> PROPULSION AUXILIAR PARAPENTE SL utilizar\u00e1 la red social para publicitar sus productos y servicios. En el caso de que los datos de contacto sean tratados para acciones de prospecci\u00f3n comercial directa, se respetar\u00e1n en todo momento las exigencias legales de la normativa de protecci\u00f3n de datos y la LSSI-CE.<\/p>\n\n\n\n<p>No se considerar\u00e1 publicidad el hecho de recomendar a otras personas la p\u00e1gina de PROPULSION AUXILIAR PARAPENTE SL, ya que ello les permite disfrutar de las promociones o estar informados de sus actividades.<\/p>\n\n\n\n<p>Aqu\u00ed est\u00e1n los enlaces a las pol\u00edticas de privacidad de las redes sociales:<\/p>\n\n\n\n<ul class=\"wp-block-list\">\n<li>Facebook: <a href=\"https:\/\/es-es.facebook.com\/privacy\/explanation\">https:\/\/es-es.facebook.com\/privacy\/explanation<\/a><\/li>\n\n\n\n<li>Instagram: <a href=\"http:\/\/instagram.com\/about\/legal\/privacy\/\">http:\/\/instagram.com\/about\/legal\/privacy\/<\/a><\/li>\n\n\n\n<li>Youtube: <a href=\"http:\/\/www.youtube.com\/intl\/ALL_es\/howyoutubewo\">www.youtube.com\/intl\/ALL_es\/howyoutubewo<\/a><\/li>\n<\/ul>\n\n\n\n<p>\u00daltima actualizaci\u00f3n: 7 de septiembre de 2023.<\/p>","protected":false},"excerpt":{"rendered":"<p>In accordance with the current and applicable personal data protection regulations and the Law 34\/2002, of July 11, on Information Society Services and Electronic Commerce (LSSI-CE), PROPULSION AUXILIAR PARAPENTE SL informs users that it has created a profile on the social networks Facebook, Instagram, and Youtube, with the main purpose of advertising its products and [&hellip;]<\/p>\n","protected":false},"author":3,"featured_media":0,"parent":0,"menu_order":0,"comment_status":"closed","ping_status":"closed","template":"","meta":{"content-type":"","footnotes":""},"class_list":["post-36982","page","type-page","status-publish","hentry"],"yoast_head":"<!-- This site is optimized with the Yoast SEO Premium plugin v24.0 (Yoast SEO v27.5) - https:\/\/yoast.com\/product\/yoast-seo-premium-wordpress\/ -->\n<title>Social media Privacy Policy - PAPTEAM<\/title>\n<meta name=\"robots\" content=\"index, follow, max-snippet:-1, max-image-preview:large, max-video-preview:-1\" \/>\n<link rel=\"canonical\" href=\"https:\/\/papteam.com\/es\/social-media-privacy-policy\/\" \/>\n<meta property=\"og:locale\" content=\"es_ES\" \/>\n<meta property=\"og:type\" content=\"article\" \/>\n<meta property=\"og:title\" content=\"Social media Privacy Policy\" \/>\n<meta property=\"og:description\" content=\"In accordance with the current and applicable personal data protection regulations and the Law 34\/2002, of July 11, on Information Society Services and Electronic Commerce (LSSI-CE), PROPULSION AUXILIAR PARAPENTE SL informs users that it has created a profile on the social networks Facebook, Instagram, and Youtube, with the main purpose of advertising its products and [&hellip;]\" \/>\n<meta property=\"og:url\" content=\"https:\/\/papteam.com\/es\/social-media-privacy-policy\/\" \/>\n<meta property=\"og:site_name\" content=\"PAPTEAM\" \/>\n<meta property=\"article:publisher\" content=\"https:\/\/www.facebook.com\/people\/PAP-Team-Paramotors\/100063510435411\/?locale=es_ES\" \/>\n<meta property=\"article:modified_time\" content=\"2023-11-21T09:41:28+00:00\" \/>\n<meta name=\"twitter:card\" content=\"summary_large_image\" \/>\n<meta name=\"twitter:label1\" content=\"Est. reading time\" \/>\n\t<meta name=\"twitter:data1\" content=\"4 minutes\" \/>\n<script type=\"application\/ld+json\" class=\"yoast-schema-graph\">{\"@context\":\"https:\\\/\\\/schema.org\",\"@graph\":[{\"@type\":\"WebPage\",\"@id\":\"https:\\\/\\\/papteam.com\\\/social-media-privacy-policy\\\/\",\"url\":\"https:\\\/\\\/papteam.com\\\/social-media-privacy-policy\\\/\",\"name\":\"Social media Privacy Policy - PAPTEAM\",\"isPartOf\":{\"@id\":\"https:\\\/\\\/papteam.com\\\/#website\"},\"datePublished\":\"2023-11-21T09:41:26+00:00\",\"dateModified\":\"2023-11-21T09:41:28+00:00\",\"breadcrumb\":{\"@id\":\"https:\\\/\\\/papteam.com\\\/social-media-privacy-policy\\\/#breadcrumb\"},\"inLanguage\":\"en-US\",\"potentialAction\":[{\"@type\":\"ReadAction\",\"target\":[\"https:\\\/\\\/papteam.com\\\/social-media-privacy-policy\\\/\"]}]},{\"@type\":\"BreadcrumbList\",\"@id\":\"https:\\\/\\\/papteam.com\\\/social-media-privacy-policy\\\/#breadcrumb\",\"itemListElement\":[{\"@type\":\"ListItem\",\"position\":1,\"name\":\"Portada\",\"item\":\"https:\\\/\\\/papteam.com\\\/\"},{\"@type\":\"ListItem\",\"position\":2,\"name\":\"Social media Privacy Policy\"}]},{\"@type\":\"WebSite\",\"@id\":\"https:\\\/\\\/papteam.com\\\/#website\",\"url\":\"https:\\\/\\\/papteam.com\\\/\",\"name\":\"PAPTEAM\",\"description\":\"\",\"publisher\":{\"@id\":\"https:\\\/\\\/papteam.com\\\/#organization\"},\"potentialAction\":[{\"@type\":\"SearchAction\",\"target\":{\"@type\":\"EntryPoint\",\"urlTemplate\":\"https:\\\/\\\/papteam.com\\\/?s={search_term_string}\"},\"query-input\":{\"@type\":\"PropertyValueSpecification\",\"valueRequired\":true,\"valueName\":\"search_term_string\"}}],\"inLanguage\":\"en-US\"},{\"@type\":\"Organization\",\"@id\":\"https:\\\/\\\/papteam.com\\\/#organization\",\"name\":\"PAP paramotors\",\"url\":\"https:\\\/\\\/papteam.com\\\/\",\"logo\":{\"@type\":\"ImageObject\",\"inLanguage\":\"en-US\",\"@id\":\"https:\\\/\\\/papteam.com\\\/#\\\/schema\\\/logo\\\/image\\\/\",\"url\":\"https:\\\/\\\/papteam.com\\\/wp-content\\\/uploads\\\/2023\\\/06\\\/LOGO-PAPTEAM-negro.png\",\"contentUrl\":\"https:\\\/\\\/papteam.com\\\/wp-content\\\/uploads\\\/2023\\\/06\\\/LOGO-PAPTEAM-negro.png\",\"width\":1920,\"height\":570,\"caption\":\"PAP paramotors\"},\"image\":{\"@id\":\"https:\\\/\\\/papteam.com\\\/#\\\/schema\\\/logo\\\/image\\\/\"},\"sameAs\":[\"https:\\\/\\\/www.facebook.com\\\/people\\\/PAP-Team-Paramotors\\\/100063510435411\\\/?locale=es_ES\",\"https:\\\/\\\/www.instagram.com\\\/papteamparamotors\\\/?hl=es\"]}]}<\/script>\n<!-- \/ Yoast SEO Premium plugin. -->","yoast_head_json":{"title":"Pol\u00edtica de privacidad de las redes sociales - PAPTEAM","robots":{"index":"index","follow":"follow","max-snippet":"max-snippet:-1","max-image-preview":"max-image-preview:large","max-video-preview":"max-video-preview:-1"},"canonical":"https:\/\/papteam.com\/es\/social-media-privacy-policy\/","og_locale":"es_ES","og_type":"article","og_title":"Social media Privacy Policy","og_description":"In accordance with the current and applicable personal data protection regulations and the Law 34\/2002, of July 11, on Information Society Services and Electronic Commerce (LSSI-CE), PROPULSION AUXILIAR PARAPENTE SL informs users that it has created a profile on the social networks Facebook, Instagram, and Youtube, with the main purpose of advertising its products and [&hellip;]","og_url":"https:\/\/papteam.com\/es\/social-media-privacy-policy\/","og_site_name":"PAPTEAM","article_publisher":"https:\/\/www.facebook.com\/people\/PAP-Team-Paramotors\/100063510435411\/?locale=es_ES","article_modified_time":"2023-11-21T09:41:28+00:00","twitter_card":"summary_large_image","twitter_misc":{"Est. reading time":"4 minutes"},"schema":{"@context":"https:\/\/schema.org","@graph":[{"@type":"WebPage","@id":"https:\/\/papteam.com\/social-media-privacy-policy\/","url":"https:\/\/papteam.com\/social-media-privacy-policy\/","name":"Pol\u00edtica de privacidad de las redes sociales - PAPTEAM","isPartOf":{"@id":"https:\/\/papteam.com\/#website"},"datePublished":"2023-11-21T09:41:26+00:00","dateModified":"2023-11-21T09:41:28+00:00","breadcrumb":{"@id":"https:\/\/papteam.com\/social-media-privacy-policy\/#breadcrumb"},"inLanguage":"en-US","potentialAction":[{"@type":"ReadAction","target":["https:\/\/papteam.com\/social-media-privacy-policy\/"]}]},{"@type":"BreadcrumbList","@id":"https:\/\/papteam.com\/social-media-privacy-policy\/#breadcrumb","itemListElement":[{"@type":"ListItem","position":1,"name":"Portada","item":"https:\/\/papteam.com\/"},{"@type":"ListItem","position":2,"name":"Social media Privacy Policy"}]},{"@type":"WebSite","@id":"https:\/\/papteam.com\/#website","url":"https:\/\/papteam.com\/","name":"PAPTEAM","description":"","publisher":{"@id":"https:\/\/papteam.com\/#organization"},"potentialAction":[{"@type":"SearchAction","target":{"@type":"EntryPoint","urlTemplate":"https:\/\/papteam.com\/?s={search_term_string}"},"query-input":{"@type":"PropertyValueSpecification","valueRequired":true,"valueName":"search_term_string"}}],"inLanguage":"en-US"},{"@type":"Organization","@id":"https:\/\/papteam.com\/#organization","name":"Paramotores PAP","url":"https:\/\/papteam.com\/","logo":{"@type":"ImageObject","inLanguage":"en-US","@id":"https:\/\/papteam.com\/#\/schema\/logo\/image\/","url":"https:\/\/papteam.com\/wp-content\/uploads\/2023\/06\/LOGO-PAPTEAM-negro.png","contentUrl":"https:\/\/papteam.com\/wp-content\/uploads\/2023\/06\/LOGO-PAPTEAM-negro.png","width":1920,"height":570,"caption":"PAP paramotors"},"image":{"@id":"https:\/\/papteam.com\/#\/schema\/logo\/image\/"},"sameAs":["https:\/\/www.facebook.com\/people\/PAP-Team-Paramotors\/100063510435411\/?locale=es_ES","https:\/\/www.instagram.com\/papteamparamotors\/?hl=es"]}]}},"_links":{"self":[{"href":"https:\/\/papteam.com\/es\/wp-json\/wp\/v2\/pages\/36982","targetHints":{"allow":["GET"]}}],"collection":[{"href":"https:\/\/papteam.com\/es\/wp-json\/wp\/v2\/pages"}],"about":[{"href":"https:\/\/papteam.com\/es\/wp-json\/wp\/v2\/types\/page"}],"author":[{"embeddable":true,"href":"https:\/\/papteam.com\/es\/wp-json\/wp\/v2\/users\/3"}],"replies":[{"embeddable":true,"href":"https:\/\/papteam.com\/es\/wp-json\/wp\/v2\/comments?post=36982"}],"version-history":[{"count":1,"href":"https:\/\/papteam.com\/es\/wp-json\/wp\/v2\/pages\/36982\/revisions"}],"predecessor-version":[{"id":36985,"href":"https:\/\/papteam.com\/es\/wp-json\/wp\/v2\/pages\/36982\/revisions\/36985"}],"wp:attachment":[{"href":"https:\/\/papteam.com\/es\/wp-json\/wp\/v2\/media?parent=36982"}],"curies":[{"name":"wp","href":"https:\/\/api.w.org\/{rel}","templated":true}]}}