{"id":36851,"date":"2023-10-31T16:09:45","date_gmt":"2023-10-31T16:09:45","guid":{"rendered":"https:\/\/papteam.com\/?page_id=36851"},"modified":"2023-10-31T16:27:42","modified_gmt":"2023-10-31T16:27:42","slug":"paramotor-configurator","status":"publish","type":"page","link":"https:\/\/papteam.com\/es\/paramotor-configurator\/","title":{"rendered":""},"content":{"rendered":"<div data-elementor-type=\"wp-page\" data-elementor-id=\"36851\" class=\"elementor elementor-36851\" data-elementor-post-type=\"page\">\n\t\t\t\t<div data-particle_enable=\"false\" data-particle-mobile-disabled=\"false\" class=\"elementor-element elementor-element-10430a3 e-flex e-con-boxed e-con e-parent\" data-id=\"10430a3\" data-element_type=\"container\" data-e-type=\"container\" data-settings=\"{&quot;jet_parallax_layout_list&quot;:[]}\">\n\t\t\t\t\t<div class=\"e-con-inner\">\n\t\t<div data-particle_enable=\"false\" data-particle-mobile-disabled=\"false\" class=\"elementor-element elementor-element-507b3d3 e-con-full e-flex e-con e-child\" data-id=\"507b3d3\" data-element_type=\"container\" data-e-type=\"container\" data-settings=\"{&quot;jet_parallax_layout_list&quot;:[]}\">\n\t\t\t\t<div class=\"elementor-element elementor-element-07453e2 elementor-widget elementor-widget-image\" data-id=\"07453e2\" data-element_type=\"widget\" data-e-type=\"widget\" data-widget_type=\"image.default\">\n\t\t\t\t<div class=\"elementor-widget-container\">\n\t\t\t\t\t\t\t\t\t\t\t\t\t\t\t<img fetchpriority=\"high\" decoding=\"async\" width=\"800\" height=\"800\" src=\"https:\/\/papteam.com\/wp-content\/uploads\/2022\/01\/Foto-portada-configurador-1024x1024.jpg\" class=\"attachment-large size-large wp-image-25559\" alt=\"\" srcset=\"https:\/\/papteam.com\/wp-content\/uploads\/2022\/01\/Foto-portada-configurador-1024x1024.jpg 1024w, https:\/\/papteam.com\/wp-content\/uploads\/2022\/01\/Foto-portada-configurador-300x300.jpg 300w, https:\/\/papteam.com\/wp-content\/uploads\/2022\/01\/Foto-portada-configurador-100x100.jpg 100w, https:\/\/papteam.com\/wp-content\/uploads\/2022\/01\/Foto-portada-configurador-64x64.jpg 64w, https:\/\/papteam.com\/wp-content\/uploads\/2022\/01\/Foto-portada-configurador-600x600.jpg 600w, https:\/\/papteam.com\/wp-content\/uploads\/2022\/01\/Foto-portada-configurador-150x150.jpg 150w, https:\/\/papteam.com\/wp-content\/uploads\/2022\/01\/Foto-portada-configurador-768x768.jpg 768w, https:\/\/papteam.com\/wp-content\/uploads\/2022\/01\/Foto-portada-configurador.jpg 1500w\" sizes=\"(max-width: 800px) 100vw, 800px\" \/>\t\t\t\t\t\t\t\t\t\t\t\t\t\t\t<\/div>\n\t\t\t\t<\/div>\n\t\t\t\t<\/div>\n\t\t<div data-particle_enable=\"false\" data-particle-mobile-disabled=\"false\" class=\"elementor-element elementor-element-30d450f e-con-full e-flex e-con e-child\" data-id=\"30d450f\" data-element_type=\"container\" data-e-type=\"container\" data-settings=\"{&quot;jet_parallax_layout_list&quot;:[]}\">\n\t\t\t\t<div class=\"elementor-element elementor-element-146ff77 elementor-widget elementor-widget-image\" data-id=\"146ff77\" data-element_type=\"widget\" data-e-type=\"widget\" data-widget_type=\"image.default\">\n\t\t\t\t<div class=\"elementor-widget-container\">\n\t\t\t\t\t\t\t\t\t\t\t\t\t\t\t<img decoding=\"async\" width=\"800\" height=\"134\" src=\"https:\/\/papteam.com\/wp-content\/uploads\/2022\/01\/LOGO-TINOX-V2-1024x172.png\" class=\"attachment-large size-large wp-image-34047\" alt=\"\" srcset=\"https:\/\/papteam.com\/wp-content\/uploads\/2022\/01\/LOGO-TINOX-V2-1024x172.png 1024w, https:\/\/papteam.com\/wp-content\/uploads\/2022\/01\/LOGO-TINOX-V2-300x50.png 300w, https:\/\/papteam.com\/wp-content\/uploads\/2022\/01\/LOGO-TINOX-V2-768x129.png 768w, https:\/\/papteam.com\/wp-content\/uploads\/2022\/01\/LOGO-TINOX-V2-1536x258.png 1536w, https:\/\/papteam.com\/wp-content\/uploads\/2022\/01\/LOGO-TINOX-V2-64x11.png 64w, https:\/\/papteam.com\/wp-content\/uploads\/2022\/01\/LOGO-TINOX-V2.png 1920w\" sizes=\"(max-width: 800px) 100vw, 800px\" \/>\t\t\t\t\t\t\t\t\t\t\t\t\t\t\t<\/div>\n\t\t\t\t<\/div>\n\t\t\t\t<div class=\"elementor-element elementor-element-370cd0a elementor-widget elementor-widget-text-editor\" data-id=\"370cd0a\" data-element_type=\"widget\" data-e-type=\"widget\" data-widget_type=\"text-editor.default\">\n\t\t\t\t<div class=\"elementor-widget-container\">\n\t\t\t\t\t\t\t\t\t<p>El TINOX es la elecci\u00f3n perfecta tanto para pilotos principiantes como avanzados por su robustez, ligereza y comodidad en vuelo. En menos de 2 minutos montar\u00e1s y desmontar\u00e1s el chasis.<\/p><p>El equilibrio perfecto en el chasis te dar\u00e1 la oportunidad de disfrutar de vuelos incre\u00edbles con el m\u00e1ximo confort.<\/p><p>Montas tu chasis TINOX en nuestra gama de trikes Rolling y a\u00f1ades el kit biplaza para compartir tu pasi\u00f3n.<\/p>\t\t\t\t\t\t\t\t<\/div>\n\t\t\t\t<\/div>\n\t\t\t\t<div class=\"elementor-element elementor-element-e55e0ae elementor-align-center elementor-widget elementor-widget-button\" data-id=\"e55e0ae\" data-element_type=\"widget\" data-e-type=\"widget\" data-widget_type=\"button.default\">\n\t\t\t\t<div class=\"elementor-widget-container\">\n\t\t\t\t\t\t\t\t\t<div class=\"elementor-button-wrapper\">\n\t\t\t\t\t<a class=\"elementor-button elementor-button-link elementor-size-sm\" href=\"https:\/\/papteam.com\/es\/producto\/configurador\/\">\n\t\t\t\t\t\t<span class=\"elementor-button-content-wrapper\">\n\t\t\t\t\t\t\t\t\t<span class=\"elementor-button-text\">CONFIGURA TU PARAMOTOR<\/span>\n\t\t\t\t\t<\/span>\n\t\t\t\t\t<\/a>\n\t\t\t\t<\/div>\n\t\t\t\t\t\t\t\t<\/div>\n\t\t\t\t<\/div>\n\t\t\t\t<\/div>\n\t\t\t\t\t<\/div>\n\t\t\t\t<\/div>\n\t\t<div data-particle_enable=\"false\" data-particle-mobile-disabled=\"false\" class=\"elementor-element elementor-element-8d37b77 e-flex e-con-boxed e-con e-parent\" data-id=\"8d37b77\" data-element_type=\"container\" data-e-type=\"container\" data-settings=\"{&quot;jet_parallax_layout_list&quot;:[]}\">\n\t\t\t\t\t<div class=\"e-con-inner\">\n\t\t\t\t\t<\/div>\n\t\t\t\t<\/div>\n\t\t<div data-particle_enable=\"false\" data-particle-mobile-disabled=\"false\" class=\"elementor-element elementor-element-72f983f e-flex e-con-boxed e-con e-parent\" data-id=\"72f983f\" data-element_type=\"container\" data-e-type=\"container\" data-settings=\"{&quot;jet_parallax_layout_list&quot;:[]}\">\n\t\t\t\t\t<div class=\"e-con-inner\">\n\t\t\t\t\t<\/div>\n\t\t\t\t<\/div>\n\t\t\t\t<\/div>","protected":false},"excerpt":{"rendered":"<p>The TINOX is the perfect choice for beginners and advanced pilots for his robustness, lightness and comfort in flight. In less Thant 2 minutes you will assemble and disassemble the frame. The perfect balance in the frame will give you the opportunity to enjoy incredible flights with maximum comfort. You mount you TINOX frame in [&hellip;]<\/p>\n","protected":false},"author":3,"featured_media":0,"parent":0,"menu_order":0,"comment_status":"closed","ping_status":"closed","template":"","meta":{"content-type":"","footnotes":""},"class_list":["post-36851","page","type-page","status-publish","hentry"],"yoast_head":"<!-- This site is optimized with the Yoast SEO Premium plugin v24.0 (Yoast SEO v27.5) - https:\/\/yoast.com\/product\/yoast-seo-premium-wordpress\/ -->\n<title>- PAPTEAM<\/title>\n<meta name=\"robots\" content=\"index, follow, max-snippet:-1, max-image-preview:large, max-video-preview:-1\" \/>\n<link rel=\"canonical\" href=\"https:\/\/papteam.com\/es\/paramotor-configurator\/\" \/>\n<meta property=\"og:locale\" content=\"es_ES\" \/>\n<meta property=\"og:type\" content=\"article\" \/>\n<meta property=\"og:description\" content=\"The TINOX is the perfect choice for beginners and advanced pilots for his robustness, lightness and comfort in flight. In less Thant 2 minutes you will assemble and disassemble the frame. The perfect balance in the frame will give you the opportunity to enjoy incredible flights with maximum comfort. You mount you TINOX frame in [&hellip;]\" \/>\n<meta property=\"og:url\" content=\"https:\/\/papteam.com\/es\/paramotor-configurator\/\" \/>\n<meta property=\"og:site_name\" content=\"PAPTEAM\" \/>\n<meta property=\"article:publisher\" content=\"https:\/\/www.facebook.com\/people\/PAP-Team-Paramotors\/100063510435411\/?locale=es_ES\" \/>\n<meta property=\"article:modified_time\" content=\"2023-10-31T16:27:42+00:00\" \/>\n<meta property=\"og:image\" content=\"https:\/\/papteam.com\/wp-content\/uploads\/2022\/01\/Foto-portada-configurador-1024x1024.jpg\" \/>\n<meta name=\"twitter:card\" content=\"summary_large_image\" \/>\n<meta name=\"twitter:label1\" content=\"Est. reading time\" \/>\n\t<meta name=\"twitter:data1\" content=\"5 minutes\" \/>\n<script type=\"application\/ld+json\" class=\"yoast-schema-graph\">{\"@context\":\"https:\\\/\\\/schema.org\",\"@graph\":[{\"@type\":\"WebPage\",\"@id\":\"https:\\\/\\\/papteam.com\\\/paramotor-configurator\\\/\",\"url\":\"https:\\\/\\\/papteam.com\\\/paramotor-configurator\\\/\",\"name\":\"- PAPTEAM\",\"isPartOf\":{\"@id\":\"https:\\\/\\\/papteam.com\\\/#website\"},\"primaryImageOfPage\":{\"@id\":\"https:\\\/\\\/papteam.com\\\/paramotor-configurator\\\/#primaryimage\"},\"image\":{\"@id\":\"https:\\\/\\\/papteam.com\\\/paramotor-configurator\\\/#primaryimage\"},\"thumbnailUrl\":\"https:\\\/\\\/papteam.com\\\/wp-content\\\/uploads\\\/2022\\\/01\\\/Foto-portada-configurador-1024x1024.jpg\",\"datePublished\":\"2023-10-31T16:09:45+00:00\",\"dateModified\":\"2023-10-31T16:27:42+00:00\",\"inLanguage\":\"en-US\",\"potentialAction\":[{\"@type\":\"ReadAction\",\"target\":[\"https:\\\/\\\/papteam.com\\\/paramotor-configurator\\\/\"]}]},{\"@type\":\"ImageObject\",\"inLanguage\":\"en-US\",\"@id\":\"https:\\\/\\\/papteam.com\\\/paramotor-configurator\\\/#primaryimage\",\"url\":\"https:\\\/\\\/papteam.com\\\/wp-content\\\/uploads\\\/2022\\\/01\\\/Foto-portada-configurador-1024x1024.jpg\",\"contentUrl\":\"https:\\\/\\\/papteam.com\\\/wp-content\\\/uploads\\\/2022\\\/01\\\/Foto-portada-configurador-1024x1024.jpg\"},{\"@type\":\"WebSite\",\"@id\":\"https:\\\/\\\/papteam.com\\\/#website\",\"url\":\"https:\\\/\\\/papteam.com\\\/\",\"name\":\"PAPTEAM\",\"description\":\"\",\"publisher\":{\"@id\":\"https:\\\/\\\/papteam.com\\\/#organization\"},\"potentialAction\":[{\"@type\":\"SearchAction\",\"target\":{\"@type\":\"EntryPoint\",\"urlTemplate\":\"https:\\\/\\\/papteam.com\\\/?s={search_term_string}\"},\"query-input\":{\"@type\":\"PropertyValueSpecification\",\"valueRequired\":true,\"valueName\":\"search_term_string\"}}],\"inLanguage\":\"en-US\"},{\"@type\":\"Organization\",\"@id\":\"https:\\\/\\\/papteam.com\\\/#organization\",\"name\":\"PAP paramotors\",\"url\":\"https:\\\/\\\/papteam.com\\\/\",\"logo\":{\"@type\":\"ImageObject\",\"inLanguage\":\"en-US\",\"@id\":\"https:\\\/\\\/papteam.com\\\/#\\\/schema\\\/logo\\\/image\\\/\",\"url\":\"https:\\\/\\\/papteam.com\\\/wp-content\\\/uploads\\\/2023\\\/06\\\/LOGO-PAPTEAM-negro.png\",\"contentUrl\":\"https:\\\/\\\/papteam.com\\\/wp-content\\\/uploads\\\/2023\\\/06\\\/LOGO-PAPTEAM-negro.png\",\"width\":1920,\"height\":570,\"caption\":\"PAP paramotors\"},\"image\":{\"@id\":\"https:\\\/\\\/papteam.com\\\/#\\\/schema\\\/logo\\\/image\\\/\"},\"sameAs\":[\"https:\\\/\\\/www.facebook.com\\\/people\\\/PAP-Team-Paramotors\\\/100063510435411\\\/?locale=es_ES\",\"https:\\\/\\\/www.instagram.com\\\/papteamparamotors\\\/?hl=es\"]}]}<\/script>\n<!-- \/ Yoast SEO Premium plugin. -->","yoast_head_json":{"title":"- PAPTEAM","robots":{"index":"index","follow":"follow","max-snippet":"max-snippet:-1","max-image-preview":"max-image-preview:large","max-video-preview":"max-video-preview:-1"},"canonical":"https:\/\/papteam.com\/es\/paramotor-configurator\/","og_locale":"es_ES","og_type":"article","og_description":"The TINOX is the perfect choice for beginners and advanced pilots for his robustness, lightness and comfort in flight. In less Thant 2 minutes you will assemble and disassemble the frame. The perfect balance in the frame will give you the opportunity to enjoy incredible flights with maximum comfort. You mount you TINOX frame in [&hellip;]","og_url":"https:\/\/papteam.com\/es\/paramotor-configurator\/","og_site_name":"PAPTEAM","article_publisher":"https:\/\/www.facebook.com\/people\/PAP-Team-Paramotors\/100063510435411\/?locale=es_ES","article_modified_time":"2023-10-31T16:27:42+00:00","og_image":[{"url":"https:\/\/papteam.com\/wp-content\/uploads\/2022\/01\/Foto-portada-configurador-1024x1024.jpg","type":"","width":"","height":""}],"twitter_card":"summary_large_image","twitter_misc":{"Est. reading time":"5 minutes"},"schema":{"@context":"https:\/\/schema.org","@graph":[{"@type":"WebPage","@id":"https:\/\/papteam.com\/paramotor-configurator\/","url":"https:\/\/papteam.com\/paramotor-configurator\/","name":"- PAPTEAM","isPartOf":{"@id":"https:\/\/papteam.com\/#website"},"primaryImageOfPage":{"@id":"https:\/\/papteam.com\/paramotor-configurator\/#primaryimage"},"image":{"@id":"https:\/\/papteam.com\/paramotor-configurator\/#primaryimage"},"thumbnailUrl":"https:\/\/papteam.com\/wp-content\/uploads\/2022\/01\/Foto-portada-configurador-1024x1024.jpg","datePublished":"2023-10-31T16:09:45+00:00","dateModified":"2023-10-31T16:27:42+00:00","inLanguage":"en-US","potentialAction":[{"@type":"ReadAction","target":["https:\/\/papteam.com\/paramotor-configurator\/"]}]},{"@type":"ImageObject","inLanguage":"en-US","@id":"https:\/\/papteam.com\/paramotor-configurator\/#primaryimage","url":"https:\/\/papteam.com\/wp-content\/uploads\/2022\/01\/Foto-portada-configurador-1024x1024.jpg","contentUrl":"https:\/\/papteam.com\/wp-content\/uploads\/2022\/01\/Foto-portada-configurador-1024x1024.jpg"},{"@type":"WebSite","@id":"https:\/\/papteam.com\/#website","url":"https:\/\/papteam.com\/","name":"PAPTEAM","description":"","publisher":{"@id":"https:\/\/papteam.com\/#organization"},"potentialAction":[{"@type":"SearchAction","target":{"@type":"EntryPoint","urlTemplate":"https:\/\/papteam.com\/?s={search_term_string}"},"query-input":{"@type":"PropertyValueSpecification","valueRequired":true,"valueName":"search_term_string"}}],"inLanguage":"en-US"},{"@type":"Organization","@id":"https:\/\/papteam.com\/#organization","name":"Paramotores PAP","url":"https:\/\/papteam.com\/","logo":{"@type":"ImageObject","inLanguage":"en-US","@id":"https:\/\/papteam.com\/#\/schema\/logo\/image\/","url":"https:\/\/papteam.com\/wp-content\/uploads\/2023\/06\/LOGO-PAPTEAM-negro.png","contentUrl":"https:\/\/papteam.com\/wp-content\/uploads\/2023\/06\/LOGO-PAPTEAM-negro.png","width":1920,"height":570,"caption":"PAP paramotors"},"image":{"@id":"https:\/\/papteam.com\/#\/schema\/logo\/image\/"},"sameAs":["https:\/\/www.facebook.com\/people\/PAP-Team-Paramotors\/100063510435411\/?locale=es_ES","https:\/\/www.instagram.com\/papteamparamotors\/?hl=es"]}]}},"_links":{"self":[{"href":"https:\/\/papteam.com\/es\/wp-json\/wp\/v2\/pages\/36851","targetHints":{"allow":["GET"]}}],"collection":[{"href":"https:\/\/papteam.com\/es\/wp-json\/wp\/v2\/pages"}],"about":[{"href":"https:\/\/papteam.com\/es\/wp-json\/wp\/v2\/types\/page"}],"author":[{"embeddable":true,"href":"https:\/\/papteam.com\/es\/wp-json\/wp\/v2\/users\/3"}],"replies":[{"embeddable":true,"href":"https:\/\/papteam.com\/es\/wp-json\/wp\/v2\/comments?post=36851"}],"version-history":[{"count":5,"href":"https:\/\/papteam.com\/es\/wp-json\/wp\/v2\/pages\/36851\/revisions"}],"predecessor-version":[{"id":38960,"href":"https:\/\/papteam.com\/es\/wp-json\/wp\/v2\/pages\/36851\/revisions\/38960"}],"wp:attachment":[{"href":"https:\/\/papteam.com\/es\/wp-json\/wp\/v2\/media?parent=36851"}],"curies":[{"name":"wp","href":"https:\/\/api.w.org\/{rel}","templated":true}]}}