{"id":35560,"date":"2023-07-13T09:08:35","date_gmt":"2023-07-13T09:08:35","guid":{"rendered":"https:\/\/papteam.com\/?page_id=35560"},"modified":"2023-07-13T09:08:40","modified_gmt":"2023-07-13T09:08:40","slug":"politica-de-privacidad-de-la-pagina-web-de-propulsion-auxiliar-parapente-sl","status":"publish","type":"page","link":"https:\/\/papteam.com\/es\/politica-de-privacidad-de-la-pagina-web-de-propulsion-auxiliar-parapente-sl\/","title":{"rendered":"Pol\u00edtica de privacidad de la p\u00e1gina web de PROPULSION AUXILIAR PARAPENTE SL"},"content":{"rendered":"<p>PROPULSION AUXILIAR PARAPENTE SL informa a los usuarios que podr\u00e1n ejercer los siguientes derechos en relaci\u00f3n con el tratamiento de sus datos personales: acceso, rectificaci\u00f3n, limitaci\u00f3n, supresi\u00f3n, portabilidad y oposici\u00f3n, as\u00ed como la retirada del consentimiento prestado.<\/p>\n\n\n\n<p>Derecho de acceso: El usuario tiene derecho a obtener informaci\u00f3n sobre sus datos personales espec\u00edficos y el tratamiento realizado o que se est\u00e9 llevando a cabo, as\u00ed como informaci\u00f3n sobre el origen de dichos datos y las comunicaciones realizadas o previstas.<\/p>\n\n\n\n<p>Derecho de Rectificaci\u00f3n: El usuario tiene derecho a solicitar la modificaci\u00f3n de los datos inexactos o incompletos. Este derecho se aplica \u00fanicamente a la informaci\u00f3n que est\u00e9 bajo el control de la APP, como la eliminaci\u00f3n de comentarios publicados en la p\u00e1gina, im\u00e1genes o contenidos web que contengan datos personales del usuario.<\/p>\n\n\n\n<p>Derecho a la Limitaci\u00f3n de Tratamiento: El usuario tiene derecho a solicitar la limitaci\u00f3n de los fines originales del tratamiento establecidos por el responsable del tratamiento.<\/p>\n\n\n\n<p>Derecho de Supresi\u00f3n: El usuario tiene derecho a solicitar la eliminaci\u00f3n de sus datos personales, excepto en los casos previstos en el RGPD u otras normativas aplicables que requieran la conservaci\u00f3n obligatoria de los mismos en tiempo y forma.<\/p>\n\n\n\n<p>Derecho de Portabilidad: El usuario tiene derecho a recibir sus datos personales en un formato estructurado, de uso com\u00fan y lectura mec\u00e1nica, y a transmitirlos a otro responsable, si as\u00ed lo desea.<\/p>\n\n\n\n<p>Derecho de Oposici\u00f3n: El usuario tiene derecho a oponerse al tratamiento de sus datos personales o a que se cese dicho tratamiento por parte de la APP.<\/p>\n\n\n\n<p>Para ejercer cualquiera de los derechos mencionados anteriormente, se deben cumplir los siguientes requisitos:<\/p>\n\n\n\n<ol class=\"wp-block-list\">\n<li>Presentaci\u00f3n de un escrito dirigido a PROPULSION AUXILIAR PARAPENTE SL, a la direcci\u00f3n UR WATER GARDEN CALLE LA MORALEJA, LOCAL 1, 29680, ESTEPONA (M\u00c1LAGA), o mediante correo electr\u00f3nico a la direcci\u00f3n <a href=\"mailto:info@papteam.com\">info@papteam.com<\/a>.<\/li>\n\n\n\n<li>El escrito enviado por el titular de los datos debe cumplir con los siguientes requisitos legales:\n<ul class=\"wp-block-list\">\n<li>Nombre y apellidos del interesado, junto con una copia del DNI\/NIE u otro documento identificativo. En caso de representaci\u00f3n, tambi\u00e9n se debe proporcionar la identificaci\u00f3n de la persona que act\u00faa en representaci\u00f3n, as\u00ed como el documento que acredite dicha representaci\u00f3n. Si la fotocopia del DNI no se proporciona, se debe acreditar la identidad por cualquier otro medio v\u00e1lido en derecho.<\/li>\n\n\n\n<li>Una solicitud espec\u00edfica que detalle la informaci\u00f3n a la que se desea acceder. Si no se hace referencia a un archivo espec\u00edfico, se proporcionar\u00e1 toda la informaci\u00f3n disponible con respecto a los datos personales del usuario. Si la solicitud se refiere a informaci\u00f3n de un archivo en particular, solo se proporcionar\u00e1 informaci\u00f3n de ese archivo. Nunca se facilitar\u00e1 informaci\u00f3n sobre terceros por tel\u00e9fono; se informar\u00e1 al solicitante de que debe presentar la solicitud por escrito y se le proporcionar\u00e1n instrucciones sobre c\u00f3mo hacerlo y la direcci\u00f3n a la que debe enviarlo.<\/li>\n\n\n\n<li>Domicilio a efectos de notificaciones.<\/li>\n\n\n\n<li>Fecha y firma del solicitante.<\/li>\n\n\n\n<li>Documentos que respalden la solicitud.<\/li>\n\n\n\n<li>El interesado debe utilizar cualquier medio que permita demostrar el env\u00edo y recepci\u00f3n de la solicitud.<\/li>\n<\/ul>\n<\/li>\n<\/ol>\n\n\n\n<p>Por \u00faltimo, se informa al usuario que tiene derecho a presentar una reclamaci\u00f3n ante la Agencia Espa\u00f1ola de Protecci\u00f3n de Datos en caso de tener conocimiento o considerar que ha ocurrido un incumplimiento de la normativa aplicable en materia de protecci\u00f3n de datos.<\/p>\n\n\n\n<p>PROPULSION AUXILIAR PARAPENTE SL se compromete a adoptar las medidas t\u00e9cnicas y organizativas necesarias, acorde al nivel de riesgo asociado con los tratamientos realizados, seg\u00fan se indica en los t\u00e9rminos y condiciones de uso, con el fin de garantizar la integridad, confidencialidad y disponibilidad de los datos.<\/p>","protected":false},"excerpt":{"rendered":"<p>PROPULSION AUXILIAR PARAPENTE SL informa a los usuarios que podr\u00e1n ejercer los siguientes derechos en relaci\u00f3n con el tratamiento de sus datos personales: acceso, rectificaci\u00f3n, limitaci\u00f3n, supresi\u00f3n, portabilidad y oposici\u00f3n, as\u00ed como la retirada del consentimiento prestado. Derecho de Acceso: El usuario tiene derecho a obtener informaci\u00f3n sobre sus datos personales espec\u00edficos y el tratamiento [&hellip;]<\/p>\n","protected":false},"author":3,"featured_media":0,"parent":0,"menu_order":0,"comment_status":"closed","ping_status":"closed","template":"","meta":{"content-type":"","footnotes":""},"class_list":["post-35560","page","type-page","status-publish","hentry"],"yoast_head":"<!-- This site is optimized with the Yoast SEO Premium plugin v24.0 (Yoast SEO v27.4) - https:\/\/yoast.com\/product\/yoast-seo-premium-wordpress\/ -->\n<title>Pol\u00edtica de privacidad de la p\u00e1gina web de PROPULSION AUXILIAR PARAPENTE SL - PAPTEAM<\/title>\n<meta name=\"robots\" content=\"index, follow, max-snippet:-1, max-image-preview:large, max-video-preview:-1\" \/>\n<link rel=\"canonical\" href=\"https:\/\/papteam.com\/es\/politica-de-privacidad-de-la-pagina-web-de-propulsion-auxiliar-parapente-sl\/\" \/>\n<meta property=\"og:locale\" content=\"es_ES\" \/>\n<meta property=\"og:type\" content=\"article\" \/>\n<meta property=\"og:title\" content=\"Pol\u00edtica de privacidad de la p\u00e1gina web de PROPULSION AUXILIAR PARAPENTE SL\" \/>\n<meta property=\"og:description\" content=\"PROPULSION AUXILIAR PARAPENTE SL informa a los usuarios que podr\u00e1n ejercer los siguientes derechos en relaci\u00f3n con el tratamiento de sus datos personales: acceso, rectificaci\u00f3n, limitaci\u00f3n, supresi\u00f3n, portabilidad y oposici\u00f3n, as\u00ed como la retirada del consentimiento prestado. Derecho de Acceso: El usuario tiene derecho a obtener informaci\u00f3n sobre sus datos personales espec\u00edficos y el tratamiento [&hellip;]\" \/>\n<meta property=\"og:url\" content=\"https:\/\/papteam.com\/es\/politica-de-privacidad-de-la-pagina-web-de-propulsion-auxiliar-parapente-sl\/\" \/>\n<meta property=\"og:site_name\" content=\"PAPTEAM\" \/>\n<meta property=\"article:publisher\" content=\"https:\/\/www.facebook.com\/people\/PAP-Team-Paramotors\/100063510435411\/?locale=es_ES\" \/>\n<meta property=\"article:modified_time\" content=\"2023-07-13T09:08:40+00:00\" \/>\n<meta name=\"twitter:card\" content=\"summary_large_image\" \/>\n<meta name=\"twitter:label1\" content=\"Est. reading time\" \/>\n\t<meta name=\"twitter:data1\" content=\"3 minutes\" \/>\n<script type=\"application\/ld+json\" class=\"yoast-schema-graph\">{\"@context\":\"https:\\\/\\\/schema.org\",\"@graph\":[{\"@type\":\"WebPage\",\"@id\":\"https:\\\/\\\/papteam.com\\\/es\\\/politica-de-privacidad-de-la-pagina-web-de-propulsion-auxiliar-parapente-sl\\\/\",\"url\":\"https:\\\/\\\/papteam.com\\\/es\\\/politica-de-privacidad-de-la-pagina-web-de-propulsion-auxiliar-parapente-sl\\\/\",\"name\":\"Pol\u00edtica de privacidad de la p\u00e1gina web de PROPULSION AUXILIAR PARAPENTE SL - PAPTEAM\",\"isPartOf\":{\"@id\":\"https:\\\/\\\/papteam.com\\\/#website\"},\"datePublished\":\"2023-07-13T09:08:35+00:00\",\"dateModified\":\"2023-07-13T09:08:40+00:00\",\"breadcrumb\":{\"@id\":\"https:\\\/\\\/papteam.com\\\/es\\\/politica-de-privacidad-de-la-pagina-web-de-propulsion-auxiliar-parapente-sl\\\/#breadcrumb\"},\"inLanguage\":\"en-US\",\"potentialAction\":[{\"@type\":\"ReadAction\",\"target\":[\"https:\\\/\\\/papteam.com\\\/es\\\/politica-de-privacidad-de-la-pagina-web-de-propulsion-auxiliar-parapente-sl\\\/\"]}]},{\"@type\":\"BreadcrumbList\",\"@id\":\"https:\\\/\\\/papteam.com\\\/es\\\/politica-de-privacidad-de-la-pagina-web-de-propulsion-auxiliar-parapente-sl\\\/#breadcrumb\",\"itemListElement\":[{\"@type\":\"ListItem\",\"position\":1,\"name\":\"Portada\",\"item\":\"https:\\\/\\\/papteam.com\\\/\"},{\"@type\":\"ListItem\",\"position\":2,\"name\":\"Pol\u00edtica de privacidad de la p\u00e1gina web de PROPULSION AUXILIAR PARAPENTE SL\"}]},{\"@type\":\"WebSite\",\"@id\":\"https:\\\/\\\/papteam.com\\\/#website\",\"url\":\"https:\\\/\\\/papteam.com\\\/\",\"name\":\"PAPTEAM\",\"description\":\"\",\"publisher\":{\"@id\":\"https:\\\/\\\/papteam.com\\\/#organization\"},\"potentialAction\":[{\"@type\":\"SearchAction\",\"target\":{\"@type\":\"EntryPoint\",\"urlTemplate\":\"https:\\\/\\\/papteam.com\\\/?s={search_term_string}\"},\"query-input\":{\"@type\":\"PropertyValueSpecification\",\"valueRequired\":true,\"valueName\":\"search_term_string\"}}],\"inLanguage\":\"en-US\"},{\"@type\":\"Organization\",\"@id\":\"https:\\\/\\\/papteam.com\\\/#organization\",\"name\":\"PAP paramotors\",\"url\":\"https:\\\/\\\/papteam.com\\\/\",\"logo\":{\"@type\":\"ImageObject\",\"inLanguage\":\"en-US\",\"@id\":\"https:\\\/\\\/papteam.com\\\/#\\\/schema\\\/logo\\\/image\\\/\",\"url\":\"https:\\\/\\\/papteam.com\\\/wp-content\\\/uploads\\\/2023\\\/06\\\/LOGO-PAPTEAM-negro.png\",\"contentUrl\":\"https:\\\/\\\/papteam.com\\\/wp-content\\\/uploads\\\/2023\\\/06\\\/LOGO-PAPTEAM-negro.png\",\"width\":1920,\"height\":570,\"caption\":\"PAP paramotors\"},\"image\":{\"@id\":\"https:\\\/\\\/papteam.com\\\/#\\\/schema\\\/logo\\\/image\\\/\"},\"sameAs\":[\"https:\\\/\\\/www.facebook.com\\\/people\\\/PAP-Team-Paramotors\\\/100063510435411\\\/?locale=es_ES\",\"https:\\\/\\\/www.instagram.com\\\/papteamparamotors\\\/?hl=es\"]}]}<\/script>\n<!-- \/ Yoast SEO Premium plugin. -->","yoast_head_json":{"title":"Pol\u00edtica de privacidad de la p\u00e1gina web de PROPULSION AUXILIAR PARAPENTE SL - PAPTEAM","robots":{"index":"index","follow":"follow","max-snippet":"max-snippet:-1","max-image-preview":"max-image-preview:large","max-video-preview":"max-video-preview:-1"},"canonical":"https:\/\/papteam.com\/es\/politica-de-privacidad-de-la-pagina-web-de-propulsion-auxiliar-parapente-sl\/","og_locale":"es_ES","og_type":"article","og_title":"Pol\u00edtica de privacidad de la p\u00e1gina web de PROPULSION AUXILIAR PARAPENTE SL","og_description":"PROPULSION AUXILIAR PARAPENTE SL informa a los usuarios que podr\u00e1n ejercer los siguientes derechos en relaci\u00f3n con el tratamiento de sus datos personales: acceso, rectificaci\u00f3n, limitaci\u00f3n, supresi\u00f3n, portabilidad y oposici\u00f3n, as\u00ed como la retirada del consentimiento prestado. Derecho de Acceso: El usuario tiene derecho a obtener informaci\u00f3n sobre sus datos personales espec\u00edficos y el tratamiento [&hellip;]","og_url":"https:\/\/papteam.com\/es\/politica-de-privacidad-de-la-pagina-web-de-propulsion-auxiliar-parapente-sl\/","og_site_name":"PAPTEAM","article_publisher":"https:\/\/www.facebook.com\/people\/PAP-Team-Paramotors\/100063510435411\/?locale=es_ES","article_modified_time":"2023-07-13T09:08:40+00:00","twitter_card":"summary_large_image","twitter_misc":{"Est. reading time":"3 minutes"},"schema":{"@context":"https:\/\/schema.org","@graph":[{"@type":"WebPage","@id":"https:\/\/papteam.com\/es\/politica-de-privacidad-de-la-pagina-web-de-propulsion-auxiliar-parapente-sl\/","url":"https:\/\/papteam.com\/es\/politica-de-privacidad-de-la-pagina-web-de-propulsion-auxiliar-parapente-sl\/","name":"Pol\u00edtica de privacidad de la p\u00e1gina web de PROPULSION AUXILIAR PARAPENTE SL - PAPTEAM","isPartOf":{"@id":"https:\/\/papteam.com\/#website"},"datePublished":"2023-07-13T09:08:35+00:00","dateModified":"2023-07-13T09:08:40+00:00","breadcrumb":{"@id":"https:\/\/papteam.com\/es\/politica-de-privacidad-de-la-pagina-web-de-propulsion-auxiliar-parapente-sl\/#breadcrumb"},"inLanguage":"en-US","potentialAction":[{"@type":"ReadAction","target":["https:\/\/papteam.com\/es\/politica-de-privacidad-de-la-pagina-web-de-propulsion-auxiliar-parapente-sl\/"]}]},{"@type":"BreadcrumbList","@id":"https:\/\/papteam.com\/es\/politica-de-privacidad-de-la-pagina-web-de-propulsion-auxiliar-parapente-sl\/#breadcrumb","itemListElement":[{"@type":"ListItem","position":1,"name":"Portada","item":"https:\/\/papteam.com\/"},{"@type":"ListItem","position":2,"name":"Pol\u00edtica de privacidad de la p\u00e1gina web de PROPULSION AUXILIAR PARAPENTE SL"}]},{"@type":"WebSite","@id":"https:\/\/papteam.com\/#website","url":"https:\/\/papteam.com\/","name":"PAPTEAM","description":"","publisher":{"@id":"https:\/\/papteam.com\/#organization"},"potentialAction":[{"@type":"SearchAction","target":{"@type":"EntryPoint","urlTemplate":"https:\/\/papteam.com\/?s={search_term_string}"},"query-input":{"@type":"PropertyValueSpecification","valueRequired":true,"valueName":"search_term_string"}}],"inLanguage":"en-US"},{"@type":"Organization","@id":"https:\/\/papteam.com\/#organization","name":"Paramotores PAP","url":"https:\/\/papteam.com\/","logo":{"@type":"ImageObject","inLanguage":"en-US","@id":"https:\/\/papteam.com\/#\/schema\/logo\/image\/","url":"https:\/\/papteam.com\/wp-content\/uploads\/2023\/06\/LOGO-PAPTEAM-negro.png","contentUrl":"https:\/\/papteam.com\/wp-content\/uploads\/2023\/06\/LOGO-PAPTEAM-negro.png","width":1920,"height":570,"caption":"PAP paramotors"},"image":{"@id":"https:\/\/papteam.com\/#\/schema\/logo\/image\/"},"sameAs":["https:\/\/www.facebook.com\/people\/PAP-Team-Paramotors\/100063510435411\/?locale=es_ES","https:\/\/www.instagram.com\/papteamparamotors\/?hl=es"]}]}},"_links":{"self":[{"href":"https:\/\/papteam.com\/es\/wp-json\/wp\/v2\/pages\/35560","targetHints":{"allow":["GET"]}}],"collection":[{"href":"https:\/\/papteam.com\/es\/wp-json\/wp\/v2\/pages"}],"about":[{"href":"https:\/\/papteam.com\/es\/wp-json\/wp\/v2\/types\/page"}],"author":[{"embeddable":true,"href":"https:\/\/papteam.com\/es\/wp-json\/wp\/v2\/users\/3"}],"replies":[{"embeddable":true,"href":"https:\/\/papteam.com\/es\/wp-json\/wp\/v2\/comments?post=35560"}],"version-history":[{"count":1,"href":"https:\/\/papteam.com\/es\/wp-json\/wp\/v2\/pages\/35560\/revisions"}],"predecessor-version":[{"id":35561,"href":"https:\/\/papteam.com\/es\/wp-json\/wp\/v2\/pages\/35560\/revisions\/35561"}],"wp:attachment":[{"href":"https:\/\/papteam.com\/es\/wp-json\/wp\/v2\/media?parent=35560"}],"curies":[{"name":"wp","href":"https:\/\/api.w.org\/{rel}","templated":true}]}}