{"id":35083,"date":"2023-06-26T14:04:28","date_gmt":"2023-06-26T14:04:28","guid":{"rendered":"https:\/\/papteam.com\/?page_id=35083"},"modified":"2023-11-21T09:48:17","modified_gmt":"2023-11-21T09:48:17","slug":"cookies-policy","status":"publish","type":"page","link":"https:\/\/papteam.com\/es\/cookies-policy\/","title":{"rendered":"Pol\u00edtica de cookies"},"content":{"rendered":"<p>La utilizaci\u00f3n de cookies en los dispositivos finales de los usuarios tiene importantes implicaciones en materia de protecci\u00f3n de datos. Mediante el uso de cookies, las entidades obtienen datos relativos a los usuarios que pueden ser utilizados posteriormente. Por ello, se determina la necesidad de informar al usuario sobre el uso de cookies para que sea consciente del tratamiento de datos que se realiza.<\/p>\n\n\n\n<p>PROPULSION AUXILIAR PARAPENTE SL debe realizar un an\u00e1lisis exhaustivo de las cookies que pueden instalarse en los dispositivos inform\u00e1ticos de los usuarios a trav\u00e9s de su p\u00e1gina web. Una vez conocida la finalidad de estas cookies, PROPULSION AUXILIAR PARAPENTE SL deber\u00e1 cumplir con la Ley 34\/2002, de 11 de julio, de Servicios de la Sociedad de la Informaci\u00f3n y Comercio Electr\u00f3nico (LSSI-CE), la normativa de protecci\u00f3n de datos, y las recomendaciones publicadas por la Agencia Espa\u00f1ola de Protecci\u00f3n de Datos en su Gu\u00eda sobre el uso de las Cookies.<\/p>\n\n\n\n<p>Cabe se\u00f1alar que las siguientes cookies est\u00e1n exentas de esta pol\u00edtica:<\/p>\n\n\n\n<ol class=\"wp-block-list\">\n<li>Cookies utilizadas para permitir la comunicaci\u00f3n entre el dispositivo del usuario y la red.<\/li>\n\n\n\n<li>Cookies estrictamente necesarias para la prestaci\u00f3n de un servicio expresamente solicitado por el usuario.<\/li>\n<\/ol>\n\n\n\n<p>Es importante mencionar que PROPULSION AUXILIAR PARAPENTE SL podr\u00e1 utilizar dispositivos de almacenamiento y recuperaci\u00f3n de datos en los dispositivos finales de los destinatarios, siempre y cuando \u00e9stos hayan dado su consentimiento tras recibir informaci\u00f3n clara y completa sobre su uso.<\/p>\n\n\n\n<p>La informaci\u00f3n sobre las cookies debe cumplir los siguientes requisitos:<\/p>\n\n\n\n<ol class=\"wp-block-list\">\n<li>La informaci\u00f3n o comunicaci\u00f3n debe ser concisa, transparente e inteligible.<\/li>\n\n\n\n<li>Debe utilizarse un lenguaje claro y sencillo, evitando frases que puedan causar confusi\u00f3n o distorsionar la claridad del mensaje.<\/li>\n\n\n\n<li>La informaci\u00f3n debe ser f\u00e1cilmente accesible.<\/li>\n\n\n\n<li>Se recomienda el uso de avisos de privacidad por niveles, que contengan la informaci\u00f3n por capas, permitiendo a los usuarios ir a los aspectos del aviso que m\u00e1s les interesen, evitando la fatiga informativa. Ello sin perjuicio de que toda la informaci\u00f3n debe estar disponible en un \u00fanico lugar o en un documento completo al que se pueda acceder f\u00e1cilmente si el usuario desea consultarlo en su totalidad.<\/li>\n<\/ol>\n\n\n\n<p>PROPULSION AUXILIAR PARAPENTE SL revisar\u00e1 peri\u00f3dicamente los posibles cambios que se puedan producir en la gesti\u00f3n y uso de las cookies para actualizar la informaci\u00f3n mostrada a los usuarios sobre las mismas.<\/p>","protected":false},"excerpt":{"rendered":"<p>Utilizing cookies on users&#8217; end devices has significant implications regarding data protection. Through the use of cookies, entities obtain data related to users that can be subsequently used. Therefore, it is determined that there is a need to inform the user about the use of cookies so that they are aware of the data processing [&hellip;]<\/p>\n","protected":false},"author":3,"featured_media":0,"parent":0,"menu_order":0,"comment_status":"closed","ping_status":"closed","template":"","meta":{"content-type":"","footnotes":""},"class_list":["post-35083","page","type-page","status-publish","hentry"],"yoast_head":"<!-- This site is optimized with the Yoast SEO Premium plugin v24.0 (Yoast SEO v27.4) - https:\/\/yoast.com\/product\/yoast-seo-premium-wordpress\/ -->\n<title>Cookies Policy - PAPTEAM<\/title>\n<meta name=\"robots\" content=\"index, follow, max-snippet:-1, max-image-preview:large, max-video-preview:-1\" \/>\n<link rel=\"canonical\" href=\"https:\/\/papteam.com\/es\/cookies-policy\/\" \/>\n<meta property=\"og:locale\" content=\"es_ES\" \/>\n<meta property=\"og:type\" content=\"article\" \/>\n<meta property=\"og:title\" content=\"Cookies Policy\" \/>\n<meta property=\"og:description\" content=\"Utilizing cookies on users&#8217; end devices has significant implications regarding data protection. Through the use of cookies, entities obtain data related to users that can be subsequently used. Therefore, it is determined that there is a need to inform the user about the use of cookies so that they are aware of the data processing [&hellip;]\" \/>\n<meta property=\"og:url\" content=\"https:\/\/papteam.com\/es\/cookies-policy\/\" \/>\n<meta property=\"og:site_name\" content=\"PAPTEAM\" \/>\n<meta property=\"article:publisher\" content=\"https:\/\/www.facebook.com\/people\/PAP-Team-Paramotors\/100063510435411\/?locale=es_ES\" \/>\n<meta property=\"article:modified_time\" content=\"2023-11-21T09:48:17+00:00\" \/>\n<meta name=\"twitter:card\" content=\"summary_large_image\" \/>\n<meta name=\"twitter:label1\" content=\"Est. reading time\" \/>\n\t<meta name=\"twitter:data1\" content=\"2 minutes\" \/>\n<script type=\"application\/ld+json\" class=\"yoast-schema-graph\">{\"@context\":\"https:\\\/\\\/schema.org\",\"@graph\":[{\"@type\":\"WebPage\",\"@id\":\"https:\\\/\\\/papteam.com\\\/cookies-policy\\\/\",\"url\":\"https:\\\/\\\/papteam.com\\\/cookies-policy\\\/\",\"name\":\"Cookies Policy - PAPTEAM\",\"isPartOf\":{\"@id\":\"https:\\\/\\\/papteam.com\\\/#website\"},\"datePublished\":\"2023-06-26T14:04:28+00:00\",\"dateModified\":\"2023-11-21T09:48:17+00:00\",\"breadcrumb\":{\"@id\":\"https:\\\/\\\/papteam.com\\\/cookies-policy\\\/#breadcrumb\"},\"inLanguage\":\"en-US\",\"potentialAction\":[{\"@type\":\"ReadAction\",\"target\":[\"https:\\\/\\\/papteam.com\\\/cookies-policy\\\/\"]}]},{\"@type\":\"BreadcrumbList\",\"@id\":\"https:\\\/\\\/papteam.com\\\/cookies-policy\\\/#breadcrumb\",\"itemListElement\":[{\"@type\":\"ListItem\",\"position\":1,\"name\":\"Portada\",\"item\":\"https:\\\/\\\/papteam.com\\\/\"},{\"@type\":\"ListItem\",\"position\":2,\"name\":\"Cookies Policy\"}]},{\"@type\":\"WebSite\",\"@id\":\"https:\\\/\\\/papteam.com\\\/#website\",\"url\":\"https:\\\/\\\/papteam.com\\\/\",\"name\":\"PAPTEAM\",\"description\":\"\",\"publisher\":{\"@id\":\"https:\\\/\\\/papteam.com\\\/#organization\"},\"potentialAction\":[{\"@type\":\"SearchAction\",\"target\":{\"@type\":\"EntryPoint\",\"urlTemplate\":\"https:\\\/\\\/papteam.com\\\/?s={search_term_string}\"},\"query-input\":{\"@type\":\"PropertyValueSpecification\",\"valueRequired\":true,\"valueName\":\"search_term_string\"}}],\"inLanguage\":\"en-US\"},{\"@type\":\"Organization\",\"@id\":\"https:\\\/\\\/papteam.com\\\/#organization\",\"name\":\"PAP paramotors\",\"url\":\"https:\\\/\\\/papteam.com\\\/\",\"logo\":{\"@type\":\"ImageObject\",\"inLanguage\":\"en-US\",\"@id\":\"https:\\\/\\\/papteam.com\\\/#\\\/schema\\\/logo\\\/image\\\/\",\"url\":\"https:\\\/\\\/papteam.com\\\/wp-content\\\/uploads\\\/2023\\\/06\\\/LOGO-PAPTEAM-negro.png\",\"contentUrl\":\"https:\\\/\\\/papteam.com\\\/wp-content\\\/uploads\\\/2023\\\/06\\\/LOGO-PAPTEAM-negro.png\",\"width\":1920,\"height\":570,\"caption\":\"PAP paramotors\"},\"image\":{\"@id\":\"https:\\\/\\\/papteam.com\\\/#\\\/schema\\\/logo\\\/image\\\/\"},\"sameAs\":[\"https:\\\/\\\/www.facebook.com\\\/people\\\/PAP-Team-Paramotors\\\/100063510435411\\\/?locale=es_ES\",\"https:\\\/\\\/www.instagram.com\\\/papteamparamotors\\\/?hl=es\"]}]}<\/script>\n<!-- \/ Yoast SEO Premium plugin. -->","yoast_head_json":{"title":"Pol\u00edtica de cookies - PAPTEAM","robots":{"index":"index","follow":"follow","max-snippet":"max-snippet:-1","max-image-preview":"max-image-preview:large","max-video-preview":"max-video-preview:-1"},"canonical":"https:\/\/papteam.com\/es\/cookies-policy\/","og_locale":"es_ES","og_type":"article","og_title":"Cookies Policy","og_description":"Utilizing cookies on users&#8217; end devices has significant implications regarding data protection. Through the use of cookies, entities obtain data related to users that can be subsequently used. Therefore, it is determined that there is a need to inform the user about the use of cookies so that they are aware of the data processing [&hellip;]","og_url":"https:\/\/papteam.com\/es\/cookies-policy\/","og_site_name":"PAPTEAM","article_publisher":"https:\/\/www.facebook.com\/people\/PAP-Team-Paramotors\/100063510435411\/?locale=es_ES","article_modified_time":"2023-11-21T09:48:17+00:00","twitter_card":"summary_large_image","twitter_misc":{"Est. reading time":"2 minutes"},"schema":{"@context":"https:\/\/schema.org","@graph":[{"@type":"WebPage","@id":"https:\/\/papteam.com\/cookies-policy\/","url":"https:\/\/papteam.com\/cookies-policy\/","name":"Pol\u00edtica de cookies - PAPTEAM","isPartOf":{"@id":"https:\/\/papteam.com\/#website"},"datePublished":"2023-06-26T14:04:28+00:00","dateModified":"2023-11-21T09:48:17+00:00","breadcrumb":{"@id":"https:\/\/papteam.com\/cookies-policy\/#breadcrumb"},"inLanguage":"en-US","potentialAction":[{"@type":"ReadAction","target":["https:\/\/papteam.com\/cookies-policy\/"]}]},{"@type":"BreadcrumbList","@id":"https:\/\/papteam.com\/cookies-policy\/#breadcrumb","itemListElement":[{"@type":"ListItem","position":1,"name":"Portada","item":"https:\/\/papteam.com\/"},{"@type":"ListItem","position":2,"name":"Cookies Policy"}]},{"@type":"WebSite","@id":"https:\/\/papteam.com\/#website","url":"https:\/\/papteam.com\/","name":"PAPTEAM","description":"","publisher":{"@id":"https:\/\/papteam.com\/#organization"},"potentialAction":[{"@type":"SearchAction","target":{"@type":"EntryPoint","urlTemplate":"https:\/\/papteam.com\/?s={search_term_string}"},"query-input":{"@type":"PropertyValueSpecification","valueRequired":true,"valueName":"search_term_string"}}],"inLanguage":"en-US"},{"@type":"Organization","@id":"https:\/\/papteam.com\/#organization","name":"Paramotores PAP","url":"https:\/\/papteam.com\/","logo":{"@type":"ImageObject","inLanguage":"en-US","@id":"https:\/\/papteam.com\/#\/schema\/logo\/image\/","url":"https:\/\/papteam.com\/wp-content\/uploads\/2023\/06\/LOGO-PAPTEAM-negro.png","contentUrl":"https:\/\/papteam.com\/wp-content\/uploads\/2023\/06\/LOGO-PAPTEAM-negro.png","width":1920,"height":570,"caption":"PAP paramotors"},"image":{"@id":"https:\/\/papteam.com\/#\/schema\/logo\/image\/"},"sameAs":["https:\/\/www.facebook.com\/people\/PAP-Team-Paramotors\/100063510435411\/?locale=es_ES","https:\/\/www.instagram.com\/papteamparamotors\/?hl=es"]}]}},"_links":{"self":[{"href":"https:\/\/papteam.com\/es\/wp-json\/wp\/v2\/pages\/35083","targetHints":{"allow":["GET"]}}],"collection":[{"href":"https:\/\/papteam.com\/es\/wp-json\/wp\/v2\/pages"}],"about":[{"href":"https:\/\/papteam.com\/es\/wp-json\/wp\/v2\/types\/page"}],"author":[{"embeddable":true,"href":"https:\/\/papteam.com\/es\/wp-json\/wp\/v2\/users\/3"}],"replies":[{"embeddable":true,"href":"https:\/\/papteam.com\/es\/wp-json\/wp\/v2\/comments?post=35083"}],"version-history":[{"count":2,"href":"https:\/\/papteam.com\/es\/wp-json\/wp\/v2\/pages\/35083\/revisions"}],"predecessor-version":[{"id":36986,"href":"https:\/\/papteam.com\/es\/wp-json\/wp\/v2\/pages\/35083\/revisions\/36986"}],"wp:attachment":[{"href":"https:\/\/papteam.com\/es\/wp-json\/wp\/v2\/media?parent=35083"}],"curies":[{"name":"wp","href":"https:\/\/api.w.org\/{rel}","templated":true}]}}