{"id":35080,"date":"2023-06-26T13:58:26","date_gmt":"2023-06-26T13:58:26","guid":{"rendered":"https:\/\/papteam.com\/?page_id=35080"},"modified":"2023-11-21T09:50:15","modified_gmt":"2023-11-21T09:50:15","slug":"refund-and-return-policy-2","status":"publish","type":"page","link":"https:\/\/papteam.com\/es\/refund-and-return-policy-2\/","title":{"rendered":"AVISO LEGAL"},"content":{"rendered":"<p>En cumplimiento de la Ley 34\/2002, de 11 de julio, de Servicios de la Sociedad de la Informaci\u00f3n y Comercio Electr\u00f3nico (LSSI-CE), PROPULSION AUXILIAR PARAPENTE SL informa que es titular del sitio web. De acuerdo con la exigencia del art\u00edculo 10 de la citada Ley, PROPULSION AUXILIAR PARAPENTE SL facilita la siguiente informaci\u00f3n:<\/p>\n\n\n\n<p>REPRESENTANTE LEGAL PROPULSION AUXILIAR PARAPENTE SL <\/p>\n\n\n\n<div class=\"wp-block-group is-vertical is-layout-flex wp-container-core-group-is-layout-fe9cc265 wp-block-group-is-layout-flex\">\n<p>IVA ID B29490372 <\/p>\n\n\n\n<p>DOMINIO <a href=\"https:\/\/papteam.com\/es\/\">www.papteam.com<\/a> <\/p>\n\n\n\n<p>DIRECCI\u00d3N POSTAL UR WATER GARDEN CALLE LA MORALEJA, LOCAL 1, 29680 ESTEPONA(M\u00c1LAGA) <\/p>\n\n\n\n<p>DIRECCI\u00d3N DE CORREO ELECTR\u00d3NICO <a href=\"mailto:INFO@PAPTEAM.COM\">INFO@PAPTEAM.COM<\/a><\/p>\n\n\n\n<p>N\u00daMEROS DE TEL\u00c9FONO 952884811 <\/p>\n<\/div>\n\n\n\n<p>REGISTRO\/DATOS ADICIONALES R\u00e9gimen de usuarios y responsabilidades La navegaci\u00f3n, acceso y uso por el sitio web de PROPULSION AUXILIAR PARAPENTE SL confiere la condici\u00f3n de usuario. El sitio web PROPULSION AUXILIAR PARAPENTE SL proporciona gran diversidad de informaci\u00f3n, servicios y datos. El usuario asume su responsabilidad en el uso correcto de la web. Dicha responsabilidad se extiende a: La veracidad y licitud de las informaciones aportadas por el usuario en los formularios extendidos por PROPULSION AUXILIAR PARAPENTE SL para el acceso a ciertos contenidos o servicios ofrecidos por el web. El uso de la informaci\u00f3n, servicios y datos ofrecidos por PROPULSION AUXILIAR PARAPENTE SL contrariamente a lo dispuesto por las presentes condiciones, la Ley, la moral, las buenas costumbres o el orden p\u00fablico, o que de cualquier otro modo puedan suponer lesi\u00f3n de los derechos de terceros o del mismo funcionamiento del sitio web. Pol\u00edtica de enlaces y exenci\u00f3n de responsabilidad PROPULSION AUXILIAR PARAPENTE SL no se hace responsable del contenido de los sitios web a los que el usuario pueda acceder a trav\u00e9s de los enlaces establecidos en su sitio web, siempre que no tenga conocimiento efectivo de que la actividad o la informaci\u00f3n a la que remite o recomienda es il\u00edcita o de que lesiona bienes o derechos de un tercero susceptibles de indemnizaci\u00f3n, o, en caso contrario, act\u00fae con diligencia para suprimir o inutilizar el enlace correspondiente. Se entender\u00e1 que PROPULSION AUXILIAR PARAPENTE SL tiene conocimiento efectivo de lo referido en el p\u00e1rrafo anterior cuando un \u00f3rgano competente haya declarado la ilicitud de los datos, ordenado su retirada o que se imposibilite el acceso a los mismos, o se haya declarado la existencia de la lesi\u00f3n, y PROPULSION AUXILIAR PARAPENTE SL haya tenido conocimiento de la correspondiente resoluci\u00f3n, sin perjuicio de los procedimientos de detecci\u00f3n y retirada de contenidos que PROPULSION AUXILIAR PARAPENTE SL aplique en virtud de acuerdos voluntarios y dem\u00e1s formas de conocimiento efectivo que puedan establecerse. PROPULSION AUXILIAR PARAPENTE SL declara haber adoptado todas las medidas necesarias para evitar cualesquiera da\u00f1os que, a los usuarios de su website, pudieran derivarse de la navegaci\u00f3n por su sitio web. En consecuencia, PROPULSION AUXILIAR PARAPENTE SL no se hace responsable, en ning\u00fan caso, de los eventuales da\u00f1os que por la navegaci\u00f3n por Internet pudiera sufrir el usuario. Asimismo, tampoco garantizar\u00e1 la disponibilidad t\u00e9cnica, exactitud, veracidad, validez o legalidad de sitios ajenos a su propiedad a los que se pueda acceder por medio de los enlaces. Modificaciones PROPULSION AUXILIAR PARAPENTE SL se reserva el derecho a realizar las modificaciones que considere oportunas, sin aviso previo, en el contenido de su sitio web. Tanto en lo referente a los contenidos del sitio web, como en las condiciones de uso del mismo, o en las condiciones generales de contrataci\u00f3n. Las modificaciones referidas en este apartado no afectar\u00e1n a las contrataciones realizadas con anterioridad a la fecha de publicaci\u00f3n de las mismas. Dichas modificaciones podr\u00e1n realizarse, a trav\u00e9s de su website, por cualquier forma admisible en derecho y ser\u00e1n de obligado cumplimiento durante el tiempo en que se encuentren publicadas en la web y hasta que no sean modificadas v\u00e1lidamente por otras posteriores. Indicaci\u00f3n de precios En el caso de que se muestren precios de productos y\/o servicios, los mostrados en pantalla ser\u00e1n los vigentes en cada momento. Los precios se indicar\u00e1n en euros e incluir\u00e1n el Impuesto sobre el Valor A\u00f1adido (IVA). En caso de que el IVA no est\u00e9 incluido en el precio, se indicar\u00e1 expresamente, y se permitir\u00e1 al usuario visualizar el precio final completo. Asimismo, si fuera de aplicaci\u00f3n cualquier otro impuesto, se indicar\u00e1, incluyendo, en su caso, el importe de los incrementos o descuentos que se apliquen a la oferta y los gastos adicionales que pudieran corresponder al consumidor o usuario. Propiedad Intelectual e Industrial PROPULSION AUXILIAR PARAPENTE SL por s\u00ed o como cesionaria, es titular de todos los derechos de propiedad intelectual e industrial de su p\u00e1gina web, as\u00ed como de los elementos contenidos en la misma (a t\u00edtulo enunciativo, im\u00e1genes, sonido, audio, v\u00eddeo, software o textos; marcas o logotipos, combinaciones de colores, estructura y dise\u00f1o, selecci\u00f3n de materiales usados, programas de ordenador necesarios para su funcionamiento, acceso y uso, etc.), titularidad de PROPULSION AUXILIAR PARAPENTE SL. Ser\u00e1n, en consecuencia, obras protegidas como propiedad intelectual por el ordenamiento jur\u00eddico espa\u00f1ol, siendo de aplicaci\u00f3n tanto la normativa espa\u00f1ola y comunitaria en la materia, como los tratados internacionales sobre la materia y suscritos por Espa\u00f1a. Quedan reservados todos los derechos. En virtud de lo dispuesto en la Ley de Propiedad Intelectual, quedan expresamente prohibidas la reproducci\u00f3n, la distribuci\u00f3n y la comunicaci\u00f3n p\u00fablica, incluida su modalidad de puesta a disposici\u00f3n, de la totalidad o parte de los contenidos de esta p\u00e1gina web, con fines comerciales, en cualquier soporte y por cualquier medio t\u00e9cnico, sin la autorizaci\u00f3n de PROPULSION AUXILIAR PARAPENTE SL. El usuario se compromete a respetar los derechos de Propiedad Intelectual e Industrial titularidad de PROPULSION AUXILIAR PARAPENTE SL. Podr\u00e1 visualizar los elementos del portal e incluso imprimirlos, copiarlos y almacenarlos en el disco duro de su ordenador o en cualquier otro soporte f\u00edsico siempre y cuando sea, \u00fanica y exclusivamente, para su uso personal y privado. El usuario deber\u00e1 abstenerse de suprimir, alterar, eludir o manipular cualquier dispositivo de protecci\u00f3n o sistema de seguridad que estuviera instalado en el las p\u00e1ginas de PROPULSION AUXILIAR PARAPENTE SL. Certificado SSL (Secure Sockets Layer) El CERTIFICADO SSL proporciona autenticaci\u00f3n, privacidad y seguridad de la informaci\u00f3n entre PROPULSION AUXILIAR PARAPENTE SL y el usuario. PROPULSION AUXILIAR PARAPENTE SL dispone de un certificado de seguridad que es utilizado por el CERTIFICADO SSL para realizar conexiones seguras. En este proceso se establecen varios par\u00e1metros para realizar la conexi\u00f3n de forma segura, y se establece mediante claves preestablecidas, codificando y decodificando todos los datos enviados hasta que se cierra la conexi\u00f3n. Acciones Legales, Legislaci\u00f3n Aplicable y Jurisdicci\u00f3n Si el usuario desea presentar una reclamaci\u00f3n, deber\u00e1 ponerse en contacto a trav\u00e9s del correo electr\u00f3nico <a href=\"mailto:INFO@PAPTEAM.COM\">INFO@PAPTEAM.COM<\/a>. Asimismo, PROPULSION AUXILIAR PARAPENTE SL dispone de formularios oficiales de reclamaciones a disposici\u00f3n de los consumidores y usuarios. PROPULSION AUXILIAR PARAPENTE SL se reserva la facultad de presentar las acciones civiles o penales que considere oportunas por la utilizaci\u00f3n indebida de su sitio web y contenidos, o por el incumplimiento de las presentes condiciones. La relaci\u00f3n entre el usuario y el prestador se regir\u00e1 por la normativa vigente y de aplicaci\u00f3n en el territorio espa\u00f1ol. En caso de controversia, las partes podr\u00e1n someter sus conflictos a arbitraje o acudir a la jurisdicci\u00f3n ordinaria cumpliendo con las normas sobre jurisdicci\u00f3n y competencia al respecto. PROPULSI\u00d3N AUXILIAR PARAPENTE SL tiene su domicilio social en M\u00c1LAGA, Espa\u00f1a. Los contratos celebrados por v\u00eda electr\u00f3nica en los que intervenga un consumidor, se presumir\u00e1n celebrados en el lugar donde el consumidor tenga su residencia habitual. Los contratos celebrados por v\u00eda electr\u00f3nica entre empresarios o profesionales, a falta de acuerdo entre las partes, se presumir\u00e1n celebrados en el lugar donde tenga su establecimiento el prestador del servicio. Resoluci\u00f3n de litigios en l\u00ednea de conformidad con el Art. 14.1 del Reglamento (UE) 524\/2013: La Comisi\u00f3n Europea pone a disposici\u00f3n una plataforma de resoluci\u00f3n de litigios en l\u00ednea, disponible en el siguiente enlace: <a href=\"https:\/\/ec.europa.eu\/consumers\/odr\/\">https:\/\/ec.europa.eu\/consumers\/odr\/<\/a> \u00daltima actualizaci\u00f3n: 7 de septiembre de 2023<\/p>","protected":false},"excerpt":{"rendered":"<p>In compliance with Law 34\/2002, of July 11, on Information Society Services and Electronic Commerce (LSSI-CE), PROPULSION AUXILIAR PARAPENTE SL informs that it owns the website. In accordance with the requirement of Article 10 of the aforementioned Law, PROPULSION AUXILIAR PARAPENTE SL provides the following information: LEGAL REPRESENTATIVE PROPULSION AUXILIAR PARAPENTE SL VAT ID B29490372 [&hellip;]<\/p>\n","protected":false},"author":3,"featured_media":0,"parent":0,"menu_order":0,"comment_status":"closed","ping_status":"closed","template":"","meta":{"content-type":"","footnotes":""},"class_list":["post-35080","page","type-page","status-publish","hentry"],"yoast_head":"<!-- This site is optimized with the Yoast SEO Premium plugin v24.0 (Yoast SEO v27.4) - https:\/\/yoast.com\/product\/yoast-seo-premium-wordpress\/ -->\n<title>LEGAL NOTICE\u200b - PAPTEAM<\/title>\n<meta name=\"robots\" content=\"index, follow, max-snippet:-1, max-image-preview:large, max-video-preview:-1\" \/>\n<link rel=\"canonical\" href=\"https:\/\/papteam.com\/es\/refund-and-return-policy-2\/\" \/>\n<meta property=\"og:locale\" content=\"es_ES\" \/>\n<meta property=\"og:type\" content=\"article\" \/>\n<meta property=\"og:title\" content=\"LEGAL NOTICE\u200b\" \/>\n<meta property=\"og:description\" content=\"In compliance with Law 34\/2002, of July 11, on Information Society Services and Electronic Commerce (LSSI-CE), PROPULSION AUXILIAR PARAPENTE SL informs that it owns the website. In accordance with the requirement of Article 10 of the aforementioned Law, PROPULSION AUXILIAR PARAPENTE SL provides the following information: LEGAL REPRESENTATIVE PROPULSION AUXILIAR PARAPENTE SL VAT ID B29490372 [&hellip;]\" \/>\n<meta property=\"og:url\" content=\"https:\/\/papteam.com\/es\/refund-and-return-policy-2\/\" \/>\n<meta property=\"og:site_name\" content=\"PAPTEAM\" \/>\n<meta property=\"article:publisher\" content=\"https:\/\/www.facebook.com\/people\/PAP-Team-Paramotors\/100063510435411\/?locale=es_ES\" \/>\n<meta property=\"article:modified_time\" content=\"2023-11-21T09:50:15+00:00\" \/>\n<meta name=\"twitter:card\" content=\"summary_large_image\" \/>\n<meta name=\"twitter:label1\" content=\"Est. reading time\" \/>\n\t<meta name=\"twitter:data1\" content=\"6 minutes\" \/>\n<script type=\"application\/ld+json\" class=\"yoast-schema-graph\">{\"@context\":\"https:\\\/\\\/schema.org\",\"@graph\":[{\"@type\":\"WebPage\",\"@id\":\"https:\\\/\\\/papteam.com\\\/refund-and-return-policy-2\\\/\",\"url\":\"https:\\\/\\\/papteam.com\\\/refund-and-return-policy-2\\\/\",\"name\":\"LEGAL NOTICE\u200b - PAPTEAM\",\"isPartOf\":{\"@id\":\"https:\\\/\\\/papteam.com\\\/#website\"},\"datePublished\":\"2023-06-26T13:58:26+00:00\",\"dateModified\":\"2023-11-21T09:50:15+00:00\",\"breadcrumb\":{\"@id\":\"https:\\\/\\\/papteam.com\\\/refund-and-return-policy-2\\\/#breadcrumb\"},\"inLanguage\":\"en-US\",\"potentialAction\":[{\"@type\":\"ReadAction\",\"target\":[\"https:\\\/\\\/papteam.com\\\/refund-and-return-policy-2\\\/\"]}]},{\"@type\":\"BreadcrumbList\",\"@id\":\"https:\\\/\\\/papteam.com\\\/refund-and-return-policy-2\\\/#breadcrumb\",\"itemListElement\":[{\"@type\":\"ListItem\",\"position\":1,\"name\":\"Portada\",\"item\":\"https:\\\/\\\/papteam.com\\\/\"},{\"@type\":\"ListItem\",\"position\":2,\"name\":\"LEGAL NOTICE\u200b\"}]},{\"@type\":\"WebSite\",\"@id\":\"https:\\\/\\\/papteam.com\\\/#website\",\"url\":\"https:\\\/\\\/papteam.com\\\/\",\"name\":\"PAPTEAM\",\"description\":\"\",\"publisher\":{\"@id\":\"https:\\\/\\\/papteam.com\\\/#organization\"},\"potentialAction\":[{\"@type\":\"SearchAction\",\"target\":{\"@type\":\"EntryPoint\",\"urlTemplate\":\"https:\\\/\\\/papteam.com\\\/?s={search_term_string}\"},\"query-input\":{\"@type\":\"PropertyValueSpecification\",\"valueRequired\":true,\"valueName\":\"search_term_string\"}}],\"inLanguage\":\"en-US\"},{\"@type\":\"Organization\",\"@id\":\"https:\\\/\\\/papteam.com\\\/#organization\",\"name\":\"PAP paramotors\",\"url\":\"https:\\\/\\\/papteam.com\\\/\",\"logo\":{\"@type\":\"ImageObject\",\"inLanguage\":\"en-US\",\"@id\":\"https:\\\/\\\/papteam.com\\\/#\\\/schema\\\/logo\\\/image\\\/\",\"url\":\"https:\\\/\\\/papteam.com\\\/wp-content\\\/uploads\\\/2023\\\/06\\\/LOGO-PAPTEAM-negro.png\",\"contentUrl\":\"https:\\\/\\\/papteam.com\\\/wp-content\\\/uploads\\\/2023\\\/06\\\/LOGO-PAPTEAM-negro.png\",\"width\":1920,\"height\":570,\"caption\":\"PAP paramotors\"},\"image\":{\"@id\":\"https:\\\/\\\/papteam.com\\\/#\\\/schema\\\/logo\\\/image\\\/\"},\"sameAs\":[\"https:\\\/\\\/www.facebook.com\\\/people\\\/PAP-Team-Paramotors\\\/100063510435411\\\/?locale=es_ES\",\"https:\\\/\\\/www.instagram.com\\\/papteamparamotors\\\/?hl=es\"]}]}<\/script>\n<!-- \/ Yoast SEO Premium plugin. -->","yoast_head_json":{"title":"AVISO LEGAL - PAPTEAM","robots":{"index":"index","follow":"follow","max-snippet":"max-snippet:-1","max-image-preview":"max-image-preview:large","max-video-preview":"max-video-preview:-1"},"canonical":"https:\/\/papteam.com\/es\/refund-and-return-policy-2\/","og_locale":"es_ES","og_type":"article","og_title":"LEGAL NOTICE\u200b","og_description":"In compliance with Law 34\/2002, of July 11, on Information Society Services and Electronic Commerce (LSSI-CE), PROPULSION AUXILIAR PARAPENTE SL informs that it owns the website. In accordance with the requirement of Article 10 of the aforementioned Law, PROPULSION AUXILIAR PARAPENTE SL provides the following information: LEGAL REPRESENTATIVE PROPULSION AUXILIAR PARAPENTE SL VAT ID B29490372 [&hellip;]","og_url":"https:\/\/papteam.com\/es\/refund-and-return-policy-2\/","og_site_name":"PAPTEAM","article_publisher":"https:\/\/www.facebook.com\/people\/PAP-Team-Paramotors\/100063510435411\/?locale=es_ES","article_modified_time":"2023-11-21T09:50:15+00:00","twitter_card":"summary_large_image","twitter_misc":{"Est. reading time":"6 minutes"},"schema":{"@context":"https:\/\/schema.org","@graph":[{"@type":"WebPage","@id":"https:\/\/papteam.com\/refund-and-return-policy-2\/","url":"https:\/\/papteam.com\/refund-and-return-policy-2\/","name":"AVISO LEGAL - PAPTEAM","isPartOf":{"@id":"https:\/\/papteam.com\/#website"},"datePublished":"2023-06-26T13:58:26+00:00","dateModified":"2023-11-21T09:50:15+00:00","breadcrumb":{"@id":"https:\/\/papteam.com\/refund-and-return-policy-2\/#breadcrumb"},"inLanguage":"en-US","potentialAction":[{"@type":"ReadAction","target":["https:\/\/papteam.com\/refund-and-return-policy-2\/"]}]},{"@type":"BreadcrumbList","@id":"https:\/\/papteam.com\/refund-and-return-policy-2\/#breadcrumb","itemListElement":[{"@type":"ListItem","position":1,"name":"Portada","item":"https:\/\/papteam.com\/"},{"@type":"ListItem","position":2,"name":"LEGAL NOTICE\u200b"}]},{"@type":"WebSite","@id":"https:\/\/papteam.com\/#website","url":"https:\/\/papteam.com\/","name":"PAPTEAM","description":"","publisher":{"@id":"https:\/\/papteam.com\/#organization"},"potentialAction":[{"@type":"SearchAction","target":{"@type":"EntryPoint","urlTemplate":"https:\/\/papteam.com\/?s={search_term_string}"},"query-input":{"@type":"PropertyValueSpecification","valueRequired":true,"valueName":"search_term_string"}}],"inLanguage":"en-US"},{"@type":"Organization","@id":"https:\/\/papteam.com\/#organization","name":"Paramotores PAP","url":"https:\/\/papteam.com\/","logo":{"@type":"ImageObject","inLanguage":"en-US","@id":"https:\/\/papteam.com\/#\/schema\/logo\/image\/","url":"https:\/\/papteam.com\/wp-content\/uploads\/2023\/06\/LOGO-PAPTEAM-negro.png","contentUrl":"https:\/\/papteam.com\/wp-content\/uploads\/2023\/06\/LOGO-PAPTEAM-negro.png","width":1920,"height":570,"caption":"PAP paramotors"},"image":{"@id":"https:\/\/papteam.com\/#\/schema\/logo\/image\/"},"sameAs":["https:\/\/www.facebook.com\/people\/PAP-Team-Paramotors\/100063510435411\/?locale=es_ES","https:\/\/www.instagram.com\/papteamparamotors\/?hl=es"]}]}},"_links":{"self":[{"href":"https:\/\/papteam.com\/es\/wp-json\/wp\/v2\/pages\/35080","targetHints":{"allow":["GET"]}}],"collection":[{"href":"https:\/\/papteam.com\/es\/wp-json\/wp\/v2\/pages"}],"about":[{"href":"https:\/\/papteam.com\/es\/wp-json\/wp\/v2\/types\/page"}],"author":[{"embeddable":true,"href":"https:\/\/papteam.com\/es\/wp-json\/wp\/v2\/users\/3"}],"replies":[{"embeddable":true,"href":"https:\/\/papteam.com\/es\/wp-json\/wp\/v2\/comments?post=35080"}],"version-history":[{"count":3,"href":"https:\/\/papteam.com\/es\/wp-json\/wp\/v2\/pages\/35080\/revisions"}],"predecessor-version":[{"id":36987,"href":"https:\/\/papteam.com\/es\/wp-json\/wp\/v2\/pages\/35080\/revisions\/36987"}],"wp:attachment":[{"href":"https:\/\/papteam.com\/es\/wp-json\/wp\/v2\/media?parent=35080"}],"curies":[{"name":"wp","href":"https:\/\/api.w.org\/{rel}","templated":true}]}}